{"id":1703,"date":"2025-06-26T14:02:47","date_gmt":"2025-06-26T14:02:47","guid":{"rendered":"https:\/\/chat-to-strangers.com\/?page_id=1703"},"modified":"2025-06-26T14:02:50","modified_gmt":"2025-06-26T14:02:50","slug":"terms","status":"publish","type":"page","link":"https:\/\/chat-to-strangers.com\/es\/terms\/","title":{"rendered":"T\u00e9rminos"},"content":{"rendered":"<p>Al utilizar nuestro Servicio, usted acepta lo siguiente:<\/p>\n\n\n\n<ul class=\"wp-block-list\">\n<li>Tienes 18 a\u00f1os o m\u00e1s.<\/li>\n\n\n\n<li>Ha le\u00eddo y comprendido estos T\u00e9rminos y nuestra Pol\u00edtica de Privacidad.<\/li>\n\n\n\n<li>Usted acepta cumplir con nuestras <a href=\"https:\/\/chat-to-strangers.com\/es\/guidelines\/\">Principios de la Comunidad<\/a>.<\/li>\n<\/ul>\n\n\n\n<h3 class=\"wp-block-heading\">Entendiendo lo que somos<\/h3>\n\n\n\n<p><strong><a href=\"https:\/\/chat-to-strangers.com\/es\/roulette-chat\/\">Charlar<\/a> a <a href=\"https:\/\/chat-to-strangers.com\/es\/talk-to-strangers\/\">Extra\u00f1os<\/a><\/strong> Es una aplicaci\u00f3n de chat que te permite conectar y comunicarte con otros usuarios mediante mensajer\u00eda instant\u00e1nea. Parte del contenido compartido en la plataforma puede enlazar a sitios web externos que no alojamos. Consulta la Secci\u00f3n 6: Otros sitios web enlazados.<\/p>\n\n\n\n<hr class=\"wp-block-separator has-alpha-channel-opacity\"\/>\n\n\n\n<h3 class=\"wp-block-heading\">1. Cuentas<\/h3>\n\n\n\n<p>Como no existe un sistema de registro, usted es el \u00fanico responsable de la confidencialidad y seguridad de cualquier dispositivo o plataforma que utilice para acceder. <strong><a href=\"https:\/\/chat-to-strangers.com\/es\/safe-websites-to-talk-to-strangers\/\">Chat to Strangers<\/a><\/strong>Usted acepta la responsabilidad de todas las actividades o acciones que ocurran en su dispositivo mientras utiliza nuestro servicio.<\/p>\n\n\n\n<h3 class=\"wp-block-heading\">2. Terminaci\u00f3n<\/h3>\n\n\n\n<p>Nos reservamos el derecho de suspender o terminar el acceso a nuestros servicios inmediatamente, sin previo aviso ni responsabilidad, por cualquier motivo, incluida, entre otras, la violaci\u00f3n de estos T\u00e9rminos.<\/p>\n\n\n\n<h3 class=\"wp-block-heading\">3. Normas de la comunidad<\/h3>\n\n\n\n<p>Nuestra actualidad <a href=\"https:\/\/chat-to-strangers.com\/es\/guidelines\/\">Principios de la Comunidad<\/a>.<\/p>\n\n\n\n<h3 class=\"wp-block-heading\">4. Contenido<\/h3>\n\n\n\n<p>Nuestro Servicio te permite publicar, almacenar, compartir y, de otro modo, poner a disposici\u00f3n cierta informaci\u00f3n, texto, gr\u00e1ficos o v\u00eddeos (\u00abContenido\u00bb). Eres responsable del contenido que compartas a trav\u00e9s de nuestro Servicio. Los tipos de contenido permitidos o prohibidos se detallan en nuestras Normas de la Comunidad. Te comprometes a no subir ni compartir contenido que infrinja este Acuerdo, nuestras Normas, los derechos de otros usuarios o que pueda considerarse inapropiado u ofensivo.<\/p>\n\n\n\n<h3 class=\"wp-block-heading\">5. Moderaci\u00f3n de chat y v\u00eddeo<\/h3>\n\n\n\n<p>Al usar nuestra plataforma, reconoces y aceptas que los mensajes denunciados o marcados pueden ser revisados por moderadores. Esto es esencial para mantener una comunidad segura y respetuosa. Tanto los sistemas automatizados como los moderadores humanos pueden revisar los chats y las transmisiones de video denunciadas. Consulta nuestras Normas de la Comunidad para obtener m\u00e1s informaci\u00f3n.<\/p>\n\n\n\n<h3 class=\"wp-block-heading\">6. Otros sitios web vinculados<\/h3>\n\n\n\n<p>Nuestro Servicio puede contener enlaces a sitios web de terceros que no operamos. Si hace clic en un enlace de un tercero, ser\u00e1 redirigido a su sitio. Le recomendamos encarecidamente que revise la Pol\u00edtica de Privacidad de cada sitio web que visite (incluidas redes sociales como Twitter o Instagram).<\/p>\n\n\n\n<p>No tenemos control ni asumimos ninguna responsabilidad por el contenido, las pol\u00edticas de privacidad o las pr\u00e1cticas de sitios web o servicios de terceros.<\/p>\n\n\n\n<h3 class=\"wp-block-heading\">7. Garant\u00eda<\/h3>\n\n\n\n<p><strong>Chat to Strangers<\/strong> Se proporciona &quot;tal cual&quot;, sin garant\u00edas de ning\u00fan tipo. No nos responsabilizamos de los resultados del uso de nuestro servicio. No nos hacemos responsables del contenido compartido en instancias alojadas por nosotros mismos, como se indica en nuestras Normas de la Comunidad.<\/p>\n\n\n\n<h3 class=\"wp-block-heading\">8. Derechos de propiedad intelectual<\/h3>\n\n\n\n<p><strong>Chat to Strangers<\/strong> y sus propietarios poseen y\/o tienen derecho a usar todos los derechos de propiedad intelectual de nuestros servicios. Esto incluye el c\u00f3digo fuente, las bases de datos, la funcionalidad, el software, el dise\u00f1o del sitio web, el audio, el v\u00eddeo, el texto, las fotograf\u00edas y los gr\u00e1ficos, as\u00ed como todas las marcas comerciales, marcas de servicio y logotipos. Estos est\u00e1n protegidos por derechos de autor, marcas registradas y otras leyes internacionales. El contenido y las marcas comerciales se proporcionan exclusivamente para su uso personal y no comercial, y se ofrecen &quot;tal cual&quot;.<\/p>\n\n\n\n<h3 class=\"wp-block-heading\">9. Actividades prohibidas<\/h3>\n\n\n\n<p>Usted acepta no:<\/p>\n\n\n\n<ul class=\"wp-block-list\">\n<li>Probar la vulnerabilidad de nuestros sistemas o intentar eludir las medidas de seguridad.<\/li>\n\n\n\n<li>Utilice sistemas automatizados (como ara\u00f1as o herramientas de miner\u00eda de datos) para acceder o descargar contenido.<\/li>\n\n\n\n<li>Falsificar encabezados, manipular informaci\u00f3n de identificaci\u00f3n, realizar ingenier\u00eda inversa de cualquier software o interrumpir el servicio para otros usuarios mediante sobrecarga, env\u00edo de spam o virus.<\/li>\n\n\n\n<li>Anime o ayude a otros a llevar a cabo cualquiera de estas acciones.<\/li>\n<\/ul>\n\n\n\n<h3 class=\"wp-block-heading\">10. Limitaci\u00f3n de responsabilidad<\/h3>\n\n\n\n<p><strong>Chat to Strangers<\/strong> no asume ninguna responsabilidad por las acciones realizadas por los usuarios ni por ning\u00fan contenido proporcionado por ellos.<\/p>\n\n\n\n<p>Declinamos toda responsabilidad por cualquier problema derivado del uso de nuestro sitio web, incluyendo demandas, sanciones, reclamaciones, da\u00f1os, obligaciones, gastos o p\u00e9rdidas de cualquier tipo, ya sean directas, indirectas, incidentales o punitivas. Esto incluye, entre otros, da\u00f1os derivados de negligencia, interrupciones del servicio, p\u00e9rdida de datos, da\u00f1os de hardware debido a virus, p\u00e9rdida de ingresos, oportunidades perdidas, incumplimientos contractuales o reclamaciones de terceros.<\/p>\n\n\n\n<h3 class=\"wp-block-heading\">11. Cambios<\/h3>\n\n\n\n<p>Podemos actualizar estos T\u00e9rminos de Servicio a medida que nuestros servicios evolucionen. Le recomendamos revisarlos peri\u00f3dicamente. Cualquier cambio entra en vigor inmediatamente despu\u00e9s de su publicaci\u00f3n en esta p\u00e1gina.<\/p>\n\n\n\n<p>Si bien ocasionalmente notificamos a los usuarios sobre actualizaciones, es su responsabilidad verificar los cambios. Si no acepta estos T\u00e9rminos, deber\u00e1 dejar de usar nuestro sitio web.<\/p>","protected":false},"excerpt":{"rendered":"<p>By using our Service, you agree to the following: Understanding What We Are Chat to Strangers is a chat application that enables you to connect and communicate with other users via instant messaging. Some content shared on the platform may link to external websites not hosted by us. See Section 6: Other Linked Websites. 1. [&hellip;]<\/p>\n","protected":false},"author":1,"featured_media":0,"parent":0,"menu_order":0,"comment_status":"closed","ping_status":"closed","template":"","meta":{"footnotes":""},"class_list":["post-1703","page","type-page","status-publish","hentry"],"yoast_head":"<!-- This site is optimized with the Yoast SEO plugin v27.4 - https:\/\/yoast.com\/product\/yoast-seo-wordpress\/ -->\n<title>Terms - Chat to Strangers<\/title>\n<meta name=\"robots\" content=\"index, follow, max-snippet:-1, max-image-preview:large, max-video-preview:-1\" \/>\n<link rel=\"canonical\" href=\"https:\/\/chat-to-strangers.com\/es\/terms\/\" \/>\n<meta property=\"og:locale\" content=\"es_ES\" \/>\n<meta property=\"og:type\" content=\"article\" \/>\n<meta property=\"og:title\" content=\"Terms - Chat to Strangers\" \/>\n<meta property=\"og:description\" content=\"By using our Service, you agree to the following: Understanding What We Are Chat to Strangers is a chat application that enables you to connect and communicate with other users via instant messaging. Some content shared on the platform may link to external websites not hosted by us. See Section 6: Other Linked Websites. 1. [&hellip;]\" \/>\n<meta property=\"og:url\" content=\"https:\/\/chat-to-strangers.com\/es\/terms\/\" \/>\n<meta property=\"og:site_name\" content=\"Chat to Strangers\" \/>\n<meta property=\"article:modified_time\" content=\"2025-06-26T14:02:50+00:00\" \/>\n<meta name=\"twitter:card\" content=\"summary_large_image\" \/>\n<meta name=\"twitter:label1\" content=\"Tiempo de lectura\" \/>\n\t<meta name=\"twitter:data1\" content=\"4 minutos\" \/>\n<script type=\"application\/ld+json\" class=\"yoast-schema-graph\">{\"@context\":\"https:\\\/\\\/schema.org\",\"@graph\":[{\"@type\":\"WebPage\",\"@id\":\"https:\\\/\\\/chat-to-strangers.com\\\/terms\\\/\",\"url\":\"https:\\\/\\\/chat-to-strangers.com\\\/terms\\\/\",\"name\":\"Terms - Chat to Strangers\",\"isPartOf\":{\"@id\":\"https:\\\/\\\/chat-to-strangers.com\\\/#website\"},\"datePublished\":\"2025-06-26T14:02:47+00:00\",\"dateModified\":\"2025-06-26T14:02:50+00:00\",\"breadcrumb\":{\"@id\":\"https:\\\/\\\/chat-to-strangers.com\\\/terms\\\/#breadcrumb\"},\"inLanguage\":\"es\",\"potentialAction\":[{\"@type\":\"ReadAction\",\"target\":[\"https:\\\/\\\/chat-to-strangers.com\\\/terms\\\/\"]}]},{\"@type\":\"BreadcrumbList\",\"@id\":\"https:\\\/\\\/chat-to-strangers.com\\\/terms\\\/#breadcrumb\",\"itemListElement\":[{\"@type\":\"ListItem\",\"position\":1,\"name\":\"Home\",\"item\":\"https:\\\/\\\/chat-to-strangers.com\\\/\"},{\"@type\":\"ListItem\",\"position\":2,\"name\":\"Terms\"}]},{\"@type\":\"WebSite\",\"@id\":\"https:\\\/\\\/chat-to-strangers.com\\\/#website\",\"url\":\"https:\\\/\\\/chat-to-strangers.com\\\/\",\"name\":\"Chat to Strangers\",\"description\":\"Connecting strangers from all over the world\",\"publisher\":{\"@id\":\"https:\\\/\\\/chat-to-strangers.com\\\/#organization\"},\"potentialAction\":[{\"@type\":\"SearchAction\",\"target\":{\"@type\":\"EntryPoint\",\"urlTemplate\":\"https:\\\/\\\/chat-to-strangers.com\\\/?s={search_term_string}\"},\"query-input\":{\"@type\":\"PropertyValueSpecification\",\"valueRequired\":true,\"valueName\":\"search_term_string\"}}],\"inLanguage\":\"es\"},{\"@type\":\"Organization\",\"@id\":\"https:\\\/\\\/chat-to-strangers.com\\\/#organization\",\"name\":\"Chat to Strangers\",\"url\":\"https:\\\/\\\/chat-to-strangers.com\\\/\",\"logo\":{\"@type\":\"ImageObject\",\"inLanguage\":\"es\",\"@id\":\"https:\\\/\\\/chat-to-strangers.com\\\/#\\\/schema\\\/logo\\\/image\\\/\",\"url\":\"https:\\\/\\\/chat-to-strangers.com\\\/wp-content\\\/uploads\\\/2025\\\/06\\\/cropped-chat-to-strangers-logo.png\",\"contentUrl\":\"https:\\\/\\\/chat-to-strangers.com\\\/wp-content\\\/uploads\\\/2025\\\/06\\\/cropped-chat-to-strangers-logo.png\",\"width\":1024,\"height\":298,\"caption\":\"Chat to Strangers\"},\"image\":{\"@id\":\"https:\\\/\\\/chat-to-strangers.com\\\/#\\\/schema\\\/logo\\\/image\\\/\"}}]}<\/script>\n<!-- \/ Yoast SEO plugin. -->","yoast_head_json":{"title":"T\u00e9rminos - Chat to Strangers","robots":{"index":"index","follow":"follow","max-snippet":"max-snippet:-1","max-image-preview":"max-image-preview:large","max-video-preview":"max-video-preview:-1"},"canonical":"https:\/\/chat-to-strangers.com\/es\/terms\/","og_locale":"es_ES","og_type":"article","og_title":"Terms - Chat to Strangers","og_description":"By using our Service, you agree to the following: Understanding What We Are Chat to Strangers is a chat application that enables you to connect and communicate with other users via instant messaging. Some content shared on the platform may link to external websites not hosted by us. See Section 6: Other Linked Websites. 1. [&hellip;]","og_url":"https:\/\/chat-to-strangers.com\/es\/terms\/","og_site_name":"Chat to Strangers","article_modified_time":"2025-06-26T14:02:50+00:00","twitter_card":"summary_large_image","twitter_misc":{"Tiempo de lectura":"4 minutos"},"schema":{"@context":"https:\/\/schema.org","@graph":[{"@type":"WebPage","@id":"https:\/\/chat-to-strangers.com\/terms\/","url":"https:\/\/chat-to-strangers.com\/terms\/","name":"T\u00e9rminos - Chat to Strangers","isPartOf":{"@id":"https:\/\/chat-to-strangers.com\/#website"},"datePublished":"2025-06-26T14:02:47+00:00","dateModified":"2025-06-26T14:02:50+00:00","breadcrumb":{"@id":"https:\/\/chat-to-strangers.com\/terms\/#breadcrumb"},"inLanguage":"es","potentialAction":[{"@type":"ReadAction","target":["https:\/\/chat-to-strangers.com\/terms\/"]}]},{"@type":"BreadcrumbList","@id":"https:\/\/chat-to-strangers.com\/terms\/#breadcrumb","itemListElement":[{"@type":"ListItem","position":1,"name":"Home","item":"https:\/\/chat-to-strangers.com\/"},{"@type":"ListItem","position":2,"name":"Terms"}]},{"@type":"WebSite","@id":"https:\/\/chat-to-strangers.com\/#website","url":"https:\/\/chat-to-strangers.com\/","name":"Chat to Strangers","description":"Conectando extra\u00f1os de todo el mundo","publisher":{"@id":"https:\/\/chat-to-strangers.com\/#organization"},"potentialAction":[{"@type":"SearchAction","target":{"@type":"EntryPoint","urlTemplate":"https:\/\/chat-to-strangers.com\/?s={search_term_string}"},"query-input":{"@type":"PropertyValueSpecification","valueRequired":true,"valueName":"search_term_string"}}],"inLanguage":"es"},{"@type":"Organization","@id":"https:\/\/chat-to-strangers.com\/#organization","name":"Chat to Strangers","url":"https:\/\/chat-to-strangers.com\/","logo":{"@type":"ImageObject","inLanguage":"es","@id":"https:\/\/chat-to-strangers.com\/#\/schema\/logo\/image\/","url":"https:\/\/chat-to-strangers.com\/wp-content\/uploads\/2025\/06\/cropped-chat-to-strangers-logo.png","contentUrl":"https:\/\/chat-to-strangers.com\/wp-content\/uploads\/2025\/06\/cropped-chat-to-strangers-logo.png","width":1024,"height":298,"caption":"Chat to Strangers"},"image":{"@id":"https:\/\/chat-to-strangers.com\/#\/schema\/logo\/image\/"}}]}},"_links":{"self":[{"href":"https:\/\/chat-to-strangers.com\/es\/wp-json\/wp\/v2\/pages\/1703","targetHints":{"allow":["GET"]}}],"collection":[{"href":"https:\/\/chat-to-strangers.com\/es\/wp-json\/wp\/v2\/pages"}],"about":[{"href":"https:\/\/chat-to-strangers.com\/es\/wp-json\/wp\/v2\/types\/page"}],"author":[{"embeddable":true,"href":"https:\/\/chat-to-strangers.com\/es\/wp-json\/wp\/v2\/users\/1"}],"replies":[{"embeddable":true,"href":"https:\/\/chat-to-strangers.com\/es\/wp-json\/wp\/v2\/comments?post=1703"}],"version-history":[{"count":1,"href":"https:\/\/chat-to-strangers.com\/es\/wp-json\/wp\/v2\/pages\/1703\/revisions"}],"predecessor-version":[{"id":1704,"href":"https:\/\/chat-to-strangers.com\/es\/wp-json\/wp\/v2\/pages\/1703\/revisions\/1704"}],"wp:attachment":[{"href":"https:\/\/chat-to-strangers.com\/es\/wp-json\/wp\/v2\/media?parent=1703"}],"curies":[{"name":"gracias","href":"https:\/\/api.w.org\/{rel}","templated":true}]}}