{"id":1703,"date":"2025-06-26T14:02:47","date_gmt":"2025-06-26T14:02:47","guid":{"rendered":"https:\/\/chat-to-strangers.com\/?page_id=1703"},"modified":"2025-06-26T14:02:50","modified_gmt":"2025-06-26T14:02:50","slug":"terms","status":"publish","type":"page","link":"https:\/\/chat-to-strangers.com\/fr\/terms\/","title":{"rendered":"Termes"},"content":{"rendered":"<p>En utilisant notre service, vous acceptez ce qui suit :<\/p>\n\n\n\n<ul class=\"wp-block-list\">\n<li>Vous avez 18 ans ou plus.<\/li>\n\n\n\n<li>Vous avez lu et compris ces conditions et notre politique de confidentialit\u00e9.<\/li>\n\n\n\n<li>Vous acceptez de respecter nos <a href=\"https:\/\/chat-to-strangers.com\/fr\/guidelines\/\">R\u00e8gles de la communaut\u00e9<\/a>.<\/li>\n<\/ul>\n\n\n\n<h3 class=\"wp-block-heading\">Comprendre ce que nous sommes<\/h3>\n\n\n\n<p><strong><a href=\"https:\/\/chat-to-strangers.com\/fr\/roulette-chat\/\">Discuter<\/a> \u00e0 <a href=\"https:\/\/chat-to-strangers.com\/fr\/talk-to-strangers\/\">\u00c9trangers<\/a><\/strong> est une application de chat qui vous permet de communiquer avec d&#039;autres utilisateurs par messagerie instantan\u00e9e. Certains contenus partag\u00e9s sur la plateforme peuvent renvoyer vers des sites web externes non h\u00e9berg\u00e9s par nous. Voir la section 6\u00a0: Autres sites web li\u00e9s.<\/p>\n\n\n\n<hr class=\"wp-block-separator has-alpha-channel-opacity\"\/>\n\n\n\n<h3 class=\"wp-block-heading\">1. Comptes<\/h3>\n\n\n\n<p>Comme il n&#039;y a pas de syst\u00e8me d&#039;enregistrement, vous \u00eates seul responsable de la confidentialit\u00e9 et de la s\u00e9curit\u00e9 de tout appareil ou plateforme que vous utilisez pour acc\u00e9der <strong><a href=\"https:\/\/chat-to-strangers.com\/fr\/safe-websites-to-talk-to-strangers\/\">Chat to Strangers<\/a><\/strong>Vous acceptez la responsabilit\u00e9 de toutes les activit\u00e9s ou actions qui se produisent sur votre appareil lors de l&#039;utilisation de notre service.<\/p>\n\n\n\n<h3 class=\"wp-block-heading\">2. R\u00e9siliation<\/h3>\n\n\n\n<p>Nous nous r\u00e9servons le droit de suspendre ou de r\u00e9silier l&#039;acc\u00e8s \u00e0 nos services imm\u00e9diatement, sans pr\u00e9avis ni responsabilit\u00e9, pour quelque raison que ce soit, y compris, mais sans s&#039;y limiter, la violation des pr\u00e9sentes conditions.<\/p>\n\n\n\n<h3 class=\"wp-block-heading\">3. R\u00e8gles de la communaut\u00e9<\/h3>\n\n\n\n<p>Notre courant <a href=\"https:\/\/chat-to-strangers.com\/fr\/guidelines\/\">R\u00e8gles de la communaut\u00e9<\/a>.<\/p>\n\n\n\n<h3 class=\"wp-block-heading\">4. Contenu<\/h3>\n\n\n\n<p>Notre Service vous permet de publier, stocker, partager et mettre \u00e0 disposition de toute autre mani\u00e8re certaines informations, textes, images ou vid\u00e9os (\u00ab Contenu \u00bb). Vous \u00eates responsable de tout contenu que vous partagez via notre Service. Les types de contenu autoris\u00e9s ou interdits sont d\u00e9taill\u00e9s dans nos R\u00e8gles de la communaut\u00e9. Vous vous engagez \u00e0 ne pas t\u00e9l\u00e9charger ni partager de contenu qui enfreindrait le pr\u00e9sent Contrat, nos R\u00e8gles, les droits des autres utilisateurs, ou qui pourrait \u00eatre consid\u00e9r\u00e9 comme inappropri\u00e9 ou offensant.<\/p>\n\n\n\n<h3 class=\"wp-block-heading\">5. Mod\u00e9ration du chat et des vid\u00e9os<\/h3>\n\n\n\n<p>En utilisant notre plateforme, vous reconnaissez et acceptez que les messages signal\u00e9s ou signal\u00e9s puissent \u00eatre examin\u00e9s par des mod\u00e9rateurs. Ceci est essentiel au maintien d&#039;une communaut\u00e9 s\u00fbre et respectueuse. Les syst\u00e8mes automatis\u00e9s et les mod\u00e9rateurs humains peuvent examiner les conversations et les flux vid\u00e9o signal\u00e9s. Consultez notre r\u00e8glement communautaire pour plus d&#039;informations.<\/p>\n\n\n\n<h3 class=\"wp-block-heading\">6. Autres sites Web li\u00e9s<\/h3>\n\n\n\n<p>Notre Service peut contenir des liens vers des sites web tiers que nous n&#039;exploitons pas. Si vous cliquez sur un lien tiers, vous serez redirig\u00e9 vers leur site. Nous vous recommandons vivement de consulter la politique de confidentialit\u00e9 de chaque site web que vous consultez (y compris les r\u00e9seaux sociaux comme Twitter ou Instagram).<\/p>\n\n\n\n<p>Nous n&#039;avons aucun contr\u00f4le sur le contenu, les politiques de confidentialit\u00e9 ou les pratiques de tout site Web ou service tiers et n&#039;assumons aucune responsabilit\u00e9 \u00e0 leur \u00e9gard.<\/p>\n\n\n\n<h3 class=\"wp-block-heading\">7. Garantie<\/h3>\n\n\n\n<p><strong>Chat to Strangers<\/strong> est fourni \u00ab\u00a0en l&#039;\u00e9tat\u00a0\u00bb, sans aucune garantie. Nous d\u00e9clinons toute responsabilit\u00e9 quant aux cons\u00e9quences de l&#039;utilisation de notre service. Nous ne sommes pas responsables du contenu partag\u00e9 sur les instances auto-h\u00e9berg\u00e9es, comme indiqu\u00e9 dans nos R\u00e8gles de la communaut\u00e9.<\/p>\n\n\n\n<h3 class=\"wp-block-heading\">8. Droits de propri\u00e9t\u00e9 intellectuelle<\/h3>\n\n\n\n<p><strong>Chat to Strangers<\/strong> et ses propri\u00e9taires d\u00e9tiennent et\/ou ont le droit d&#039;utiliser tous les droits de propri\u00e9t\u00e9 intellectuelle sur nos services. Cela inclut le code source, les bases de donn\u00e9es, les fonctionnalit\u00e9s, les logiciels, la conception du site web, les fichiers audio, vid\u00e9o, textes, photographies et graphiques, ainsi que toutes les marques d\u00e9pos\u00e9es, marques de service et logos. Ceux-ci sont prot\u00e9g\u00e9s par le droit d&#039;auteur, le droit des marques et d&#039;autres lois dans le monde entier. Le contenu et les marques d\u00e9pos\u00e9es sont fournis pour votre usage personnel et non commercial uniquement et sont propos\u00e9s \u00ab\u00a0EN L&#039;\u00c9TAT\u00a0\u00bb.<\/p>\n\n\n\n<h3 class=\"wp-block-heading\">9. Activit\u00e9s interdites<\/h3>\n\n\n\n<p>Vous acceptez de ne pas :<\/p>\n\n\n\n<ul class=\"wp-block-list\">\n<li>Tester la vuln\u00e9rabilit\u00e9 de nos syst\u00e8mes ou tenter de contourner les mesures de s\u00e9curit\u00e9.<\/li>\n\n\n\n<li>Utilisez des syst\u00e8mes automatis\u00e9s (comme des robots ou des outils d\u2019exploration de donn\u00e9es) pour acc\u00e9der au contenu ou le t\u00e9l\u00e9charger.<\/li>\n\n\n\n<li>Falsifiez les en-t\u00eates, manipulez les informations d&#039;identification, proc\u00e9dez \u00e0 l&#039;ing\u00e9nierie inverse de tout logiciel ou perturbez le service pour d&#039;autres utilisateurs par surcharge, spam ou envoi de virus.<\/li>\n\n\n\n<li>Encouragez ou aidez les autres \u00e0 r\u00e9aliser l\u2019une de ces actions.<\/li>\n<\/ul>\n\n\n\n<h3 class=\"wp-block-heading\">10. Limitation de responsabilit\u00e9<\/h3>\n\n\n\n<p><strong>Chat to Strangers<\/strong> n&#039;assume aucune responsabilit\u00e9 pour les actions entreprises par les utilisateurs ou pour tout contenu fourni par les utilisateurs.<\/p>\n\n\n\n<p>Nous d\u00e9clinons toute responsabilit\u00e9 pour tout probl\u00e8me d\u00e9coulant de l&#039;utilisation de notre site web, y compris les poursuites, p\u00e9nalit\u00e9s, r\u00e9clamations, dommages, obligations, d\u00e9penses ou pertes de toute nature, directes, indirectes, accessoires ou punitives. Cela inclut, sans s&#039;y limiter, les dommages r\u00e9sultant d&#039;une n\u00e9gligence, d&#039;une interruption de service, d&#039;une perte de donn\u00e9es, d&#039;un dommage mat\u00e9riel d\u00fb \u00e0 un virus, d&#039;une perte de revenus, d&#039;opportunit\u00e9s manqu\u00e9es, d&#039;une rupture de contrat ou de r\u00e9clamations de tiers.<\/p>\n\n\n\n<h3 class=\"wp-block-heading\">11. Modifications<\/h3>\n\n\n\n<p>Nous sommes susceptibles de mettre \u00e0 jour ces Conditions d&#039;utilisation \u00e0 mesure que nos services \u00e9voluent. Il est conseill\u00e9 de les consulter r\u00e9guli\u00e8rement. Toute modification entre en vigueur d\u00e8s sa publication sur cette page.<\/p>\n\n\n\n<p>Bien que nous puissions occasionnellement informer les utilisateurs des mises \u00e0 jour, il est de votre responsabilit\u00e9 de v\u00e9rifier les modifications. Si vous n&#039;acceptez pas ces Conditions, vous devez cesser d&#039;utiliser notre site web.<\/p>","protected":false},"excerpt":{"rendered":"<p>By using our Service, you agree to the following: Understanding What We Are Chat to Strangers is a chat application that enables you to connect and communicate with other users via instant messaging. Some content shared on the platform may link to external websites not hosted by us. See Section 6: Other Linked Websites. 1. [&hellip;]<\/p>\n","protected":false},"author":1,"featured_media":0,"parent":0,"menu_order":0,"comment_status":"closed","ping_status":"closed","template":"","meta":{"footnotes":""},"class_list":["post-1703","page","type-page","status-publish","hentry"],"yoast_head":"<!-- This site is optimized with the Yoast SEO plugin v27.4 - https:\/\/yoast.com\/product\/yoast-seo-wordpress\/ -->\n<title>Terms - Chat to Strangers<\/title>\n<meta name=\"robots\" content=\"index, follow, max-snippet:-1, max-image-preview:large, max-video-preview:-1\" \/>\n<link rel=\"canonical\" href=\"https:\/\/chat-to-strangers.com\/fr\/terms\/\" \/>\n<meta property=\"og:locale\" content=\"fr_FR\" \/>\n<meta property=\"og:type\" content=\"article\" \/>\n<meta property=\"og:title\" content=\"Terms - Chat to Strangers\" \/>\n<meta property=\"og:description\" content=\"By using our Service, you agree to the following: Understanding What We Are Chat to Strangers is a chat application that enables you to connect and communicate with other users via instant messaging. Some content shared on the platform may link to external websites not hosted by us. See Section 6: Other Linked Websites. 1. [&hellip;]\" \/>\n<meta property=\"og:url\" content=\"https:\/\/chat-to-strangers.com\/fr\/terms\/\" \/>\n<meta property=\"og:site_name\" content=\"Chat to Strangers\" \/>\n<meta property=\"article:modified_time\" content=\"2025-06-26T14:02:50+00:00\" \/>\n<meta name=\"twitter:card\" content=\"summary_large_image\" \/>\n<meta name=\"twitter:label1\" content=\"Dur\u00e9e de lecture estim\u00e9e\" \/>\n\t<meta name=\"twitter:data1\" content=\"4 minutes\" \/>\n<script type=\"application\/ld+json\" class=\"yoast-schema-graph\">{\"@context\":\"https:\\\/\\\/schema.org\",\"@graph\":[{\"@type\":\"WebPage\",\"@id\":\"https:\\\/\\\/chat-to-strangers.com\\\/terms\\\/\",\"url\":\"https:\\\/\\\/chat-to-strangers.com\\\/terms\\\/\",\"name\":\"Terms - Chat to Strangers\",\"isPartOf\":{\"@id\":\"https:\\\/\\\/chat-to-strangers.com\\\/#website\"},\"datePublished\":\"2025-06-26T14:02:47+00:00\",\"dateModified\":\"2025-06-26T14:02:50+00:00\",\"breadcrumb\":{\"@id\":\"https:\\\/\\\/chat-to-strangers.com\\\/terms\\\/#breadcrumb\"},\"inLanguage\":\"fr-FR\",\"potentialAction\":[{\"@type\":\"ReadAction\",\"target\":[\"https:\\\/\\\/chat-to-strangers.com\\\/terms\\\/\"]}]},{\"@type\":\"BreadcrumbList\",\"@id\":\"https:\\\/\\\/chat-to-strangers.com\\\/terms\\\/#breadcrumb\",\"itemListElement\":[{\"@type\":\"ListItem\",\"position\":1,\"name\":\"Home\",\"item\":\"https:\\\/\\\/chat-to-strangers.com\\\/\"},{\"@type\":\"ListItem\",\"position\":2,\"name\":\"Terms\"}]},{\"@type\":\"WebSite\",\"@id\":\"https:\\\/\\\/chat-to-strangers.com\\\/#website\",\"url\":\"https:\\\/\\\/chat-to-strangers.com\\\/\",\"name\":\"Chat to Strangers\",\"description\":\"Connecting strangers from all over the world\",\"publisher\":{\"@id\":\"https:\\\/\\\/chat-to-strangers.com\\\/#organization\"},\"potentialAction\":[{\"@type\":\"SearchAction\",\"target\":{\"@type\":\"EntryPoint\",\"urlTemplate\":\"https:\\\/\\\/chat-to-strangers.com\\\/?s={search_term_string}\"},\"query-input\":{\"@type\":\"PropertyValueSpecification\",\"valueRequired\":true,\"valueName\":\"search_term_string\"}}],\"inLanguage\":\"fr-FR\"},{\"@type\":\"Organization\",\"@id\":\"https:\\\/\\\/chat-to-strangers.com\\\/#organization\",\"name\":\"Chat to Strangers\",\"url\":\"https:\\\/\\\/chat-to-strangers.com\\\/\",\"logo\":{\"@type\":\"ImageObject\",\"inLanguage\":\"fr-FR\",\"@id\":\"https:\\\/\\\/chat-to-strangers.com\\\/#\\\/schema\\\/logo\\\/image\\\/\",\"url\":\"https:\\\/\\\/chat-to-strangers.com\\\/wp-content\\\/uploads\\\/2025\\\/06\\\/cropped-chat-to-strangers-logo.png\",\"contentUrl\":\"https:\\\/\\\/chat-to-strangers.com\\\/wp-content\\\/uploads\\\/2025\\\/06\\\/cropped-chat-to-strangers-logo.png\",\"width\":1024,\"height\":298,\"caption\":\"Chat to Strangers\"},\"image\":{\"@id\":\"https:\\\/\\\/chat-to-strangers.com\\\/#\\\/schema\\\/logo\\\/image\\\/\"}}]}<\/script>\n<!-- \/ Yoast SEO plugin. -->","yoast_head_json":{"title":"Conditions g\u00e9n\u00e9rales - Chat to Strangers","robots":{"index":"index","follow":"follow","max-snippet":"max-snippet:-1","max-image-preview":"max-image-preview:large","max-video-preview":"max-video-preview:-1"},"canonical":"https:\/\/chat-to-strangers.com\/fr\/terms\/","og_locale":"fr_FR","og_type":"article","og_title":"Terms - Chat to Strangers","og_description":"By using our Service, you agree to the following: Understanding What We Are Chat to Strangers is a chat application that enables you to connect and communicate with other users via instant messaging. Some content shared on the platform may link to external websites not hosted by us. See Section 6: Other Linked Websites. 1. [&hellip;]","og_url":"https:\/\/chat-to-strangers.com\/fr\/terms\/","og_site_name":"Chat to Strangers","article_modified_time":"2025-06-26T14:02:50+00:00","twitter_card":"summary_large_image","twitter_misc":{"Dur\u00e9e de lecture estim\u00e9e":"4 minutes"},"schema":{"@context":"https:\/\/schema.org","@graph":[{"@type":"WebPage","@id":"https:\/\/chat-to-strangers.com\/terms\/","url":"https:\/\/chat-to-strangers.com\/terms\/","name":"Conditions g\u00e9n\u00e9rales - Chat to Strangers","isPartOf":{"@id":"https:\/\/chat-to-strangers.com\/#website"},"datePublished":"2025-06-26T14:02:47+00:00","dateModified":"2025-06-26T14:02:50+00:00","breadcrumb":{"@id":"https:\/\/chat-to-strangers.com\/terms\/#breadcrumb"},"inLanguage":"fr-FR","potentialAction":[{"@type":"ReadAction","target":["https:\/\/chat-to-strangers.com\/terms\/"]}]},{"@type":"BreadcrumbList","@id":"https:\/\/chat-to-strangers.com\/terms\/#breadcrumb","itemListElement":[{"@type":"ListItem","position":1,"name":"Home","item":"https:\/\/chat-to-strangers.com\/"},{"@type":"ListItem","position":2,"name":"Terms"}]},{"@type":"WebSite","@id":"https:\/\/chat-to-strangers.com\/#website","url":"https:\/\/chat-to-strangers.com\/","name":"Chat to Strangers","description":"Connecter des \u00e9trangers du monde entier","publisher":{"@id":"https:\/\/chat-to-strangers.com\/#organization"},"potentialAction":[{"@type":"SearchAction","target":{"@type":"EntryPoint","urlTemplate":"https:\/\/chat-to-strangers.com\/?s={search_term_string}"},"query-input":{"@type":"PropertyValueSpecification","valueRequired":true,"valueName":"search_term_string"}}],"inLanguage":"fr-FR"},{"@type":"Organization","@id":"https:\/\/chat-to-strangers.com\/#organization","name":"Chat to Strangers","url":"https:\/\/chat-to-strangers.com\/","logo":{"@type":"ImageObject","inLanguage":"fr-FR","@id":"https:\/\/chat-to-strangers.com\/#\/schema\/logo\/image\/","url":"https:\/\/chat-to-strangers.com\/wp-content\/uploads\/2025\/06\/cropped-chat-to-strangers-logo.png","contentUrl":"https:\/\/chat-to-strangers.com\/wp-content\/uploads\/2025\/06\/cropped-chat-to-strangers-logo.png","width":1024,"height":298,"caption":"Chat to Strangers"},"image":{"@id":"https:\/\/chat-to-strangers.com\/#\/schema\/logo\/image\/"}}]}},"_links":{"self":[{"href":"https:\/\/chat-to-strangers.com\/fr\/wp-json\/wp\/v2\/pages\/1703","targetHints":{"allow":["GET"]}}],"collection":[{"href":"https:\/\/chat-to-strangers.com\/fr\/wp-json\/wp\/v2\/pages"}],"about":[{"href":"https:\/\/chat-to-strangers.com\/fr\/wp-json\/wp\/v2\/types\/page"}],"author":[{"embeddable":true,"href":"https:\/\/chat-to-strangers.com\/fr\/wp-json\/wp\/v2\/users\/1"}],"replies":[{"embeddable":true,"href":"https:\/\/chat-to-strangers.com\/fr\/wp-json\/wp\/v2\/comments?post=1703"}],"version-history":[{"count":1,"href":"https:\/\/chat-to-strangers.com\/fr\/wp-json\/wp\/v2\/pages\/1703\/revisions"}],"predecessor-version":[{"id":1704,"href":"https:\/\/chat-to-strangers.com\/fr\/wp-json\/wp\/v2\/pages\/1703\/revisions\/1704"}],"wp:attachment":[{"href":"https:\/\/chat-to-strangers.com\/fr\/wp-json\/wp\/v2\/media?parent=1703"}],"curies":[{"name":"wp","href":"https:\/\/api.w.org\/{rel}","templated":true}]}}