{"id":1300,"date":"2024-09-25T01:14:21","date_gmt":"2024-09-25T01:14:21","guid":{"rendered":"https:\/\/chat-to-strangers.com\/?page_id=1300"},"modified":"2024-09-25T01:14:23","modified_gmt":"2024-09-25T01:14:23","slug":"chi-siamo","status":"publish","type":"page","link":"https:\/\/chat-to-strangers.com\/it\/chi-siamo\/","title":{"rendered":"Chi siamo"},"content":{"rendered":"<p>Benvenuto a <strong><a href=\"https:\/\/chat-to-strangers.com\/it\/chat-della-roulette\/\">Chiacchierata<\/a> A <a href=\"https:\/\/chat-to-strangers.com\/it\/parlare-agli-sconosciuti\/\">Stranieri<\/a><\/strong>\u2014la tua risorsa definitiva per scoprire il miglior cam-to-cam <a href=\"https:\/\/chat-to-strangers.com\/it\/ragazze-in-video-chat\/\">chat video<\/a> piattaforme disponibili online. In un mondo sempre pi\u00f9 digitale, l&#039;interazione faccia a faccia rimane inestimabile. Che tu voglia incontrare nuove persone, restare in contatto con amici e familiari o collaborare con colleghi da remoto, siamo qui per aiutarti a trovare la piattaforma perfetta per le tue esigenze.<\/p>\n\n\n\n<p><strong>La nostra missione<\/strong><\/p>\n\n\n\n<p>La nostra missione \u00e8 semplice: semplificare la ricerca di siti Web di video chat affidabili e di alta qualit\u00e0 che offrano esperienze cam-to-cam senza soluzione di continuit\u00e0. Sappiamo che con cos\u00ec tante opzioni disponibili, pu\u00f2 essere difficile scegliere la piattaforma giusta. Ecco dove entriamo in gioco noi.<\/p>\n\n\n\n<p><strong>Cosa facciamo<\/strong><\/p>\n\n\n\n<ul class=\"wp-block-list\">\n<li><strong>Recensioni complete<\/strong>: Il nostro team di esperti testa e recensisce rigorosamente un&#039;ampia gamma di siti Web di video chat. Valutiamo funzionalit\u00e0, usabilit\u00e0, sicurezza e prestazioni complessive per fornirti informazioni dettagliate.<\/li>\n\n\n\n<li><strong>Classifiche aggiornate<\/strong>: La tecnologia si evolve rapidamente, e cos\u00ec anche le piattaforme che la utilizzano. Manteniamo aggiornate le nostre classifiche, cos\u00ec avrai sempre accesso alle opzioni pi\u00f9 recenti e migliori.<\/li>\n\n\n\n<li><strong>Integrazione del feedback degli utenti<\/strong>: Diamo valore alle esperienze della nostra community. Le recensioni e le valutazioni degli utenti svolgono un ruolo cruciale nel dare forma alle nostre raccomandazioni.<\/li>\n<\/ul>\n\n\n\n<p><strong>Perch\u00e9 fidarsi di noi<\/strong><\/p>\n\n\n\n<ul class=\"wp-block-list\">\n<li><strong>Competenza<\/strong>: Con anni di esperienza nei settori della tecnologia e della comunicazione, il nostro team sa cosa cercare in un video di alto livello <a href=\"https:\/\/chat-to-strangers.com\/it\/whatsflirt\/\">servizio di chat<\/a>.<\/li>\n\n\n\n<li><strong>Trasparenza<\/strong>: Crediamo nelle valutazioni oneste. Le nostre recensioni sono imparziali e mirano a evidenziare sia i punti di forza che quelli di debolezza di ogni piattaforma.<\/li>\n\n\n\n<li><strong>Attenzione alla comunit\u00e0<\/strong>: Siamo pi\u00f9 di un semplice sito di recensioni; siamo una comunit\u00e0. Incoraggiamo il dialogo aperto e la condivisione di esperienze per aiutare tutti a prendere decisioni informate.<\/li>\n<\/ul>\n\n\n\n<p><strong>Unisciti alla nostra comunit\u00e0<\/strong><\/p>\n\n\n\n<p>Intraprendere la tua prossima avventura cam-to-cam \u00e8 a pochi clic di distanza. Esplora le nostre liste curate, leggi recensioni approfondite e unisciti a una comunit\u00e0 di persone con idee simili che cercano il meglio nella comunicazione video online.<\/p>\n\n\n\n<p><strong>Connettiti con sicurezza<\/strong><\/p>\n\n\n\n<p>In Chat to Strangers, ci impegniamo ad aiutarti a connetterti con sicurezza. Che sia per scopi personali, professionali o educativi, trovare la persona giusta <a href=\"https:\/\/chat-to-strangers.com\/it\/vidizzolo\/\">piattaforma di video chat<\/a> pu\u00f2 fare la differenza. Lascia che siamo la tua guida di fiducia in questo panorama digitale.<\/p>\n\n\n\n<p><strong>Inizia oggi<\/strong><\/p>\n\n\n\n<p>Pronti a scoprire i migliori siti web di video chat cam-to-cam? Immergetevi nelle nostre migliori scelte e iniziate a connettervi con il mondo in un modo completamente nuovo!<\/p>\n\n\n\n<hr class=\"wp-block-separator has-alpha-channel-opacity\"\/>\n\n\n\n<p>Grazie per aver scelto Chat to Strangers. Ecco a connessioni significative e conversazioni indimenticabili!<\/p>","protected":false},"excerpt":{"rendered":"<p>Benvenuti su Chat to Strangers, la vostra risorsa definitiva per scoprire le migliori piattaforme di video chat cam-to-cam disponibili online. In un mondo sempre pi\u00f9 digitale, l&#039;interazione faccia a faccia rimane inestimabile. Che vogliate incontrare nuove persone, restare in contatto con amici e familiari o collaborare con colleghi da remoto, siamo qui per aiutarvi a trovare la piattaforma perfetta per [\u2026]<\/p>","protected":false},"author":1,"featured_media":0,"parent":0,"menu_order":0,"comment_status":"closed","ping_status":"closed","template":"page-no-sidebar.php","meta":{"footnotes":""},"class_list":["post-1300","page","type-page","status-publish","hentry"],"yoast_head":"<!-- This site is optimized with the Yoast SEO plugin v26.9 - https:\/\/yoast.com\/product\/yoast-seo-wordpress\/ -->\n<title>About Us - Chat to Strangers<\/title>\n<meta name=\"robots\" content=\"index, follow, max-snippet:-1, max-image-preview:large, max-video-preview:-1\" \/>\n<link rel=\"canonical\" href=\"https:\/\/chat-to-strangers.com\/it\/chi-siamo\/\" \/>\n<meta property=\"og:locale\" content=\"it_IT\" \/>\n<meta property=\"og:type\" content=\"article\" \/>\n<meta property=\"og:title\" content=\"About Us - Chat to Strangers\" \/>\n<meta property=\"og:description\" content=\"Welcome to Chat to Strangers\u2014your ultimate resource for discovering the best cam-to-cam video chat platforms available online. In an increasingly digital world, face-to-face interaction remains invaluable. Whether you&#8217;re looking to meet new people, stay connected with friends and family, or collaborate with colleagues remotely, we&#8217;re here to help you find the perfect platform to suit [&hellip;]\" \/>\n<meta property=\"og:url\" content=\"https:\/\/chat-to-strangers.com\/it\/chi-siamo\/\" \/>\n<meta property=\"og:site_name\" content=\"Chat to Strangers\" \/>\n<meta property=\"article:modified_time\" content=\"2024-09-25T01:14:23+00:00\" \/>\n<meta name=\"twitter:card\" content=\"summary_large_image\" \/>\n<meta name=\"twitter:label1\" content=\"Tempo di lettura stimato\" \/>\n\t<meta name=\"twitter:data1\" content=\"2 minuti\" \/>\n<script type=\"application\/ld+json\" class=\"yoast-schema-graph\">{\"@context\":\"https:\/\/schema.org\",\"@graph\":[{\"@type\":\"WebPage\",\"@id\":\"https:\/\/chat-to-strangers.com\/about-us\/\",\"url\":\"https:\/\/chat-to-strangers.com\/about-us\/\",\"name\":\"About Us - Chat to Strangers\",\"isPartOf\":{\"@id\":\"https:\/\/chat-to-strangers.com\/#website\"},\"datePublished\":\"2024-09-25T01:14:21+00:00\",\"dateModified\":\"2024-09-25T01:14:23+00:00\",\"breadcrumb\":{\"@id\":\"https:\/\/chat-to-strangers.com\/about-us\/#breadcrumb\"},\"inLanguage\":\"it-IT\",\"potentialAction\":[{\"@type\":\"ReadAction\",\"target\":[\"https:\/\/chat-to-strangers.com\/about-us\/\"]}]},{\"@type\":\"BreadcrumbList\",\"@id\":\"https:\/\/chat-to-strangers.com\/about-us\/#breadcrumb\",\"itemListElement\":[{\"@type\":\"ListItem\",\"position\":1,\"name\":\"Home\",\"item\":\"https:\/\/chat-to-strangers.com\/\"},{\"@type\":\"ListItem\",\"position\":2,\"name\":\"About Us\"}]},{\"@type\":\"WebSite\",\"@id\":\"https:\/\/chat-to-strangers.com\/#website\",\"url\":\"https:\/\/chat-to-strangers.com\/\",\"name\":\"Chat to Strangers\",\"description\":\"Connecting strangers from all over the world\",\"publisher\":{\"@id\":\"https:\/\/chat-to-strangers.com\/#organization\"},\"potentialAction\":[{\"@type\":\"SearchAction\",\"target\":{\"@type\":\"EntryPoint\",\"urlTemplate\":\"https:\/\/chat-to-strangers.com\/?s={search_term_string}\"},\"query-input\":{\"@type\":\"PropertyValueSpecification\",\"valueRequired\":true,\"valueName\":\"search_term_string\"}}],\"inLanguage\":\"it-IT\"},{\"@type\":\"Organization\",\"@id\":\"https:\/\/chat-to-strangers.com\/#organization\",\"name\":\"Chat to Strangers\",\"url\":\"https:\/\/chat-to-strangers.com\/\",\"logo\":{\"@type\":\"ImageObject\",\"inLanguage\":\"it-IT\",\"@id\":\"https:\/\/chat-to-strangers.com\/#\/schema\/logo\/image\/\",\"url\":\"https:\/\/chat-to-strangers.com\/wp-content\/uploads\/2025\/06\/cropped-chat-to-strangers-logo.png\",\"contentUrl\":\"https:\/\/chat-to-strangers.com\/wp-content\/uploads\/2025\/06\/cropped-chat-to-strangers-logo.png\",\"width\":1024,\"height\":298,\"caption\":\"Chat to Strangers\"},\"image\":{\"@id\":\"https:\/\/chat-to-strangers.com\/#\/schema\/logo\/image\/\"}}]}<\/script>\n<!-- \/ Yoast SEO plugin. -->","yoast_head_json":{"title":"Chi siamo - Chat to Strangers","robots":{"index":"index","follow":"follow","max-snippet":"max-snippet:-1","max-image-preview":"max-image-preview:large","max-video-preview":"max-video-preview:-1"},"canonical":"https:\/\/chat-to-strangers.com\/it\/chi-siamo\/","og_locale":"it_IT","og_type":"article","og_title":"About Us - Chat to Strangers","og_description":"Welcome to Chat to Strangers\u2014your ultimate resource for discovering the best cam-to-cam video chat platforms available online. In an increasingly digital world, face-to-face interaction remains invaluable. Whether you&#8217;re looking to meet new people, stay connected with friends and family, or collaborate with colleagues remotely, we&#8217;re here to help you find the perfect platform to suit [&hellip;]","og_url":"https:\/\/chat-to-strangers.com\/it\/chi-siamo\/","og_site_name":"Chat to Strangers","article_modified_time":"2024-09-25T01:14:23+00:00","twitter_card":"summary_large_image","twitter_misc":{"Tempo di lettura stimato":"2 minuti"},"schema":{"@context":"https:\/\/schema.org","@graph":[{"@type":"WebPage","@id":"https:\/\/chat-to-strangers.com\/about-us\/","url":"https:\/\/chat-to-strangers.com\/about-us\/","name":"Chi siamo - Chat to Strangers","isPartOf":{"@id":"https:\/\/chat-to-strangers.com\/#website"},"datePublished":"2024-09-25T01:14:21+00:00","dateModified":"2024-09-25T01:14:23+00:00","breadcrumb":{"@id":"https:\/\/chat-to-strangers.com\/about-us\/#breadcrumb"},"inLanguage":"it-IT","potentialAction":[{"@type":"ReadAction","target":["https:\/\/chat-to-strangers.com\/about-us\/"]}]},{"@type":"BreadcrumbList","@id":"https:\/\/chat-to-strangers.com\/about-us\/#breadcrumb","itemListElement":[{"@type":"ListItem","position":1,"name":"Home","item":"https:\/\/chat-to-strangers.com\/"},{"@type":"ListItem","position":2,"name":"About Us"}]},{"@type":"WebSite","@id":"https:\/\/chat-to-strangers.com\/#website","url":"https:\/\/chat-to-strangers.com\/","name":"Chat to Strangers","description":"Connettere estranei da tutto il mondo","publisher":{"@id":"https:\/\/chat-to-strangers.com\/#organization"},"potentialAction":[{"@type":"SearchAction","target":{"@type":"EntryPoint","urlTemplate":"https:\/\/chat-to-strangers.com\/?s={search_term_string}"},"query-input":{"@type":"PropertyValueSpecification","valueRequired":true,"valueName":"search_term_string"}}],"inLanguage":"it-IT"},{"@type":"Organization","@id":"https:\/\/chat-to-strangers.com\/#organization","name":"Chat to Strangers","url":"https:\/\/chat-to-strangers.com\/","logo":{"@type":"ImageObject","inLanguage":"it-IT","@id":"https:\/\/chat-to-strangers.com\/#\/schema\/logo\/image\/","url":"https:\/\/chat-to-strangers.com\/wp-content\/uploads\/2025\/06\/cropped-chat-to-strangers-logo.png","contentUrl":"https:\/\/chat-to-strangers.com\/wp-content\/uploads\/2025\/06\/cropped-chat-to-strangers-logo.png","width":1024,"height":298,"caption":"Chat to Strangers"},"image":{"@id":"https:\/\/chat-to-strangers.com\/#\/schema\/logo\/image\/"}}]}},"_links":{"self":[{"href":"https:\/\/chat-to-strangers.com\/it\/wp-json\/wp\/v2\/pages\/1300","targetHints":{"allow":["GET"]}}],"collection":[{"href":"https:\/\/chat-to-strangers.com\/it\/wp-json\/wp\/v2\/pages"}],"about":[{"href":"https:\/\/chat-to-strangers.com\/it\/wp-json\/wp\/v2\/types\/page"}],"author":[{"embeddable":true,"href":"https:\/\/chat-to-strangers.com\/it\/wp-json\/wp\/v2\/users\/1"}],"replies":[{"embeddable":true,"href":"https:\/\/chat-to-strangers.com\/it\/wp-json\/wp\/v2\/comments?post=1300"}],"version-history":[{"count":1,"href":"https:\/\/chat-to-strangers.com\/it\/wp-json\/wp\/v2\/pages\/1300\/revisions"}],"predecessor-version":[{"id":1301,"href":"https:\/\/chat-to-strangers.com\/it\/wp-json\/wp\/v2\/pages\/1300\/revisions\/1301"}],"wp:attachment":[{"href":"https:\/\/chat-to-strangers.com\/it\/wp-json\/wp\/v2\/media?parent=1300"}],"curies":[{"name":"parola chiave","href":"https:\/\/api.w.org\/{rel}","templated":true}]}}