{"id":1703,"date":"2025-06-26T14:02:47","date_gmt":"2025-06-26T14:02:47","guid":{"rendered":"https:\/\/chat-to-strangers.com\/?page_id=1703"},"modified":"2025-06-26T14:02:50","modified_gmt":"2025-06-26T14:02:50","slug":"terms","status":"publish","type":"page","link":"https:\/\/chat-to-strangers.com\/it\/terms\/","title":{"rendered":"Termini"},"content":{"rendered":"<p>Utilizzando il nostro Servizio, accetti quanto segue:<\/p>\n\n\n\n<ul class=\"wp-block-list\">\n<li>Hai 18 anni o pi\u00f9.<\/li>\n\n\n\n<li>Hai letto e compreso i presenti Termini e la nostra Informativa sulla privacy.<\/li>\n\n\n\n<li>Accetti di rispettare i nostri <a href=\"https:\/\/chat-to-strangers.com\/it\/guidelines\/\">Linee guida della comunit\u00e0<\/a>.<\/li>\n<\/ul>\n\n\n\n<h3 class=\"wp-block-heading\">Capire cosa siamo<\/h3>\n\n\n\n<p><strong><a href=\"https:\/\/chat-to-strangers.com\/it\/roulette-chat\/\">Chiacchierata<\/a> A <a href=\"https:\/\/chat-to-strangers.com\/it\/talk-to-strangers\/\">Stranieri<\/a><\/strong> \u00e8 un&#039;applicazione di chat che consente di connettersi e comunicare con altri utenti tramite messaggistica istantanea. Alcuni contenuti condivisi sulla piattaforma potrebbero rimandare a siti web esterni non ospitati da noi. Consultare la Sezione 6: Altri siti web collegati.<\/p>\n\n\n\n<hr class=\"wp-block-separator has-alpha-channel-opacity\"\/>\n\n\n\n<h3 class=\"wp-block-heading\">1. Conti<\/h3>\n\n\n\n<p>Poich\u00e9 non esiste un sistema di registrazione, sei l&#039;unico responsabile della riservatezza e della sicurezza di qualsiasi dispositivo o piattaforma che utilizzi per accedere <strong><a href=\"https:\/\/chat-to-strangers.com\/it\/safe-websites-to-talk-to-strangers\/\">Chat to Strangers<\/a><\/strong>Accetti la responsabilit\u00e0 di tutte le attivit\u00e0 o azioni che si verificano sul tuo dispositivo durante l&#039;utilizzo del nostro servizio.<\/p>\n\n\n\n<h3 class=\"wp-block-heading\">2. Risoluzione<\/h3>\n\n\n\n<p>Ci riserviamo il diritto di sospendere o interrompere immediatamente l&#039;accesso ai nostri servizi, senza preavviso o responsabilit\u00e0, per qualsiasi motivo, incluso ma non limitato alla violazione dei presenti Termini.<\/p>\n\n\n\n<h3 class=\"wp-block-heading\">3. Linee guida della comunit\u00e0<\/h3>\n\n\n\n<p>Il nostro attuale <a href=\"https:\/\/chat-to-strangers.com\/it\/guidelines\/\">Linee guida della comunit\u00e0<\/a>.<\/p>\n\n\n\n<h3 class=\"wp-block-heading\">4. Contenuto<\/h3>\n\n\n\n<p>Il nostro Servizio ti consente di pubblicare, archiviare, condividere e altrimenti rendere disponibili determinate informazioni, testi, immagini o video (&quot;Contenuti&quot;). Sei responsabile di qualsiasi contenuto che condividi tramite il nostro Servizio. I tipi di contenuti consentiti o vietati sono dettagliati nelle nostre Linee Guida della Community. Accetti di non caricare o condividere contenuti che violino il presente Contratto, le nostre Regole, i diritti di altri utenti o che potrebbero essere considerati inappropriati o offensivi.<\/p>\n\n\n\n<h3 class=\"wp-block-heading\">5. Moderazione di chat e video<\/h3>\n\n\n\n<p>Utilizzando la nostra piattaforma, riconosci e accetti che i messaggi segnalati o segnalati possano essere esaminati dai moderatori. Questo \u00e8 essenziale per mantenere una community sicura e rispettosa. Sia i sistemi automatizzati che i moderatori umani possono esaminare le chat e i feed video segnalati. Consulta le nostre Linee guida della community per ulteriori informazioni.<\/p>\n\n\n\n<h3 class=\"wp-block-heading\">6. Altri siti web collegati<\/h3>\n\n\n\n<p>Il nostro Servizio potrebbe contenere link a siti web di terze parti non gestiti da noi. Cliccando su un link di terze parti, verrai indirizzato al loro sito. Ti consigliamo vivamente di consultare l&#039;Informativa sulla privacy di ogni sito web che visiti (inclusi i social media come Twitter o Instagram).<\/p>\n\n\n\n<p>Non abbiamo alcun controllo e non ci assumiamo alcuna responsabilit\u00e0 per il contenuto, le politiche sulla privacy o le pratiche di siti web o servizi di terze parti.<\/p>\n\n\n\n<h3 class=\"wp-block-heading\">7. Garanzia<\/h3>\n\n\n\n<p><strong>Chat to Strangers<\/strong> viene fornito &quot;cos\u00ec com&#039;\u00e8&quot;, senza garanzie di alcun tipo. Non ci assumiamo alcuna responsabilit\u00e0 per eventuali risultati derivanti dall&#039;utilizzo del nostro servizio. Non siamo responsabili per i contenuti condivisi su istanze self-hosted, come indicato nelle nostre Linee Guida della Community.<\/p>\n\n\n\n<h3 class=\"wp-block-heading\">8. Diritti di propriet\u00e0 intellettuale<\/h3>\n\n\n\n<p><strong>Chat to Strangers<\/strong> e i suoi proprietari possiedono e\/o hanno il diritto di utilizzare tutti i diritti di propriet\u00e0 intellettuale sui nostri servizi. Ci\u00f2 include il codice sorgente, i database, le funzionalit\u00e0, il software, il design del sito web, l&#039;audio, i video, i testi, le fotografie e la grafica, nonch\u00e9 tutti i marchi commerciali, i marchi di servizio e i loghi. Questi sono protetti da copyright, marchi commerciali e altre leggi in tutto il mondo. Il contenuto e i marchi commerciali sono forniti esclusivamente per uso personale e non commerciale e sono offerti &quot;COS\u00cc COME SONO&quot;.<\/p>\n\n\n\n<h3 class=\"wp-block-heading\">9. Attivit\u00e0 proibite<\/h3>\n\n\n\n<p>Accetti di non:<\/p>\n\n\n\n<ul class=\"wp-block-list\">\n<li>Testare la vulnerabilit\u00e0 dei nostri sistemi o tentare di aggirare le misure di sicurezza.<\/li>\n\n\n\n<li>Utilizzare sistemi automatizzati (come spider o strumenti di data mining) per accedere ai contenuti o scaricarli.<\/li>\n\n\n\n<li>Falsificare intestazioni, manipolare informazioni identificative, sottoporre a reverse engineering qualsiasi software o interrompere il servizio per altri utenti tramite sovraccarico, spamming o invio di virus.<\/li>\n\n\n\n<li>Incoraggiare o aiutare altri a compiere una qualsiasi di queste azioni.<\/li>\n<\/ul>\n\n\n\n<h3 class=\"wp-block-heading\">10. Limitazione di responsabilit\u00e0<\/h3>\n\n\n\n<p><strong>Chat to Strangers<\/strong> non si assume alcuna responsabilit\u00e0 per le azioni intraprese dagli utenti o per i contenuti forniti dagli utenti.<\/p>\n\n\n\n<p>Decliniamo ogni responsabilit\u00e0 per qualsiasi problema derivante dall&#039;utilizzo del nostro Sito Web, inclusi cause legali, sanzioni, reclami, danni, obblighi, spese o perdite di qualsiasi tipo, diretti, indiretti, incidentali o punitivi. Ci\u00f2 include, a titolo esemplificativo ma non esaustivo, danni derivanti da negligenza, interruzioni del servizio, perdita di dati, danni hardware dovuti a virus, perdite di reddito, opportunit\u00e0 mancate, violazioni contrattuali o reclami di terzi.<\/p>\n\n\n\n<h3 class=\"wp-block-heading\">11. Modifiche<\/h3>\n\n\n\n<p>Potremmo aggiornare i presenti Termini di Servizio in base all&#039;evoluzione dei nostri servizi. Si consiglia di consultarli regolarmente. Eventuali modifiche entreranno in vigore immediatamente dopo la pubblicazione su questa pagina.<\/p>\n\n\n\n<p>Sebbene occasionalmente potremmo informare gli utenti di eventuali aggiornamenti, rimane tua responsabilit\u00e0 verificare la presenza di eventuali modifiche. Se non accetti i presenti Termini, devi interrompere l&#039;utilizzo del nostro Sito web.<\/p>","protected":false},"excerpt":{"rendered":"<p>By using our Service, you agree to the following: Understanding What We Are Chat to Strangers is a chat application that enables you to connect and communicate with other users via instant messaging. Some content shared on the platform may link to external websites not hosted by us. See Section 6: Other Linked Websites. 1. [&hellip;]<\/p>\n","protected":false},"author":1,"featured_media":0,"parent":0,"menu_order":0,"comment_status":"closed","ping_status":"closed","template":"","meta":{"footnotes":""},"class_list":["post-1703","page","type-page","status-publish","hentry"],"yoast_head":"<!-- This site is optimized with the Yoast SEO plugin v27.4 - https:\/\/yoast.com\/product\/yoast-seo-wordpress\/ -->\n<title>Terms - Chat to Strangers<\/title>\n<meta name=\"robots\" content=\"index, follow, max-snippet:-1, max-image-preview:large, max-video-preview:-1\" \/>\n<link rel=\"canonical\" href=\"https:\/\/chat-to-strangers.com\/it\/terms\/\" \/>\n<meta property=\"og:locale\" content=\"it_IT\" \/>\n<meta property=\"og:type\" content=\"article\" \/>\n<meta property=\"og:title\" content=\"Terms - Chat to Strangers\" \/>\n<meta property=\"og:description\" content=\"By using our Service, you agree to the following: Understanding What We Are Chat to Strangers is a chat application that enables you to connect and communicate with other users via instant messaging. Some content shared on the platform may link to external websites not hosted by us. See Section 6: Other Linked Websites. 1. [&hellip;]\" \/>\n<meta property=\"og:url\" content=\"https:\/\/chat-to-strangers.com\/it\/terms\/\" \/>\n<meta property=\"og:site_name\" content=\"Chat to Strangers\" \/>\n<meta property=\"article:modified_time\" content=\"2025-06-26T14:02:50+00:00\" \/>\n<meta name=\"twitter:card\" content=\"summary_large_image\" \/>\n<meta name=\"twitter:label1\" content=\"Tempo di lettura stimato\" \/>\n\t<meta name=\"twitter:data1\" content=\"4 minuti\" \/>\n<script type=\"application\/ld+json\" class=\"yoast-schema-graph\">{\"@context\":\"https:\\\/\\\/schema.org\",\"@graph\":[{\"@type\":\"WebPage\",\"@id\":\"https:\\\/\\\/chat-to-strangers.com\\\/terms\\\/\",\"url\":\"https:\\\/\\\/chat-to-strangers.com\\\/terms\\\/\",\"name\":\"Terms - Chat to Strangers\",\"isPartOf\":{\"@id\":\"https:\\\/\\\/chat-to-strangers.com\\\/#website\"},\"datePublished\":\"2025-06-26T14:02:47+00:00\",\"dateModified\":\"2025-06-26T14:02:50+00:00\",\"breadcrumb\":{\"@id\":\"https:\\\/\\\/chat-to-strangers.com\\\/terms\\\/#breadcrumb\"},\"inLanguage\":\"it-IT\",\"potentialAction\":[{\"@type\":\"ReadAction\",\"target\":[\"https:\\\/\\\/chat-to-strangers.com\\\/terms\\\/\"]}]},{\"@type\":\"BreadcrumbList\",\"@id\":\"https:\\\/\\\/chat-to-strangers.com\\\/terms\\\/#breadcrumb\",\"itemListElement\":[{\"@type\":\"ListItem\",\"position\":1,\"name\":\"Home\",\"item\":\"https:\\\/\\\/chat-to-strangers.com\\\/\"},{\"@type\":\"ListItem\",\"position\":2,\"name\":\"Terms\"}]},{\"@type\":\"WebSite\",\"@id\":\"https:\\\/\\\/chat-to-strangers.com\\\/#website\",\"url\":\"https:\\\/\\\/chat-to-strangers.com\\\/\",\"name\":\"Chat to Strangers\",\"description\":\"Connecting strangers from all over the world\",\"publisher\":{\"@id\":\"https:\\\/\\\/chat-to-strangers.com\\\/#organization\"},\"potentialAction\":[{\"@type\":\"SearchAction\",\"target\":{\"@type\":\"EntryPoint\",\"urlTemplate\":\"https:\\\/\\\/chat-to-strangers.com\\\/?s={search_term_string}\"},\"query-input\":{\"@type\":\"PropertyValueSpecification\",\"valueRequired\":true,\"valueName\":\"search_term_string\"}}],\"inLanguage\":\"it-IT\"},{\"@type\":\"Organization\",\"@id\":\"https:\\\/\\\/chat-to-strangers.com\\\/#organization\",\"name\":\"Chat to Strangers\",\"url\":\"https:\\\/\\\/chat-to-strangers.com\\\/\",\"logo\":{\"@type\":\"ImageObject\",\"inLanguage\":\"it-IT\",\"@id\":\"https:\\\/\\\/chat-to-strangers.com\\\/#\\\/schema\\\/logo\\\/image\\\/\",\"url\":\"https:\\\/\\\/chat-to-strangers.com\\\/wp-content\\\/uploads\\\/2025\\\/06\\\/cropped-chat-to-strangers-logo.png\",\"contentUrl\":\"https:\\\/\\\/chat-to-strangers.com\\\/wp-content\\\/uploads\\\/2025\\\/06\\\/cropped-chat-to-strangers-logo.png\",\"width\":1024,\"height\":298,\"caption\":\"Chat to Strangers\"},\"image\":{\"@id\":\"https:\\\/\\\/chat-to-strangers.com\\\/#\\\/schema\\\/logo\\\/image\\\/\"}}]}<\/script>\n<!-- \/ Yoast SEO plugin. -->","yoast_head_json":{"title":"Termini - Chat to Strangers","robots":{"index":"index","follow":"follow","max-snippet":"max-snippet:-1","max-image-preview":"max-image-preview:large","max-video-preview":"max-video-preview:-1"},"canonical":"https:\/\/chat-to-strangers.com\/it\/terms\/","og_locale":"it_IT","og_type":"article","og_title":"Terms - Chat to Strangers","og_description":"By using our Service, you agree to the following: Understanding What We Are Chat to Strangers is a chat application that enables you to connect and communicate with other users via instant messaging. Some content shared on the platform may link to external websites not hosted by us. See Section 6: Other Linked Websites. 1. [&hellip;]","og_url":"https:\/\/chat-to-strangers.com\/it\/terms\/","og_site_name":"Chat to Strangers","article_modified_time":"2025-06-26T14:02:50+00:00","twitter_card":"summary_large_image","twitter_misc":{"Tempo di lettura stimato":"4 minuti"},"schema":{"@context":"https:\/\/schema.org","@graph":[{"@type":"WebPage","@id":"https:\/\/chat-to-strangers.com\/terms\/","url":"https:\/\/chat-to-strangers.com\/terms\/","name":"Termini - Chat to Strangers","isPartOf":{"@id":"https:\/\/chat-to-strangers.com\/#website"},"datePublished":"2025-06-26T14:02:47+00:00","dateModified":"2025-06-26T14:02:50+00:00","breadcrumb":{"@id":"https:\/\/chat-to-strangers.com\/terms\/#breadcrumb"},"inLanguage":"it-IT","potentialAction":[{"@type":"ReadAction","target":["https:\/\/chat-to-strangers.com\/terms\/"]}]},{"@type":"BreadcrumbList","@id":"https:\/\/chat-to-strangers.com\/terms\/#breadcrumb","itemListElement":[{"@type":"ListItem","position":1,"name":"Home","item":"https:\/\/chat-to-strangers.com\/"},{"@type":"ListItem","position":2,"name":"Terms"}]},{"@type":"WebSite","@id":"https:\/\/chat-to-strangers.com\/#website","url":"https:\/\/chat-to-strangers.com\/","name":"Chat to Strangers","description":"Connettere estranei da tutto il mondo","publisher":{"@id":"https:\/\/chat-to-strangers.com\/#organization"},"potentialAction":[{"@type":"SearchAction","target":{"@type":"EntryPoint","urlTemplate":"https:\/\/chat-to-strangers.com\/?s={search_term_string}"},"query-input":{"@type":"PropertyValueSpecification","valueRequired":true,"valueName":"search_term_string"}}],"inLanguage":"it-IT"},{"@type":"Organization","@id":"https:\/\/chat-to-strangers.com\/#organization","name":"Chat to Strangers","url":"https:\/\/chat-to-strangers.com\/","logo":{"@type":"ImageObject","inLanguage":"it-IT","@id":"https:\/\/chat-to-strangers.com\/#\/schema\/logo\/image\/","url":"https:\/\/chat-to-strangers.com\/wp-content\/uploads\/2025\/06\/cropped-chat-to-strangers-logo.png","contentUrl":"https:\/\/chat-to-strangers.com\/wp-content\/uploads\/2025\/06\/cropped-chat-to-strangers-logo.png","width":1024,"height":298,"caption":"Chat to Strangers"},"image":{"@id":"https:\/\/chat-to-strangers.com\/#\/schema\/logo\/image\/"}}]}},"_links":{"self":[{"href":"https:\/\/chat-to-strangers.com\/it\/wp-json\/wp\/v2\/pages\/1703","targetHints":{"allow":["GET"]}}],"collection":[{"href":"https:\/\/chat-to-strangers.com\/it\/wp-json\/wp\/v2\/pages"}],"about":[{"href":"https:\/\/chat-to-strangers.com\/it\/wp-json\/wp\/v2\/types\/page"}],"author":[{"embeddable":true,"href":"https:\/\/chat-to-strangers.com\/it\/wp-json\/wp\/v2\/users\/1"}],"replies":[{"embeddable":true,"href":"https:\/\/chat-to-strangers.com\/it\/wp-json\/wp\/v2\/comments?post=1703"}],"version-history":[{"count":1,"href":"https:\/\/chat-to-strangers.com\/it\/wp-json\/wp\/v2\/pages\/1703\/revisions"}],"predecessor-version":[{"id":1704,"href":"https:\/\/chat-to-strangers.com\/it\/wp-json\/wp\/v2\/pages\/1703\/revisions\/1704"}],"wp:attachment":[{"href":"https:\/\/chat-to-strangers.com\/it\/wp-json\/wp\/v2\/media?parent=1703"}],"curies":[{"name":"parola chiave","href":"https:\/\/api.w.org\/{rel}","templated":true}]}}