{"id":1698,"date":"2025-06-26T13:50:20","date_gmt":"2025-06-26T13:50:20","guid":{"rendered":"https:\/\/chat-to-strangers.com\/?page_id=1698"},"modified":"2025-06-26T13:50:23","modified_gmt":"2025-06-26T13:50:23","slug":"guidelines","status":"publish","type":"page","link":"https:\/\/chat-to-strangers.com\/ro\/guidelines\/","title":{"rendered":"Instruc\u021biuni de utilizare a site-ului web"},"content":{"rendered":"<p><strong>Bun venit la <a href=\"https:\/\/chat-to-strangers.com\/ro\/roulette-chat\/\">conversa\u021bie<\/a> la <a href=\"https:\/\/chat-to-strangers.com\/ro\/talk-to-strangers\/\">Str\u0103inii<\/a>, o platform\u0103 conceput\u0103 pentru conexiuni semnificative. Regulile noastre comunitare sunt aici pentru a ajuta la crearea unui mediu sigur, respectuos \u0219i incluziv pentru to\u021bi utilizatorii. De\u0219i aceste reguli nu sunt exhaustive, ele eviden\u021biaz\u0103 principiile cheie pentru un comportament acceptabil. V\u0103 rug\u0103m s\u0103 da\u021bi dovad\u0103 de bun sim\u021b \u0219i s\u0103 ar\u0103ta\u021bi respect fa\u021b\u0103 de ceilal\u021bi atunci c\u00e2nd interac\u021biona\u021bi pe platform\u0103.<\/strong><\/p>\n\n\n\n<p>Aceste instruc\u021biuni se aplic\u0103 utiliz\u0103rii de c\u0103tre dvs. a <a href=\"https:\/\/chat-to-strangers.com\/ro\/safe-websites-to-talk-to-strangers\/\">Chat to Strangers<\/a> site-ul web \u0219i serviciile (\u201eServicii\u201d). Ne rezerv\u0103m dreptul de a modifica aceste instruc\u021biuni \u00een orice moment. \u00cenc\u0103lc\u0103rile pot duce la interdic\u021bii temporare sau permanente sau la alte ac\u021biuni considerate necesare pentru a men\u021bine integritatea comunit\u0103\u021bii noastre.<\/p>\n\n\n\n<p>Pentru a raporta o abatere sau un con\u021binut care \u00eencalc\u0103 regulile noastre, ap\u0103sa\u021bi pur \u0219i simplu butonul de raportare, astfel \u00eenc\u00e2t utilizatorul s\u0103 poat\u0103 fi blocat de la utilizarea site-ului. Pentru asisten\u021b\u0103 \u00een limitarea accesului minorilor la con\u021binut neadecvat, v\u0103 rug\u0103m s\u0103 verifica\u021bi controalele parentale la <a href=\"https:\/\/www.connectsafely.org\/controls\/\">Conecta\u021bi-v\u0103 \u00een siguran\u021b\u0103<\/a>.<\/p>\n\n\n\n<hr class=\"wp-block-separator has-alpha-channel-opacity\"\/>\n\n\n\n<p><strong>Linii directoare cheie<\/strong><\/p>\n\n\n\n<ul class=\"wp-block-list\">\n<li><strong>Respectarea legii:<\/strong> Respecta\u021bi toate legile locale, na\u021bionale \u0219i interna\u021bionale. Activit\u0103\u021bile, con\u021binutul sau solicit\u0103rile ilegale sunt strict interzise.<\/li>\n\n\n\n<li><strong>Interzicerea evaziunii:<\/strong> \u00cencerc\u0103rile de a ocoli interdic\u021biile, fie ele temporare sau permanente, nu sunt permise.<\/li>\n\n\n\n<li><strong>Violen\u021b\u0103 \u0219i amenin\u021b\u0103ri:<\/strong> Amenin\u021b\u0103rile sau actele de violen\u021b\u0103, intimidare sau h\u0103r\u021buire sunt interzise.<\/li>\n\n\n\n<li><strong>Conduit\u0103 instig\u0103toare la ur\u0103 \u0219i h\u0103r\u021buire:<\/strong> Nu va fi tolerat comportamentul discriminatoriu bazat pe ras\u0103, sex, orientare sexual\u0103, religie sau orice alt\u0103 caracteristic\u0103 personal\u0103.<\/li>\n\n\n\n<li><strong>Con\u021binut sexual explicit:<\/strong> Nuditatea, pornografia \u0219i con\u021binutul sexual explicit nu sunt permise \u00een sec\u021biunile moderate ale platformei.<\/li>\n\n\n\n<li><strong>Conduit\u0103 care implic\u0103 minori:<\/strong> Orice con\u021binut sau comportament care exploateaz\u0103, pune \u00een pericol sau sexualizeaz\u0103 minorii este strict interzis \u0219i poate fi raportat organelor de drept.<\/li>\n\n\n\n<li><strong>Informa\u021bii private:<\/strong> Respecta\u021bi intimitatea celorlal\u021bi. Partajarea neautorizat\u0103 a informa\u021biilor personale sau private este interzis\u0103.<\/li>\n\n\n\n<li><strong>Personificare:<\/strong> Inducerea \u00een eroare a altor persoane prin uzurparea identit\u0103\u021bii altei persoane sau entit\u0103\u021bi nu este permis\u0103.<\/li>\n\n\n\n<li><strong>Autoagresiune:<\/strong> Con\u021binutul care promoveaz\u0103 sau glorific\u0103 autov\u0103t\u0103marea este interzis.<\/li>\n\n\n\n<li><strong>Cruzimea fa\u021b\u0103 de animale:<\/strong> Orice comportament sau con\u021binut care implic\u0103 maltratarea sau v\u0103t\u0103marea animalelor este interzis.<\/li>\n\n\n\n<li><strong>Marketing \u0219i publicitate:<\/strong> Chat to Strangers nu poate fi utilizat \u00een scopuri publicitare sau de marketing neautorizate.<\/li>\n\n\n\n<li><strong>Utilizarea botului:<\/strong> Utilizarea bo\u021bilor pentru a interac\u021biona cu Serviciile sau pentru a le accesa nu este permis\u0103.<\/li>\n<\/ul>","protected":false},"excerpt":{"rendered":"<p>Welcome to Chat to Strangers, a platform designed for meaningful connections. Our Community Guidelines are here to help create a safe, respectful, and inclusive environment for all users. While these guidelines are not exhaustive, they highlight the key principles for acceptable behavior. Please use common sense and show respect toward others while engaging on the [&hellip;]<\/p>\n","protected":false},"author":1,"featured_media":0,"parent":0,"menu_order":0,"comment_status":"closed","ping_status":"closed","template":"","meta":{"footnotes":""},"class_list":["post-1698","page","type-page","status-publish","hentry"],"yoast_head":"<!-- This site is optimized with the Yoast SEO plugin v27.4 - https:\/\/yoast.com\/product\/yoast-seo-wordpress\/ -->\n<title>Website Use Guidelines - Chat to Strangers<\/title>\n<meta name=\"robots\" content=\"index, follow, max-snippet:-1, max-image-preview:large, max-video-preview:-1\" \/>\n<link rel=\"canonical\" href=\"https:\/\/chat-to-strangers.com\/ro\/guidelines\/\" \/>\n<meta property=\"og:locale\" content=\"ro_RO\" \/>\n<meta property=\"og:type\" content=\"article\" \/>\n<meta property=\"og:title\" content=\"Website Use Guidelines - Chat to Strangers\" \/>\n<meta property=\"og:description\" content=\"Welcome to Chat to Strangers, a platform designed for meaningful connections. Our Community Guidelines are here to help create a safe, respectful, and inclusive environment for all users. While these guidelines are not exhaustive, they highlight the key principles for acceptable behavior. Please use common sense and show respect toward others while engaging on the [&hellip;]\" \/>\n<meta property=\"og:url\" content=\"https:\/\/chat-to-strangers.com\/ro\/guidelines\/\" \/>\n<meta property=\"og:site_name\" content=\"Chat to Strangers\" \/>\n<meta property=\"article:modified_time\" content=\"2025-06-26T13:50:23+00:00\" \/>\n<meta name=\"twitter:card\" content=\"summary_large_image\" \/>\n<meta name=\"twitter:label1\" content=\"Timp estimat pentru citire\" \/>\n\t<meta name=\"twitter:data1\" content=\"2 minute\" \/>\n<script type=\"application\/ld+json\" class=\"yoast-schema-graph\">{\"@context\":\"https:\\\/\\\/schema.org\",\"@graph\":[{\"@type\":\"WebPage\",\"@id\":\"https:\\\/\\\/chat-to-strangers.com\\\/guidelines\\\/\",\"url\":\"https:\\\/\\\/chat-to-strangers.com\\\/guidelines\\\/\",\"name\":\"Website Use Guidelines - Chat to Strangers\",\"isPartOf\":{\"@id\":\"https:\\\/\\\/chat-to-strangers.com\\\/#website\"},\"datePublished\":\"2025-06-26T13:50:20+00:00\",\"dateModified\":\"2025-06-26T13:50:23+00:00\",\"breadcrumb\":{\"@id\":\"https:\\\/\\\/chat-to-strangers.com\\\/guidelines\\\/#breadcrumb\"},\"inLanguage\":\"ro-RO\",\"potentialAction\":[{\"@type\":\"ReadAction\",\"target\":[\"https:\\\/\\\/chat-to-strangers.com\\\/guidelines\\\/\"]}]},{\"@type\":\"BreadcrumbList\",\"@id\":\"https:\\\/\\\/chat-to-strangers.com\\\/guidelines\\\/#breadcrumb\",\"itemListElement\":[{\"@type\":\"ListItem\",\"position\":1,\"name\":\"Home\",\"item\":\"https:\\\/\\\/chat-to-strangers.com\\\/\"},{\"@type\":\"ListItem\",\"position\":2,\"name\":\"Website Use Guidelines\"}]},{\"@type\":\"WebSite\",\"@id\":\"https:\\\/\\\/chat-to-strangers.com\\\/#website\",\"url\":\"https:\\\/\\\/chat-to-strangers.com\\\/\",\"name\":\"Chat to Strangers\",\"description\":\"Connecting strangers from all over the world\",\"publisher\":{\"@id\":\"https:\\\/\\\/chat-to-strangers.com\\\/#organization\"},\"potentialAction\":[{\"@type\":\"SearchAction\",\"target\":{\"@type\":\"EntryPoint\",\"urlTemplate\":\"https:\\\/\\\/chat-to-strangers.com\\\/?s={search_term_string}\"},\"query-input\":{\"@type\":\"PropertyValueSpecification\",\"valueRequired\":true,\"valueName\":\"search_term_string\"}}],\"inLanguage\":\"ro-RO\"},{\"@type\":\"Organization\",\"@id\":\"https:\\\/\\\/chat-to-strangers.com\\\/#organization\",\"name\":\"Chat to Strangers\",\"url\":\"https:\\\/\\\/chat-to-strangers.com\\\/\",\"logo\":{\"@type\":\"ImageObject\",\"inLanguage\":\"ro-RO\",\"@id\":\"https:\\\/\\\/chat-to-strangers.com\\\/#\\\/schema\\\/logo\\\/image\\\/\",\"url\":\"https:\\\/\\\/chat-to-strangers.com\\\/wp-content\\\/uploads\\\/2025\\\/06\\\/cropped-chat-to-strangers-logo.png\",\"contentUrl\":\"https:\\\/\\\/chat-to-strangers.com\\\/wp-content\\\/uploads\\\/2025\\\/06\\\/cropped-chat-to-strangers-logo.png\",\"width\":1024,\"height\":298,\"caption\":\"Chat to Strangers\"},\"image\":{\"@id\":\"https:\\\/\\\/chat-to-strangers.com\\\/#\\\/schema\\\/logo\\\/image\\\/\"}}]}<\/script>\n<!-- \/ Yoast SEO plugin. -->","yoast_head_json":{"title":"Instruc\u021biuni de utilizare a site-ului web - Chat to Strangers","robots":{"index":"index","follow":"follow","max-snippet":"max-snippet:-1","max-image-preview":"max-image-preview:large","max-video-preview":"max-video-preview:-1"},"canonical":"https:\/\/chat-to-strangers.com\/ro\/guidelines\/","og_locale":"ro_RO","og_type":"article","og_title":"Website Use Guidelines - Chat to Strangers","og_description":"Welcome to Chat to Strangers, a platform designed for meaningful connections. Our Community Guidelines are here to help create a safe, respectful, and inclusive environment for all users. While these guidelines are not exhaustive, they highlight the key principles for acceptable behavior. Please use common sense and show respect toward others while engaging on the [&hellip;]","og_url":"https:\/\/chat-to-strangers.com\/ro\/guidelines\/","og_site_name":"Chat to Strangers","article_modified_time":"2025-06-26T13:50:23+00:00","twitter_card":"summary_large_image","twitter_misc":{"Timp estimat pentru citire":"2 minute"},"schema":{"@context":"https:\/\/schema.org","@graph":[{"@type":"WebPage","@id":"https:\/\/chat-to-strangers.com\/guidelines\/","url":"https:\/\/chat-to-strangers.com\/guidelines\/","name":"Instruc\u021biuni de utilizare a site-ului web - Chat to Strangers","isPartOf":{"@id":"https:\/\/chat-to-strangers.com\/#website"},"datePublished":"2025-06-26T13:50:20+00:00","dateModified":"2025-06-26T13:50:23+00:00","breadcrumb":{"@id":"https:\/\/chat-to-strangers.com\/guidelines\/#breadcrumb"},"inLanguage":"ro-RO","potentialAction":[{"@type":"ReadAction","target":["https:\/\/chat-to-strangers.com\/guidelines\/"]}]},{"@type":"BreadcrumbList","@id":"https:\/\/chat-to-strangers.com\/guidelines\/#breadcrumb","itemListElement":[{"@type":"ListItem","position":1,"name":"Home","item":"https:\/\/chat-to-strangers.com\/"},{"@type":"ListItem","position":2,"name":"Website Use Guidelines"}]},{"@type":"WebSite","@id":"https:\/\/chat-to-strangers.com\/#website","url":"https:\/\/chat-to-strangers.com\/","name":"Chat to Strangers","description":"Conecteaz\u0103 str\u0103ini din toat\u0103 lumea","publisher":{"@id":"https:\/\/chat-to-strangers.com\/#organization"},"potentialAction":[{"@type":"SearchAction","target":{"@type":"EntryPoint","urlTemplate":"https:\/\/chat-to-strangers.com\/?s={search_term_string}"},"query-input":{"@type":"PropertyValueSpecification","valueRequired":true,"valueName":"search_term_string"}}],"inLanguage":"ro-RO"},{"@type":"Organization","@id":"https:\/\/chat-to-strangers.com\/#organization","name":"Chat to Strangers","url":"https:\/\/chat-to-strangers.com\/","logo":{"@type":"ImageObject","inLanguage":"ro-RO","@id":"https:\/\/chat-to-strangers.com\/#\/schema\/logo\/image\/","url":"https:\/\/chat-to-strangers.com\/wp-content\/uploads\/2025\/06\/cropped-chat-to-strangers-logo.png","contentUrl":"https:\/\/chat-to-strangers.com\/wp-content\/uploads\/2025\/06\/cropped-chat-to-strangers-logo.png","width":1024,"height":298,"caption":"Chat to Strangers"},"image":{"@id":"https:\/\/chat-to-strangers.com\/#\/schema\/logo\/image\/"}}]}},"_links":{"self":[{"href":"https:\/\/chat-to-strangers.com\/ro\/wp-json\/wp\/v2\/pages\/1698","targetHints":{"allow":["GET"]}}],"collection":[{"href":"https:\/\/chat-to-strangers.com\/ro\/wp-json\/wp\/v2\/pages"}],"about":[{"href":"https:\/\/chat-to-strangers.com\/ro\/wp-json\/wp\/v2\/types\/page"}],"author":[{"embeddable":true,"href":"https:\/\/chat-to-strangers.com\/ro\/wp-json\/wp\/v2\/users\/1"}],"replies":[{"embeddable":true,"href":"https:\/\/chat-to-strangers.com\/ro\/wp-json\/wp\/v2\/comments?post=1698"}],"version-history":[{"count":1,"href":"https:\/\/chat-to-strangers.com\/ro\/wp-json\/wp\/v2\/pages\/1698\/revisions"}],"predecessor-version":[{"id":1699,"href":"https:\/\/chat-to-strangers.com\/ro\/wp-json\/wp\/v2\/pages\/1698\/revisions\/1699"}],"wp:attachment":[{"href":"https:\/\/chat-to-strangers.com\/ro\/wp-json\/wp\/v2\/media?parent=1698"}],"curies":[{"name":"wp","href":"https:\/\/api.w.org\/{rel}","templated":true}]}}