{"id":1703,"date":"2025-06-26T14:02:47","date_gmt":"2025-06-26T14:02:47","guid":{"rendered":"https:\/\/chat-to-strangers.com\/?page_id=1703"},"modified":"2025-06-26T14:02:50","modified_gmt":"2025-06-26T14:02:50","slug":"terms","status":"publish","type":"page","link":"https:\/\/chat-to-strangers.com\/sk\/terms\/","title":{"rendered":"Podmienky"},"content":{"rendered":"<p>Pou\u017e\u00edvan\u00edm na\u0161ej Slu\u017eby s\u00fahlas\u00edte s nasleduj\u00facim:<\/p>\n\n\n\n<ul class=\"wp-block-list\">\n<li>M\u00e1te 18 alebo viac rokov.<\/li>\n\n\n\n<li>Pre\u010d\u00edtali ste si a rozumiete t\u00fdmto Podmienkam a na\u0161im Z\u00e1sad\u00e1m ochrany osobn\u00fdch \u00fadajov.<\/li>\n\n\n\n<li>S\u00fahlas\u00edte s t\u00fdm, \u017ee budete dodr\u017eiava\u0165 na\u0161e <a href=\"https:\/\/chat-to-strangers.com\/sk\/guidelines\/\">Pokyny pre komunitu<\/a>.<\/li>\n<\/ul>\n\n\n\n<h3 class=\"wp-block-heading\">Pochopenie toho, k\u00fdm sme<\/h3>\n\n\n\n<p><strong><a href=\"https:\/\/chat-to-strangers.com\/sk\/roulette-chat\/\">Chat<\/a> do <a href=\"https:\/\/chat-to-strangers.com\/sk\/talk-to-strangers\/\">Cudzinci<\/a><\/strong> je chatovacia aplik\u00e1cia, ktor\u00e1 v\u00e1m umo\u017e\u0148uje spoji\u0165 sa a komunikova\u0165 s ostatn\u00fdmi pou\u017e\u00edvate\u013emi prostredn\u00edctvom okam\u017eit\u00fdch spr\u00e1v. Niektor\u00fd obsah zdie\u013ean\u00fd na platforme m\u00f4\u017ee odkazova\u0165 na extern\u00e9 webov\u00e9 str\u00e1nky, ktor\u00e9 nie s\u00fa prev\u00e1dzkovan\u00e9 nami. Pozrite si \u010das\u0165 6: In\u00e9 prepojen\u00e9 webov\u00e9 str\u00e1nky.<\/p>\n\n\n\n<hr class=\"wp-block-separator has-alpha-channel-opacity\"\/>\n\n\n\n<h3 class=\"wp-block-heading\">1. \u00da\u010dty<\/h3>\n\n\n\n<p>Ke\u010f\u017ee neexistuje \u017eiadny registra\u010dn\u00fd syst\u00e9m, ste v\u00fdlu\u010dne zodpovedn\u00ed za d\u00f4vernos\u0165 a bezpe\u010dnos\u0165 ak\u00e9hoko\u013evek zariadenia alebo platformy, ktor\u00fa pou\u017e\u00edvate na pr\u00edstup. <strong><a href=\"https:\/\/chat-to-strangers.com\/sk\/safe-websites-to-talk-to-strangers\/\">Chat to Strangers<\/a><\/strong>Preber\u00e1te zodpovednos\u0165 za v\u0161etky aktivity alebo akcie, ktor\u00e9 sa vyskytn\u00fa na va\u0161om zariaden\u00ed po\u010das pou\u017e\u00edvania na\u0161ej slu\u017eby.<\/p>\n\n\n\n<h3 class=\"wp-block-heading\">2. Ukon\u010denie<\/h3>\n\n\n\n<p>Vyhradzujeme si pr\u00e1vo okam\u017eite pozastavi\u0165 alebo ukon\u010di\u0165 pr\u00edstup k na\u0161im slu\u017eb\u00e1m bez predch\u00e1dzaj\u00faceho upozornenia alebo zodpovednosti z ak\u00e9hoko\u013evek d\u00f4vodu, vr\u00e1tane, ale nie v\u00fdlu\u010dne, poru\u0161enia t\u00fdchto Podmienok.<\/p>\n\n\n\n<h3 class=\"wp-block-heading\">3. Pokyny pre komunitu<\/h3>\n\n\n\n<p>Na\u0161e s\u00fa\u010dasn\u00e9 <a href=\"https:\/\/chat-to-strangers.com\/sk\/guidelines\/\">Pokyny pre komunitu<\/a>.<\/p>\n\n\n\n<h3 class=\"wp-block-heading\">4. Obsah<\/h3>\n\n\n\n<p>Na\u0161a Slu\u017eba v\u00e1m umo\u017e\u0148uje uverej\u0148ova\u0165, uklada\u0165, zdie\u013ea\u0165 a inak spr\u00edstup\u0148ova\u0165 ur\u010dit\u00e9 inform\u00e1cie, text, grafiku alebo vide\u00e1 (\u201eObsah\u201c). Za ak\u00fdko\u013evek obsah, ktor\u00fd zdie\u013eate prostredn\u00edctvom na\u0161ej Slu\u017eby, ste zodpovedn\u00ed vy. Typy povolen\u00e9ho alebo zak\u00e1zan\u00e9ho obsahu s\u00fa podrobne uveden\u00e9 v na\u0161ich Pokynoch pre komunitu. S\u00fahlas\u00edte s t\u00fdm, \u017ee nebudete nahr\u00e1va\u0165 ani zdie\u013ea\u0165 obsah, ktor\u00fd poru\u0161uje t\u00fato Zmluvu, na\u0161e Pravidl\u00e1, pr\u00e1va in\u00fdch pou\u017e\u00edvate\u013eov alebo ktor\u00fd by sa mohol pova\u017eova\u0165 za nevhodn\u00fd alebo ur\u00e1\u017eliv\u00fd.<\/p>\n\n\n\n<h3 class=\"wp-block-heading\">5. Moderovanie chatu a videa<\/h3>\n\n\n\n<p>Pou\u017e\u00edvan\u00edm na\u0161ej platformy beriete na vedomie a s\u00fahlas\u00edte s t\u00fdm, \u017ee nahl\u00e1sen\u00e9 alebo ozna\u010den\u00e9 spr\u00e1vy m\u00f4\u017eu by\u0165 skontrolovan\u00e9 moder\u00e1tormi. Toto je nevyhnutn\u00e9 pre udr\u017eanie bezpe\u010dnej a \u00factivej komunity. Nahl\u00e1sen\u00e9 chaty a video kan\u00e1ly m\u00f4\u017eu kontrolova\u0165 automatizovan\u00e9 syst\u00e9my aj \u013eudsk\u00ed moder\u00e1tori. \u010eal\u0161ie inform\u00e1cie n\u00e1jdete v na\u0161ich Pokynoch pre komunitu.<\/p>\n\n\n\n<h3 class=\"wp-block-heading\">6. \u010eal\u0161ie prepojen\u00e9 webov\u00e9 str\u00e1nky<\/h3>\n\n\n\n<p>Na\u0161a Slu\u017eba m\u00f4\u017ee obsahova\u0165 odkazy na webov\u00e9 str\u00e1nky tret\u00edch str\u00e1n, ktor\u00e9 neprev\u00e1dzkujeme. Ak kliknete na odkaz tretej strany, budete presmerovan\u00ed na ich str\u00e1nku. D\u00f4razne v\u00e1m odpor\u00fa\u010dame, aby ste si pre\u010d\u00edtali Z\u00e1sady ochrany osobn\u00fdch \u00fadajov ka\u017edej webovej str\u00e1nky, ktor\u00fa nav\u0161t\u00edvite (vr\u00e1tane soci\u00e1lnych m\u00e9di\u00ed, ako s\u00fa Twitter alebo Instagram).<\/p>\n\n\n\n<p>Nem\u00e1me \u017eiadnu kontrolu nad obsahom, z\u00e1sadami ochrany osobn\u00fdch \u00fadajov ani postupmi webov\u00fdch str\u00e1nok alebo slu\u017eieb tret\u00edch str\u00e1n a nepreber\u00e1me za ne \u017eiadnu zodpovednos\u0165.<\/p>\n\n\n\n<h3 class=\"wp-block-heading\">7. Z\u00e1ruka<\/h3>\n\n\n\n<p><strong>Chat to Strangers<\/strong> je poskytovan\u00e9 \u201etak, ako je\u201c, bez ak\u00fdchko\u013evek z\u00e1ruk. Nepreber\u00e1me zodpovednos\u0165 za \u017eiadne v\u00fdsledky vypl\u00fdvaj\u00face z pou\u017e\u00edvania na\u0161ej slu\u017eby. Nie sme zodpovedn\u00ed za \u017eiadny obsah zdie\u013ean\u00fd na samostatne hos\u0165ovan\u00fdch in\u0161tanci\u00e1ch, ako je uveden\u00e9 v na\u0161ich Pokynoch pre komunitu.<\/p>\n\n\n\n<h3 class=\"wp-block-heading\">8. Pr\u00e1va du\u0161evn\u00e9ho vlastn\u00edctva<\/h3>\n\n\n\n<p><strong>Chat to Strangers<\/strong> a jej vlastn\u00edci vlastnia a\/alebo maj\u00fa pr\u00e1vo pou\u017e\u00edva\u0165 v\u0161etky pr\u00e1va du\u0161evn\u00e9ho vlastn\u00edctva v na\u0161ich slu\u017eb\u00e1ch. Patria sem zdrojov\u00fd k\u00f3d, datab\u00e1zy, funk\u010dnos\u0165, softv\u00e9r, dizajn webov\u00fdch str\u00e1nok, zvuk, video, text, fotografie a grafiku, ako aj v\u0161etky ochrann\u00e9 zn\u00e1mky, servisn\u00e9 zna\u010dky a log\u00e1. Tieto s\u00fa chr\u00e1nen\u00e9 autorsk\u00fdmi pr\u00e1vami, ochrann\u00fdmi zn\u00e1mkami a in\u00fdmi z\u00e1konmi na celom svete. Obsah a ochrann\u00e9 zn\u00e1mky s\u00fa poskytovan\u00e9 len na va\u0161e osobn\u00e9, nekomer\u010dn\u00e9 pou\u017eitie a s\u00fa pon\u00fakan\u00e9 \u201eTAK, AKO S\u00da\u201c.<\/p>\n\n\n\n<h3 class=\"wp-block-heading\">9. Zak\u00e1zan\u00e9 \u010dinnosti<\/h3>\n\n\n\n<p>S\u00fahlas\u00edte s t\u00fdm, \u017ee nebudete:<\/p>\n\n\n\n<ul class=\"wp-block-list\">\n<li>Otestujte zranite\u013enos\u0165 na\u0161ich syst\u00e9mov alebo sa pok\u00faste ob\u00eds\u0165 bezpe\u010dnostn\u00e9 opatrenia.<\/li>\n\n\n\n<li>Na pr\u00edstup k obsahu alebo jeho s\u0165ahovanie pou\u017e\u00edvajte automatizovan\u00e9 syst\u00e9my (ako s\u00fa pav\u00faky alebo n\u00e1stroje na dolovanie d\u00e1t).<\/li>\n\n\n\n<li>Fal\u0161ova\u0165 hlavi\u010dky, manipulova\u0165 s identifika\u010dn\u00fdmi inform\u00e1ciami, sp\u00e4tne analyzova\u0165 ak\u00fdko\u013evek softv\u00e9r alebo nar\u00fa\u0161a\u0165 slu\u017eby pre in\u00fdch pou\u017e\u00edvate\u013eov pre\u0165a\u017eovan\u00edm, spamom alebo odosielan\u00edm v\u00edrusov.<\/li>\n\n\n\n<li>Povzbudzujte alebo pom\u00e1hajte ostatn\u00fdm pri vykon\u00e1van\u00ed ktorejko\u013evek z t\u00fdchto \u010dinnost\u00ed.<\/li>\n<\/ul>\n\n\n\n<h3 class=\"wp-block-heading\">10. Obmedzenie zodpovednosti<\/h3>\n\n\n\n<p><strong>Chat to Strangers<\/strong> nepreber\u00e1 \u017eiadnu zodpovednos\u0165 za akcie vykonan\u00e9 pou\u017e\u00edvate\u013emi ani za ak\u00fdko\u013evek obsah poskytnut\u00fd pou\u017e\u00edvate\u013emi.<\/p>\n\n\n\n<p>Zriekame sa akejko\u013evek zodpovednosti za ak\u00e9ko\u013evek probl\u00e9my vypl\u00fdvaj\u00face z pou\u017e\u00edvania na\u0161ej webovej str\u00e1nky vr\u00e1tane s\u00fadnych sporov, pok\u00fat, n\u00e1rokov, \u0161k\u00f4d, z\u00e1v\u00e4zkov, v\u00fddavkov alebo str\u00e1t ak\u00e9hoko\u013evek druhu \u2013 priamych, nepriamych, n\u00e1hodn\u00fdch alebo repres\u00edvnych. Patria sem okrem in\u00e9ho \u0161kody vypl\u00fdvaj\u00face z nedbanlivosti, preru\u0161enia slu\u017eieb, strata \u00fadajov, po\u0161kodenie hardv\u00e9ru v d\u00f4sledku v\u00edrusov, strata pr\u00edjmu, prem\u00e1rnen\u00e9 pr\u00edle\u017eitosti, poru\u0161enie zml\u00fav alebo n\u00e1roky tret\u00edch str\u00e1n.<\/p>\n\n\n\n<h3 class=\"wp-block-heading\">11. Zmeny<\/h3>\n\n\n\n<p>Tieto Podmienky slu\u017eby m\u00f4\u017eeme aktualizova\u0165 v z\u00e1vislosti od v\u00fdvoja na\u0161ich slu\u017eieb. Odpor\u00fa\u010dame v\u00e1m, aby ste si tieto Podmienky pravidelne prezerali. Ak\u00e9ko\u013evek zmeny nadob\u00fadaj\u00fa \u00fa\u010dinnos\u0165 okam\u017eite po zverejnen\u00ed na tejto str\u00e1nke.<\/p>\n\n\n\n<p>Hoci m\u00f4\u017eeme pou\u017e\u00edvate\u013eov ob\u010das informova\u0165 o aktualiz\u00e1ci\u00e1ch, zost\u00e1va va\u0161ou zodpovednos\u0165ou kontrolova\u0165 zmeny. Ak s t\u00fdmito Podmienkami nes\u00fahlas\u00edte, mus\u00edte presta\u0165 pou\u017e\u00edva\u0165 na\u0161u webov\u00fa str\u00e1nku.<\/p>","protected":false},"excerpt":{"rendered":"<p>By using our Service, you agree to the following: Understanding What We Are Chat to Strangers is a chat application that enables you to connect and communicate with other users via instant messaging. Some content shared on the platform may link to external websites not hosted by us. See Section 6: Other Linked Websites. 1. [&hellip;]<\/p>\n","protected":false},"author":1,"featured_media":0,"parent":0,"menu_order":0,"comment_status":"closed","ping_status":"closed","template":"","meta":{"footnotes":""},"class_list":["post-1703","page","type-page","status-publish","hentry"],"yoast_head":"<!-- This site is optimized with the Yoast SEO plugin v27.3 - https:\/\/yoast.com\/product\/yoast-seo-wordpress\/ -->\n<title>Terms - Chat to Strangers<\/title>\n<meta name=\"robots\" content=\"index, follow, max-snippet:-1, max-image-preview:large, max-video-preview:-1\" \/>\n<link rel=\"canonical\" href=\"https:\/\/chat-to-strangers.com\/sk\/terms\/\" \/>\n<meta property=\"og:locale\" content=\"sk_SK\" \/>\n<meta property=\"og:type\" content=\"article\" \/>\n<meta property=\"og:title\" content=\"Terms - Chat to Strangers\" \/>\n<meta property=\"og:description\" content=\"By using our Service, you agree to the following: Understanding What We Are Chat to Strangers is a chat application that enables you to connect and communicate with other users via instant messaging. Some content shared on the platform may link to external websites not hosted by us. See Section 6: Other Linked Websites. 1. [&hellip;]\" \/>\n<meta property=\"og:url\" content=\"https:\/\/chat-to-strangers.com\/sk\/terms\/\" \/>\n<meta property=\"og:site_name\" content=\"Chat to Strangers\" \/>\n<meta property=\"article:modified_time\" content=\"2025-06-26T14:02:50+00:00\" \/>\n<meta name=\"twitter:card\" content=\"summary_large_image\" \/>\n<meta name=\"twitter:label1\" content=\"Predpokladan\u00fd \u010das \u010d\u00edtania\" \/>\n\t<meta name=\"twitter:data1\" content=\"4 min\u00faty\" \/>\n<script type=\"application\/ld+json\" class=\"yoast-schema-graph\">{\"@context\":\"https:\\\/\\\/schema.org\",\"@graph\":[{\"@type\":\"WebPage\",\"@id\":\"https:\\\/\\\/chat-to-strangers.com\\\/terms\\\/\",\"url\":\"https:\\\/\\\/chat-to-strangers.com\\\/terms\\\/\",\"name\":\"Terms - Chat to Strangers\",\"isPartOf\":{\"@id\":\"https:\\\/\\\/chat-to-strangers.com\\\/#website\"},\"datePublished\":\"2025-06-26T14:02:47+00:00\",\"dateModified\":\"2025-06-26T14:02:50+00:00\",\"breadcrumb\":{\"@id\":\"https:\\\/\\\/chat-to-strangers.com\\\/terms\\\/#breadcrumb\"},\"inLanguage\":\"sk-SK\",\"potentialAction\":[{\"@type\":\"ReadAction\",\"target\":[\"https:\\\/\\\/chat-to-strangers.com\\\/terms\\\/\"]}]},{\"@type\":\"BreadcrumbList\",\"@id\":\"https:\\\/\\\/chat-to-strangers.com\\\/terms\\\/#breadcrumb\",\"itemListElement\":[{\"@type\":\"ListItem\",\"position\":1,\"name\":\"Home\",\"item\":\"https:\\\/\\\/chat-to-strangers.com\\\/\"},{\"@type\":\"ListItem\",\"position\":2,\"name\":\"Terms\"}]},{\"@type\":\"WebSite\",\"@id\":\"https:\\\/\\\/chat-to-strangers.com\\\/#website\",\"url\":\"https:\\\/\\\/chat-to-strangers.com\\\/\",\"name\":\"Chat to Strangers\",\"description\":\"Connecting strangers from all over the world\",\"publisher\":{\"@id\":\"https:\\\/\\\/chat-to-strangers.com\\\/#organization\"},\"potentialAction\":[{\"@type\":\"SearchAction\",\"target\":{\"@type\":\"EntryPoint\",\"urlTemplate\":\"https:\\\/\\\/chat-to-strangers.com\\\/?s={search_term_string}\"},\"query-input\":{\"@type\":\"PropertyValueSpecification\",\"valueRequired\":true,\"valueName\":\"search_term_string\"}}],\"inLanguage\":\"sk-SK\"},{\"@type\":\"Organization\",\"@id\":\"https:\\\/\\\/chat-to-strangers.com\\\/#organization\",\"name\":\"Chat to Strangers\",\"url\":\"https:\\\/\\\/chat-to-strangers.com\\\/\",\"logo\":{\"@type\":\"ImageObject\",\"inLanguage\":\"sk-SK\",\"@id\":\"https:\\\/\\\/chat-to-strangers.com\\\/#\\\/schema\\\/logo\\\/image\\\/\",\"url\":\"https:\\\/\\\/chat-to-strangers.com\\\/wp-content\\\/uploads\\\/2025\\\/06\\\/cropped-chat-to-strangers-logo.png\",\"contentUrl\":\"https:\\\/\\\/chat-to-strangers.com\\\/wp-content\\\/uploads\\\/2025\\\/06\\\/cropped-chat-to-strangers-logo.png\",\"width\":1024,\"height\":298,\"caption\":\"Chat to Strangers\"},\"image\":{\"@id\":\"https:\\\/\\\/chat-to-strangers.com\\\/#\\\/schema\\\/logo\\\/image\\\/\"}}]}<\/script>\n<!-- \/ Yoast SEO plugin. -->","yoast_head_json":{"title":"Podmienky - Chat to Strangers","robots":{"index":"index","follow":"follow","max-snippet":"max-snippet:-1","max-image-preview":"max-image-preview:large","max-video-preview":"max-video-preview:-1"},"canonical":"https:\/\/chat-to-strangers.com\/sk\/terms\/","og_locale":"sk_SK","og_type":"article","og_title":"Terms - Chat to Strangers","og_description":"By using our Service, you agree to the following: Understanding What We Are Chat to Strangers is a chat application that enables you to connect and communicate with other users via instant messaging. Some content shared on the platform may link to external websites not hosted by us. See Section 6: Other Linked Websites. 1. [&hellip;]","og_url":"https:\/\/chat-to-strangers.com\/sk\/terms\/","og_site_name":"Chat to Strangers","article_modified_time":"2025-06-26T14:02:50+00:00","twitter_card":"summary_large_image","twitter_misc":{"Predpokladan\u00fd \u010das \u010d\u00edtania":"4 min\u00faty"},"schema":{"@context":"https:\/\/schema.org","@graph":[{"@type":"WebPage","@id":"https:\/\/chat-to-strangers.com\/terms\/","url":"https:\/\/chat-to-strangers.com\/terms\/","name":"Podmienky - Chat to Strangers","isPartOf":{"@id":"https:\/\/chat-to-strangers.com\/#website"},"datePublished":"2025-06-26T14:02:47+00:00","dateModified":"2025-06-26T14:02:50+00:00","breadcrumb":{"@id":"https:\/\/chat-to-strangers.com\/terms\/#breadcrumb"},"inLanguage":"sk-SK","potentialAction":[{"@type":"ReadAction","target":["https:\/\/chat-to-strangers.com\/terms\/"]}]},{"@type":"BreadcrumbList","@id":"https:\/\/chat-to-strangers.com\/terms\/#breadcrumb","itemListElement":[{"@type":"ListItem","position":1,"name":"Home","item":"https:\/\/chat-to-strangers.com\/"},{"@type":"ListItem","position":2,"name":"Terms"}]},{"@type":"WebSite","@id":"https:\/\/chat-to-strangers.com\/#website","url":"https:\/\/chat-to-strangers.com\/","name":"Chat to Strangers","description":"Sp\u00e1janie nezn\u00e1mych \u013eud\u00ed z cel\u00e9ho sveta","publisher":{"@id":"https:\/\/chat-to-strangers.com\/#organization"},"potentialAction":[{"@type":"SearchAction","target":{"@type":"EntryPoint","urlTemplate":"https:\/\/chat-to-strangers.com\/?s={search_term_string}"},"query-input":{"@type":"PropertyValueSpecification","valueRequired":true,"valueName":"search_term_string"}}],"inLanguage":"sk-SK"},{"@type":"Organization","@id":"https:\/\/chat-to-strangers.com\/#organization","name":"Chat to Strangers","url":"https:\/\/chat-to-strangers.com\/","logo":{"@type":"ImageObject","inLanguage":"sk-SK","@id":"https:\/\/chat-to-strangers.com\/#\/schema\/logo\/image\/","url":"https:\/\/chat-to-strangers.com\/wp-content\/uploads\/2025\/06\/cropped-chat-to-strangers-logo.png","contentUrl":"https:\/\/chat-to-strangers.com\/wp-content\/uploads\/2025\/06\/cropped-chat-to-strangers-logo.png","width":1024,"height":298,"caption":"Chat to Strangers"},"image":{"@id":"https:\/\/chat-to-strangers.com\/#\/schema\/logo\/image\/"}}]}},"_links":{"self":[{"href":"https:\/\/chat-to-strangers.com\/sk\/wp-json\/wp\/v2\/pages\/1703","targetHints":{"allow":["GET"]}}],"collection":[{"href":"https:\/\/chat-to-strangers.com\/sk\/wp-json\/wp\/v2\/pages"}],"about":[{"href":"https:\/\/chat-to-strangers.com\/sk\/wp-json\/wp\/v2\/types\/page"}],"author":[{"embeddable":true,"href":"https:\/\/chat-to-strangers.com\/sk\/wp-json\/wp\/v2\/users\/1"}],"replies":[{"embeddable":true,"href":"https:\/\/chat-to-strangers.com\/sk\/wp-json\/wp\/v2\/comments?post=1703"}],"version-history":[{"count":1,"href":"https:\/\/chat-to-strangers.com\/sk\/wp-json\/wp\/v2\/pages\/1703\/revisions"}],"predecessor-version":[{"id":1704,"href":"https:\/\/chat-to-strangers.com\/sk\/wp-json\/wp\/v2\/pages\/1703\/revisions\/1704"}],"wp:attachment":[{"href":"https:\/\/chat-to-strangers.com\/sk\/wp-json\/wp\/v2\/media?parent=1703"}],"curies":[{"name":"pracovn\u00fd list","href":"https:\/\/api.w.org\/{rel}","templated":true}]}}