{"id":1698,"date":"2025-06-26T13:50:20","date_gmt":"2025-06-26T13:50:20","guid":{"rendered":"https:\/\/chat-to-strangers.com\/?page_id=1698"},"modified":"2025-06-26T13:50:23","modified_gmt":"2025-06-26T13:50:23","slug":"guidelines","status":"publish","type":"page","link":"https:\/\/chat-to-strangers.com\/sl\/guidelines\/","title":{"rendered":"Smernice za uporabo spletnega mesta"},"content":{"rendered":"<p><strong>Dobrodo\u0161li v <a href=\"https:\/\/chat-to-strangers.com\/sl\/roulette-chat\/\">Klepet<\/a> do <a href=\"https:\/\/chat-to-strangers.com\/sl\/talk-to-strangers\/\">Neznanci<\/a>, platforma, zasnovana za smiselne povezave. Na\u0161e smernice skupnosti so tu zato, da pomagajo ustvariti varno, spo\u0161tljivo in vklju\u010dujo\u010de okolje za vse uporabnike. \u010ceprav te smernice niso iz\u010drpne, poudarjajo klju\u010dna na\u010dela sprejemljivega vedenja. Prosimo, da med uporabo platforme uporabljate zdrav razum in izkazujete spo\u0161tovanje do drugih.<\/strong><\/p>\n\n\n\n<p>Ta navodila veljajo za va\u0161o uporabo <a href=\"https:\/\/chat-to-strangers.com\/sl\/safe-websites-to-talk-to-strangers\/\">Chat to Strangers<\/a> spletna stran in storitve (\u00bbStoritve\u00ab). Pridr\u017eujemo si pravico, da te smernice kadar koli spremenimo. Kr\u0161itve lahko povzro\u010dijo za\u010dasne ali trajne prepovedi ali druge ukrepe, ki se \u0161tejejo za potrebne za ohranitev integritete na\u0161e skupnosti.<\/p>\n\n\n\n<p>\u010ce \u017eelite prijaviti neprimerno vedenje ali vsebino, ki kr\u0161i na\u0161a navodila, preprosto kliknite gumb za prijavo, da uporabniku prepre\u010dimo uporabo spletnega mesta. Za pomo\u010d pri omejevanju dostopa mladoletnikov do neprimerne vsebine preverite star\u0161evski nadzor na <a href=\"https:\/\/www.connectsafely.org\/controls\/\">ConnectSafely<\/a>.<\/p>\n\n\n\n<hr class=\"wp-block-separator has-alpha-channel-opacity\"\/>\n\n\n\n<p><strong>Klju\u010dne smernice<\/strong><\/p>\n\n\n\n<ul class=\"wp-block-list\">\n<li><strong>Skladnost z zakonom:<\/strong> Upo\u0161tevajte vse lokalne, nacionalne in mednarodne zakone. Nezakonite dejavnosti, vsebine ali nagovarjanje so strogo prepovedane.<\/li>\n\n\n\n<li><strong>Izogibanje prepovedi:<\/strong> Poskusi obhoda prepovedi, bodisi za\u010dasnih bodisi trajnih, niso dovoljeni.<\/li>\n\n\n\n<li><strong>Nasilje in gro\u017enje:<\/strong> Gro\u017enje ali nasilna dejanja, ustrahovanje ali nadlegovanje so prepovedani.<\/li>\n\n\n\n<li><strong>Sovra\u017eno vedenje in nadlegovanje:<\/strong> Diskriminatorno vedenje na podlagi rase, spola, spolne usmerjenosti, vere ali katere koli druge osebne zna\u010dilnosti ne bo tolerirano.<\/li>\n\n\n\n<li><strong>Spolno eksplicitna vsebina:<\/strong> Golota, pornografija in eksplicitne spolne vsebine niso dovoljene na moderiranih delih platforme.<\/li>\n\n\n\n<li><strong>Ravnanje, ki vklju\u010duje mladoletnike:<\/strong> Vsaka vsebina ali vedenje, ki izkori\u0161\u010da, ogro\u017ea ali spolno predstavlja mladoletnike, je strogo prepovedano in se lahko prijavi organom pregona.<\/li>\n\n\n\n<li><strong>Zasebni podatki:<\/strong> Spo\u0161tujte zasebnost drugih. Nepoobla\u0161\u010deno deljenje osebnih ali zasebnih podatkov je prepovedano.<\/li>\n\n\n\n<li><strong>La\u017eno predstavljanje:<\/strong> Zavajanje drugih z la\u017enim predstavljanjem kot druga oseba ali subjekt ni dovoljeno.<\/li>\n\n\n\n<li><strong>Samopo\u0161kodovanje:<\/strong> Vsebina, ki spodbuja ali poveli\u010duje samopo\u0161kodovanje, je prepovedana.<\/li>\n\n\n\n<li><strong>Krutost do \u017eivali:<\/strong> Prepovedano je vsako vedenje ali vsebina, ki vklju\u010duje zlorabo ali po\u0161kodovanje \u017eivali.<\/li>\n\n\n\n<li><strong>Tr\u017eenje in ogla\u0161evanje:<\/strong> Chat to Strangers se ne sme uporabljati za nepoobla\u0161\u010dene namene ogla\u0161evanja ali tr\u017eenja.<\/li>\n\n\n\n<li><strong>Uporaba bota:<\/strong> Uporaba botov za interakcijo s storitvami ali dostop do njih ni dovoljena.<\/li>\n<\/ul>","protected":false},"excerpt":{"rendered":"<p>Welcome to Chat to Strangers, a platform designed for meaningful connections. Our Community Guidelines are here to help create a safe, respectful, and inclusive environment for all users. While these guidelines are not exhaustive, they highlight the key principles for acceptable behavior. Please use common sense and show respect toward others while engaging on the [&hellip;]<\/p>\n","protected":false},"author":1,"featured_media":0,"parent":0,"menu_order":0,"comment_status":"closed","ping_status":"closed","template":"","meta":{"footnotes":""},"class_list":["post-1698","page","type-page","status-publish","hentry"],"yoast_head":"<!-- This site is optimized with the Yoast SEO plugin v27.4 - https:\/\/yoast.com\/product\/yoast-seo-wordpress\/ -->\n<title>Website Use Guidelines - Chat to Strangers<\/title>\n<meta name=\"robots\" content=\"index, follow, max-snippet:-1, max-image-preview:large, max-video-preview:-1\" \/>\n<link rel=\"canonical\" href=\"https:\/\/chat-to-strangers.com\/sl\/guidelines\/\" \/>\n<meta property=\"og:locale\" content=\"sl_SI\" \/>\n<meta property=\"og:type\" content=\"article\" \/>\n<meta property=\"og:title\" content=\"Website Use Guidelines - Chat to Strangers\" \/>\n<meta property=\"og:description\" content=\"Welcome to Chat to Strangers, a platform designed for meaningful connections. Our Community Guidelines are here to help create a safe, respectful, and inclusive environment for all users. While these guidelines are not exhaustive, they highlight the key principles for acceptable behavior. Please use common sense and show respect toward others while engaging on the [&hellip;]\" \/>\n<meta property=\"og:url\" content=\"https:\/\/chat-to-strangers.com\/sl\/guidelines\/\" \/>\n<meta property=\"og:site_name\" content=\"Chat to Strangers\" \/>\n<meta property=\"article:modified_time\" content=\"2025-06-26T13:50:23+00:00\" \/>\n<meta name=\"twitter:card\" content=\"summary_large_image\" \/>\n<meta name=\"twitter:label1\" content=\"Est. reading time\" \/>\n\t<meta name=\"twitter:data1\" content=\"2 minuti\" \/>\n<script type=\"application\/ld+json\" class=\"yoast-schema-graph\">{\"@context\":\"https:\\\/\\\/schema.org\",\"@graph\":[{\"@type\":\"WebPage\",\"@id\":\"https:\\\/\\\/chat-to-strangers.com\\\/guidelines\\\/\",\"url\":\"https:\\\/\\\/chat-to-strangers.com\\\/guidelines\\\/\",\"name\":\"Website Use Guidelines - Chat to Strangers\",\"isPartOf\":{\"@id\":\"https:\\\/\\\/chat-to-strangers.com\\\/#website\"},\"datePublished\":\"2025-06-26T13:50:20+00:00\",\"dateModified\":\"2025-06-26T13:50:23+00:00\",\"breadcrumb\":{\"@id\":\"https:\\\/\\\/chat-to-strangers.com\\\/guidelines\\\/#breadcrumb\"},\"inLanguage\":\"sl-SI\",\"potentialAction\":[{\"@type\":\"ReadAction\",\"target\":[\"https:\\\/\\\/chat-to-strangers.com\\\/guidelines\\\/\"]}]},{\"@type\":\"BreadcrumbList\",\"@id\":\"https:\\\/\\\/chat-to-strangers.com\\\/guidelines\\\/#breadcrumb\",\"itemListElement\":[{\"@type\":\"ListItem\",\"position\":1,\"name\":\"Home\",\"item\":\"https:\\\/\\\/chat-to-strangers.com\\\/\"},{\"@type\":\"ListItem\",\"position\":2,\"name\":\"Website Use Guidelines\"}]},{\"@type\":\"WebSite\",\"@id\":\"https:\\\/\\\/chat-to-strangers.com\\\/#website\",\"url\":\"https:\\\/\\\/chat-to-strangers.com\\\/\",\"name\":\"Chat to Strangers\",\"description\":\"Connecting strangers from all over the world\",\"publisher\":{\"@id\":\"https:\\\/\\\/chat-to-strangers.com\\\/#organization\"},\"potentialAction\":[{\"@type\":\"SearchAction\",\"target\":{\"@type\":\"EntryPoint\",\"urlTemplate\":\"https:\\\/\\\/chat-to-strangers.com\\\/?s={search_term_string}\"},\"query-input\":{\"@type\":\"PropertyValueSpecification\",\"valueRequired\":true,\"valueName\":\"search_term_string\"}}],\"inLanguage\":\"sl-SI\"},{\"@type\":\"Organization\",\"@id\":\"https:\\\/\\\/chat-to-strangers.com\\\/#organization\",\"name\":\"Chat to Strangers\",\"url\":\"https:\\\/\\\/chat-to-strangers.com\\\/\",\"logo\":{\"@type\":\"ImageObject\",\"inLanguage\":\"sl-SI\",\"@id\":\"https:\\\/\\\/chat-to-strangers.com\\\/#\\\/schema\\\/logo\\\/image\\\/\",\"url\":\"https:\\\/\\\/chat-to-strangers.com\\\/wp-content\\\/uploads\\\/2025\\\/06\\\/cropped-chat-to-strangers-logo.png\",\"contentUrl\":\"https:\\\/\\\/chat-to-strangers.com\\\/wp-content\\\/uploads\\\/2025\\\/06\\\/cropped-chat-to-strangers-logo.png\",\"width\":1024,\"height\":298,\"caption\":\"Chat to Strangers\"},\"image\":{\"@id\":\"https:\\\/\\\/chat-to-strangers.com\\\/#\\\/schema\\\/logo\\\/image\\\/\"}}]}<\/script>\n<!-- \/ Yoast SEO plugin. -->","yoast_head_json":{"title":"Smernice za uporabo spletnega mesta - Chat to Strangers","robots":{"index":"index","follow":"follow","max-snippet":"max-snippet:-1","max-image-preview":"max-image-preview:large","max-video-preview":"max-video-preview:-1"},"canonical":"https:\/\/chat-to-strangers.com\/sl\/guidelines\/","og_locale":"sl_SI","og_type":"article","og_title":"Website Use Guidelines - Chat to Strangers","og_description":"Welcome to Chat to Strangers, a platform designed for meaningful connections. Our Community Guidelines are here to help create a safe, respectful, and inclusive environment for all users. While these guidelines are not exhaustive, they highlight the key principles for acceptable behavior. Please use common sense and show respect toward others while engaging on the [&hellip;]","og_url":"https:\/\/chat-to-strangers.com\/sl\/guidelines\/","og_site_name":"Chat to Strangers","article_modified_time":"2025-06-26T13:50:23+00:00","twitter_card":"summary_large_image","twitter_misc":{"Est. reading time":"2 minuti"},"schema":{"@context":"https:\/\/schema.org","@graph":[{"@type":"WebPage","@id":"https:\/\/chat-to-strangers.com\/guidelines\/","url":"https:\/\/chat-to-strangers.com\/guidelines\/","name":"Smernice za uporabo spletnega mesta - Chat to Strangers","isPartOf":{"@id":"https:\/\/chat-to-strangers.com\/#website"},"datePublished":"2025-06-26T13:50:20+00:00","dateModified":"2025-06-26T13:50:23+00:00","breadcrumb":{"@id":"https:\/\/chat-to-strangers.com\/guidelines\/#breadcrumb"},"inLanguage":"sl-SI","potentialAction":[{"@type":"ReadAction","target":["https:\/\/chat-to-strangers.com\/guidelines\/"]}]},{"@type":"BreadcrumbList","@id":"https:\/\/chat-to-strangers.com\/guidelines\/#breadcrumb","itemListElement":[{"@type":"ListItem","position":1,"name":"Home","item":"https:\/\/chat-to-strangers.com\/"},{"@type":"ListItem","position":2,"name":"Website Use Guidelines"}]},{"@type":"WebSite","@id":"https:\/\/chat-to-strangers.com\/#website","url":"https:\/\/chat-to-strangers.com\/","name":"Chat to Strangers","description":"Povezovanje neznancev z vsega sveta","publisher":{"@id":"https:\/\/chat-to-strangers.com\/#organization"},"potentialAction":[{"@type":"SearchAction","target":{"@type":"EntryPoint","urlTemplate":"https:\/\/chat-to-strangers.com\/?s={search_term_string}"},"query-input":{"@type":"PropertyValueSpecification","valueRequired":true,"valueName":"search_term_string"}}],"inLanguage":"sl-SI"},{"@type":"Organization","@id":"https:\/\/chat-to-strangers.com\/#organization","name":"Chat to Strangers","url":"https:\/\/chat-to-strangers.com\/","logo":{"@type":"ImageObject","inLanguage":"sl-SI","@id":"https:\/\/chat-to-strangers.com\/#\/schema\/logo\/image\/","url":"https:\/\/chat-to-strangers.com\/wp-content\/uploads\/2025\/06\/cropped-chat-to-strangers-logo.png","contentUrl":"https:\/\/chat-to-strangers.com\/wp-content\/uploads\/2025\/06\/cropped-chat-to-strangers-logo.png","width":1024,"height":298,"caption":"Chat to Strangers"},"image":{"@id":"https:\/\/chat-to-strangers.com\/#\/schema\/logo\/image\/"}}]}},"_links":{"self":[{"href":"https:\/\/chat-to-strangers.com\/sl\/wp-json\/wp\/v2\/pages\/1698","targetHints":{"allow":["GET"]}}],"collection":[{"href":"https:\/\/chat-to-strangers.com\/sl\/wp-json\/wp\/v2\/pages"}],"about":[{"href":"https:\/\/chat-to-strangers.com\/sl\/wp-json\/wp\/v2\/types\/page"}],"author":[{"embeddable":true,"href":"https:\/\/chat-to-strangers.com\/sl\/wp-json\/wp\/v2\/users\/1"}],"replies":[{"embeddable":true,"href":"https:\/\/chat-to-strangers.com\/sl\/wp-json\/wp\/v2\/comments?post=1698"}],"version-history":[{"count":1,"href":"https:\/\/chat-to-strangers.com\/sl\/wp-json\/wp\/v2\/pages\/1698\/revisions"}],"predecessor-version":[{"id":1699,"href":"https:\/\/chat-to-strangers.com\/sl\/wp-json\/wp\/v2\/pages\/1698\/revisions\/1699"}],"wp:attachment":[{"href":"https:\/\/chat-to-strangers.com\/sl\/wp-json\/wp\/v2\/media?parent=1698"}],"curies":[{"name":"delovni list","href":"https:\/\/api.w.org\/{rel}","templated":true}]}}