{"id":197,"date":"2022-12-27T17:55:58","date_gmt":"2022-12-27T17:55:58","guid":{"rendered":"https:\/\/export.mercurytheme.com\/012\/?page_id=119"},"modified":"2023-06-07T12:46:38","modified_gmt":"2023-06-07T12:46:38","slug":"novice","status":"publish","type":"page","link":"https:\/\/chat-to-strangers.com\/sl\/news\/","title":{"rendered":"Na\u010dini klepeta z neznanci"},"content":{"rendered":"<h2 class=\"wp-block-heading\">Zakaj ljudje uporabljajo spletne kamere?<\/h2>\n\n\n\n<p>Ljudje uporabljajo <a href=\"https:\/\/chat-to-strangers.com\/sl\/camwithher\/\">kamera<\/a> spletnih mest iz razli\u010dnih razlogov, njihova motivacija pa se lahko razlikuje od osebe do osebe. Tukaj je nekaj pogostih razlogov, zakaj se posamezniki odlo\u010dijo za uporabo <a href=\"https:\/\/chat-to-strangers.com\/sl\/lemoncams\/\">spletne strani s kamerami<\/a>:<\/p>\n\n\n\n<ol class=\"wp-block-list\">\n<li>Zabava za odrasle: Mnogi ljudje obi\u0161\u010dejo spletne strani s kamerami zaradi spolnega zadovoljstva in zabave. <a href=\"https:\/\/chat-to-strangers.com\/sl\/camcrush-review\/\">Modeli s kamerami<\/a> pogosto izvajajo eksplicitna dejanja ali se pogovarjajo o spolnosti, kar gledalcem zagotavlja virtualno izku\u0161njo, ki je lahko vzburljiva ali zadovoljiva.<\/li>\n\n\n\n<li>Interakcija in povezava: Spletna mesta s kamerami ponujajo platformo, kjer lahko posamezniki v realnem \u010dasu komunicirajo z modeli prek kamer. Nekateri uporabniki i\u0161\u010dejo dru\u017ebo, pogovor ali ob\u010dutek povezanosti, ki ga morda ne najdejo v svojem \u017eivljenju brez povezave. Interakcija z modeli prek kamer lahko zagotovi obliko socialne interakcije, zlasti za tiste, ki se po\u010dutijo osamljene ali izolirane.<\/li>\n\n\n\n<li>Raziskovanje in izpolnitev fantazij: Spletne strani s kamerami ljudem omogo\u010dajo, da raziskujejo svoje spolne fantazije v varnem in sporazumnem okolju. Uporabniki imajo lahko posebne feti\u0161e ali preference, ki jih lahko razi\u0161\u010dejo s \u0161iroko paleto modelov s kamerami, ki so na voljo na teh platformah.<\/li>\n\n\n\n<li>Anonimnost in zasebnost: Spletne strani s kamerami ponujajo dolo\u010deno raven anonimnosti in zasebnosti za uporabnike. Ljudje lahko komunicirajo z modeli prek kamer, ne da bi razkrili svojo identiteto, kar jim omogo\u010da, da ohranijo svojo zasebnost in razi\u0161\u010dejo svoje \u017eelje brez obsojanja ali posledic.<\/li>\n\n\n\n<li>Prilagojene izku\u0161nje: \u0160tevilna spletna mesta s kamerami uporabnikom omogo\u010dajo, da zahtevajo prilagojene predstave ali komunicirajo z modeli s kamerami prek zasebnih <a href=\"https:\/\/chat-to-strangers.com\/sl\/roulette-chat\/\">klepet<\/a> sobe. Ta raven prilagoditve posameznikom omogo\u010da, da svojo izku\u0161njo prilagodijo svojim specifi\u010dnim \u017eeljam in ustvarijo bolj intimno in osebno interakcijo.<\/li>\n\n\n\n<li>Spolna vzgoja in raziskovanje: Nekateri posamezniki lahko uporabljajo spletne strani s kamerami kot sredstvo za spolno vzgojo ali raziskovanje. Lahko i\u0161\u010dejo informacije o razli\u010dnih spolnih praksah, se u\u010dijo od izku\u0161enih modelov s kamerami ali pa uporabljajo spletne strani s kamerami kot vir za razumevanje lastnih \u017eelja in preferenc.<\/li>\n<\/ol>\n\n\n\n<p>Pomembno je omeniti, da \u010deprav lahko spletna mesta s kamerami nekaterim ljudem nudijo vir zabave in povezovanja, je bistveno, da se z njimi anga\u017eirate odgovorno in spo\u0161tujete meje ter soglasje vpletenih modelov s kamerami.<\/p>","protected":false},"excerpt":{"rendered":"<p>Why do people use cam sites? People use cam sites for various reasons, and their motivations can differ from person to person. Here are some common reasons why individuals may choose to use cam sites: It&#8217;s important to note that while cam sites can provide a source of entertainment and connection for some people, it&#8217;s [&hellip;]<\/p>\n","protected":false},"author":1,"featured_media":0,"parent":0,"menu_order":0,"comment_status":"closed","ping_status":"closed","template":"page-blog.php","meta":{"footnotes":""},"class_list":["post-197","page","type-page","status-publish","hentry"],"yoast_head":"<!-- This site is optimized with the Yoast SEO plugin v27.4 - https:\/\/yoast.com\/product\/yoast-seo-wordpress\/ -->\n<title>Ways to Chat with Strangers - Chat to Strangers<\/title>\n<meta name=\"description\" content=\"Explore all the different cam-sites that allow people to chat to strangers from all around the world.\" \/>\n<meta name=\"robots\" content=\"index, follow, max-snippet:-1, max-image-preview:large, max-video-preview:-1\" \/>\n<link rel=\"canonical\" href=\"https:\/\/chat-to-strangers.com\/sl\/novice\/\" \/>\n<meta property=\"og:locale\" content=\"sl_SI\" \/>\n<meta property=\"og:type\" content=\"article\" \/>\n<meta property=\"og:title\" content=\"Ways to Chat with Strangers - Chat to Strangers\" \/>\n<meta property=\"og:description\" content=\"Explore all the different cam-sites that allow people to chat to strangers from all around the world.\" \/>\n<meta property=\"og:url\" content=\"https:\/\/chat-to-strangers.com\/sl\/novice\/\" \/>\n<meta property=\"og:site_name\" content=\"Chat to Strangers\" \/>\n<meta property=\"article:modified_time\" content=\"2023-06-07T12:46:38+00:00\" \/>\n<meta name=\"twitter:card\" content=\"summary_large_image\" \/>\n<meta name=\"twitter:label1\" content=\"Est. reading time\" \/>\n\t<meta name=\"twitter:data1\" content=\"2 minuti\" \/>\n<script type=\"application\/ld+json\" class=\"yoast-schema-graph\">{\"@context\":\"https:\\\/\\\/schema.org\",\"@graph\":[{\"@type\":\"WebPage\",\"@id\":\"https:\\\/\\\/chat-to-strangers.com\\\/news\\\/\",\"url\":\"https:\\\/\\\/chat-to-strangers.com\\\/news\\\/\",\"name\":\"Ways to Chat with Strangers - Chat to Strangers\",\"isPartOf\":{\"@id\":\"https:\\\/\\\/chat-to-strangers.com\\\/#website\"},\"datePublished\":\"2022-12-27T17:55:58+00:00\",\"dateModified\":\"2023-06-07T12:46:38+00:00\",\"description\":\"Explore all the different cam-sites that allow people to chat to strangers from all around the world.\",\"breadcrumb\":{\"@id\":\"https:\\\/\\\/chat-to-strangers.com\\\/news\\\/#breadcrumb\"},\"inLanguage\":\"sl-SI\",\"potentialAction\":[{\"@type\":\"ReadAction\",\"target\":[\"https:\\\/\\\/chat-to-strangers.com\\\/news\\\/\"]}]},{\"@type\":\"BreadcrumbList\",\"@id\":\"https:\\\/\\\/chat-to-strangers.com\\\/news\\\/#breadcrumb\",\"itemListElement\":[{\"@type\":\"ListItem\",\"position\":1,\"name\":\"Home\",\"item\":\"https:\\\/\\\/chat-to-strangers.com\\\/\"},{\"@type\":\"ListItem\",\"position\":2,\"name\":\"Ways to Chat with Strangers\"}]},{\"@type\":\"WebSite\",\"@id\":\"https:\\\/\\\/chat-to-strangers.com\\\/#website\",\"url\":\"https:\\\/\\\/chat-to-strangers.com\\\/\",\"name\":\"Chat to Strangers\",\"description\":\"Connecting strangers from all over the world\",\"publisher\":{\"@id\":\"https:\\\/\\\/chat-to-strangers.com\\\/#organization\"},\"potentialAction\":[{\"@type\":\"SearchAction\",\"target\":{\"@type\":\"EntryPoint\",\"urlTemplate\":\"https:\\\/\\\/chat-to-strangers.com\\\/?s={search_term_string}\"},\"query-input\":{\"@type\":\"PropertyValueSpecification\",\"valueRequired\":true,\"valueName\":\"search_term_string\"}}],\"inLanguage\":\"sl-SI\"},{\"@type\":\"Organization\",\"@id\":\"https:\\\/\\\/chat-to-strangers.com\\\/#organization\",\"name\":\"Chat to Strangers\",\"url\":\"https:\\\/\\\/chat-to-strangers.com\\\/\",\"logo\":{\"@type\":\"ImageObject\",\"inLanguage\":\"sl-SI\",\"@id\":\"https:\\\/\\\/chat-to-strangers.com\\\/#\\\/schema\\\/logo\\\/image\\\/\",\"url\":\"https:\\\/\\\/chat-to-strangers.com\\\/wp-content\\\/uploads\\\/2025\\\/06\\\/cropped-chat-to-strangers-logo.png\",\"contentUrl\":\"https:\\\/\\\/chat-to-strangers.com\\\/wp-content\\\/uploads\\\/2025\\\/06\\\/cropped-chat-to-strangers-logo.png\",\"width\":1024,\"height\":298,\"caption\":\"Chat to Strangers\"},\"image\":{\"@id\":\"https:\\\/\\\/chat-to-strangers.com\\\/#\\\/schema\\\/logo\\\/image\\\/\"}}]}<\/script>\n<!-- \/ Yoast SEO plugin. -->","yoast_head_json":{"title":"Na\u010dini klepeta z neznanci - Chat to Strangers","description":"Razi\u0161\u010dite vsa razli\u010dna spletna mesta s kamerami, ki ljudem omogo\u010dajo klepet z neznanci z vsega sveta.","robots":{"index":"index","follow":"follow","max-snippet":"max-snippet:-1","max-image-preview":"max-image-preview:large","max-video-preview":"max-video-preview:-1"},"canonical":"https:\/\/chat-to-strangers.com\/sl\/novice\/","og_locale":"sl_SI","og_type":"article","og_title":"Ways to Chat with Strangers - Chat to Strangers","og_description":"Explore all the different cam-sites that allow people to chat to strangers from all around the world.","og_url":"https:\/\/chat-to-strangers.com\/sl\/novice\/","og_site_name":"Chat to Strangers","article_modified_time":"2023-06-07T12:46:38+00:00","twitter_card":"summary_large_image","twitter_misc":{"Est. reading time":"2 minuti"},"schema":{"@context":"https:\/\/schema.org","@graph":[{"@type":"WebPage","@id":"https:\/\/chat-to-strangers.com\/news\/","url":"https:\/\/chat-to-strangers.com\/news\/","name":"Na\u010dini klepeta z neznanci - Chat to Strangers","isPartOf":{"@id":"https:\/\/chat-to-strangers.com\/#website"},"datePublished":"2022-12-27T17:55:58+00:00","dateModified":"2023-06-07T12:46:38+00:00","description":"Razi\u0161\u010dite vsa razli\u010dna spletna mesta s kamerami, ki ljudem omogo\u010dajo klepet z neznanci z vsega sveta.","breadcrumb":{"@id":"https:\/\/chat-to-strangers.com\/news\/#breadcrumb"},"inLanguage":"sl-SI","potentialAction":[{"@type":"ReadAction","target":["https:\/\/chat-to-strangers.com\/news\/"]}]},{"@type":"BreadcrumbList","@id":"https:\/\/chat-to-strangers.com\/news\/#breadcrumb","itemListElement":[{"@type":"ListItem","position":1,"name":"Home","item":"https:\/\/chat-to-strangers.com\/"},{"@type":"ListItem","position":2,"name":"Ways to Chat with Strangers"}]},{"@type":"WebSite","@id":"https:\/\/chat-to-strangers.com\/#website","url":"https:\/\/chat-to-strangers.com\/","name":"Chat to Strangers","description":"Povezovanje neznancev z vsega sveta","publisher":{"@id":"https:\/\/chat-to-strangers.com\/#organization"},"potentialAction":[{"@type":"SearchAction","target":{"@type":"EntryPoint","urlTemplate":"https:\/\/chat-to-strangers.com\/?s={search_term_string}"},"query-input":{"@type":"PropertyValueSpecification","valueRequired":true,"valueName":"search_term_string"}}],"inLanguage":"sl-SI"},{"@type":"Organization","@id":"https:\/\/chat-to-strangers.com\/#organization","name":"Chat to Strangers","url":"https:\/\/chat-to-strangers.com\/","logo":{"@type":"ImageObject","inLanguage":"sl-SI","@id":"https:\/\/chat-to-strangers.com\/#\/schema\/logo\/image\/","url":"https:\/\/chat-to-strangers.com\/wp-content\/uploads\/2025\/06\/cropped-chat-to-strangers-logo.png","contentUrl":"https:\/\/chat-to-strangers.com\/wp-content\/uploads\/2025\/06\/cropped-chat-to-strangers-logo.png","width":1024,"height":298,"caption":"Chat to Strangers"},"image":{"@id":"https:\/\/chat-to-strangers.com\/#\/schema\/logo\/image\/"}}]}},"_links":{"self":[{"href":"https:\/\/chat-to-strangers.com\/sl\/wp-json\/wp\/v2\/pages\/197","targetHints":{"allow":["GET"]}}],"collection":[{"href":"https:\/\/chat-to-strangers.com\/sl\/wp-json\/wp\/v2\/pages"}],"about":[{"href":"https:\/\/chat-to-strangers.com\/sl\/wp-json\/wp\/v2\/types\/page"}],"author":[{"embeddable":true,"href":"https:\/\/chat-to-strangers.com\/sl\/wp-json\/wp\/v2\/users\/1"}],"replies":[{"embeddable":true,"href":"https:\/\/chat-to-strangers.com\/sl\/wp-json\/wp\/v2\/comments?post=197"}],"version-history":[{"count":1,"href":"https:\/\/chat-to-strangers.com\/sl\/wp-json\/wp\/v2\/pages\/197\/revisions"}],"predecessor-version":[{"id":209,"href":"https:\/\/chat-to-strangers.com\/sl\/wp-json\/wp\/v2\/pages\/197\/revisions\/209"}],"wp:attachment":[{"href":"https:\/\/chat-to-strangers.com\/sl\/wp-json\/wp\/v2\/media?parent=197"}],"curies":[{"name":"delovni list","href":"https:\/\/api.w.org\/{rel}","templated":true}]}}