{"id":1300,"date":"2024-09-25T01:14:21","date_gmt":"2024-09-25T01:14:21","guid":{"rendered":"https:\/\/chat-to-strangers.com\/?page_id=1300"},"modified":"2026-04-12T18:06:17","modified_gmt":"2026-04-12T18:06:17","slug":"hakkimizda","status":"publish","type":"page","link":"https:\/\/chat-to-strangers.com\/tr\/about-us\/","title":{"rendered":"Hakk\u0131m\u0131zda"},"content":{"rendered":"<p>Ho\u015fgeldiniz <strong>Chat to Strangers<\/strong>, \u0130nsanlar\u0131n y\u00fcksek kaliteli \u00e7evrimi\u00e7i video sohbet deneyimlerini ke\u015ffetmelerine ve bunlara eri\u015fmelerine yard\u0131mc\u0131 olmay\u0131 ama\u00e7layan bir platform.<\/p>\n\n\n\n<p>Ba\u015flang\u0131\u00e7ta rastgele g\u00f6r\u00fcnt\u00fcl\u00fc sohbet ve kamera kar\u015f\u0131l\u0131kl\u0131 g\u00f6r\u00fc\u015fme siteleri i\u00e7in bir inceleme kayna\u011f\u0131 olarak kurulan Chat to Strangers, \u00e7evrimi\u00e7i ileti\u015fim alan\u0131nda daha geni\u015f bir rol \u00fcstlenecek \u015fekilde evrimle\u015fmi\u015ftir. \u0130ncelemeler ve \u00f6neriler yay\u0131nlaman\u0131n yan\u0131 s\u0131ra, art\u0131k \u015funlar\u0131 da sunuyoruz: <strong>Kay\u0131t olmadan \u00fccretsiz rastgele g\u00f6r\u00fcnt\u00fcl\u00fc sohbet<\/strong>, Kullan\u0131c\u0131lara d\u00fcnyan\u0131n d\u00f6rt bir yan\u0131ndaki di\u011fer ki\u015filerle an\u0131nda ba\u011flant\u0131 kurman\u0131n basit ve eri\u015filebilir bir yolunu sunuyor.<\/p>\n\n\n\n<p>Dijital ileti\u015fimin giderek yayg\u0131nla\u015fmas\u0131yla birlikte, canl\u0131 y\u00fcz y\u00fcze etkile\u015fim, ba\u011flant\u0131 kurman\u0131n en ilgi \u00e7ekici ve etkili yollar\u0131ndan biri olmaya devam ediyor. Amac\u0131m\u0131z, bu deneyimi daha eri\u015filebilir hale getirirken, kullan\u0131c\u0131lar\u0131n \u00e7evrimi\u00e7i olarak mevcut olan \u00e7ok \u00e7e\u015fitli platformlarda gezinmelerine de yard\u0131mc\u0131 olmakt\u0131r.<\/p>\n\n\n\n<h2 class=\"wp-block-heading\">Misyonumuz<\/h2>\n\n\n\n<p>Amac\u0131m\u0131z, \u00e7evrimi\u00e7i g\u00f6r\u00fcnt\u00fcl\u00fc sohbeti daha eri\u015filebilir, g\u00fcvenilir ve farkl\u0131 kullan\u0131c\u0131lar\u0131n ihtiya\u00e7lar\u0131na daha uygun hale getirmektir.<\/p>\n\n\n\n<p>T\u00fcm video sohbet platformlar\u0131n\u0131n ayn\u0131 amaca veya hedef kitleye hizmet etmedi\u011finin fark\u0131nday\u0131z. Baz\u0131lar\u0131 genel sosyal etkile\u015fim i\u00e7in tasarlan\u0131rken, di\u011ferleri belirli topluluklara, tercihlere veya \u00f6zelliklere odaklanmaktad\u0131r. \u00d6rne\u011fin, e\u015fcinsel video sohbetine y\u00f6nelik bir platform arayan bir kullan\u0131c\u0131n\u0131n deneyimi, genel rastgele sohbet platformu veya heteroseks\u00fcel kullan\u0131c\u0131lar i\u00e7in tasarlanm\u0131\u015f bir site arayan birinden farkl\u0131 olabilir. Bizim rol\u00fcm\u00fcz, insanlar\u0131n bu farkl\u0131l\u0131klar\u0131 anlamalar\u0131na ve hedeflerine en uygun platformlar\u0131 belirlemelerine yard\u0131mc\u0131 olmakt\u0131r.<\/p>\n\n\n\n<p>Ayn\u0131 zamanda, kullan\u0131c\u0131lar\u0131n h\u0131zl\u0131 ve kolay bir \u015fekilde sohbet etmeye ba\u015flamalar\u0131n\u0131 sa\u011flamak amac\u0131yla, kay\u0131t gerektirmeyen kendi \u00fccretsiz g\u00f6r\u00fcnt\u00fcl\u00fc sohbet hizmetimizi de sunuyoruz.<\/p>\n\n\n\n<h2 class=\"wp-block-heading\">Ne Yap\u0131yoruz<\/h2>\n\n\n\n<p><strong>Kay\u0131t Olmadan \u00dccretsiz G\u00f6r\u00fcnt\u00fcl\u00fc Sohbet<\/strong><br>Kullan\u0131c\u0131lar\u0131n hesap olu\u015fturmas\u0131na veya uzun bir kay\u0131t i\u015fleminden ge\u00e7mesine gerek kalmadan \u00e7evrimi\u00e7i olarak di\u011fer ki\u015filerle ba\u011flant\u0131 kurmalar\u0131n\u0131 sa\u011flayan, kullan\u0131m\u0131 kolay bir g\u00f6r\u00fcnt\u00fcl\u00fc sohbet deneyimi sunuyoruz.<\/p>\n\n\n\n<p><strong>Ba\u011f\u0131ms\u0131z Platform \u0130ncelemeleri<\/strong><br>Kullan\u0131labilirlik, \u00f6zellikler, hedef kitle, moderasyon, gizlilik ve genel kullan\u0131c\u0131 deneyimi gibi fakt\u00f6rleri de\u011ferlendirerek, \u00e7ok \u00e7e\u015fitli rastgele g\u00f6r\u00fcnt\u00fcl\u00fc sohbet ve kamera kar\u015f\u0131l\u0131kl\u0131 g\u00f6r\u00fc\u015fme platformlar\u0131n\u0131 inceliyor ve kar\u015f\u0131la\u015ft\u0131r\u0131yoruz.<\/p>\n\n\n\n<p><strong>Kullan\u0131c\u0131 \u0130htiya\u00e7lar\u0131na Dayal\u0131 Platform Rehberli\u011fi<\/strong><br>Kullan\u0131c\u0131lar\u0131n arad\u0131klar\u0131yla uyumlu platformlar bulmalar\u0131na yard\u0131mc\u0131 oluyoruz. Ama\u00e7 ister genel sohbet, ister toplulu\u011fa \u00f6zg\u00fc etkile\u015fim, isterse de belirli platform \u00f6zelliklerine eri\u015fim olsun, i\u00e7eri\u011fimiz bilin\u00e7li karar vermeyi desteklemek \u00fczere tasarlanm\u0131\u015ft\u0131r.<\/p>\n\n\n\n<p><strong>G\u00fcncel ve \u0130lgili Bilgiler<\/strong><br>\u00c7evrimi\u00e7i sohbet ortam\u0131 h\u0131zla de\u011fi\u015fti\u011fi i\u00e7in, kullan\u0131c\u0131lar\u0131n ilgili ve g\u00fcncel bilgilere eri\u015febilmeleri amac\u0131yla incelemelerimizi, s\u0131ralamalar\u0131m\u0131z\u0131 ve \u00f6nerilerimizi s\u00fcrekli g\u00fcncel tutuyoruz.<\/p>\n\n\n\n<h2 class=\"wp-block-heading\">Kullan\u0131c\u0131lar Bize Neden G\u00fcveniyor?<\/h2>\n\n\n\n<p><strong>Video Sohbet Sekt\u00f6r\u00fcnde Deneyim<\/strong><br>\u00c7evrimi\u00e7i ileti\u015fim platformlar\u0131n\u0131 inceleme ve analiz etme konusundaki deneyimimiz, kullan\u0131c\u0131lar\u0131n kaliteli bir video sohbet hizmetinden ne beklemeleri gerekti\u011fi konusunda bize g\u00fc\u00e7l\u00fc bir anlay\u0131\u015f kazand\u0131r\u0131yor.<\/p>\n\n\n\n<p><strong>A\u00e7\u0131k ve Dengeli De\u011ferlendirmeler<\/strong><br>Her platformun hem g\u00fc\u00e7l\u00fc y\u00f6nlerini hem de s\u0131n\u0131rlamalar\u0131n\u0131 vurgulayan d\u00fcr\u00fcst ve pratik de\u011ferlendirmeler sunmaya kararl\u0131y\u0131z.<\/p>\n\n\n\n<p><strong>Kullan\u0131c\u0131 Odakl\u0131 Bak\u0131\u015f A\u00e7\u0131s\u0131<\/strong><br>Amac\u0131m\u0131z, kullan\u0131c\u0131lar\u0131n daha etkili bir \u015fekilde ba\u011flant\u0131 kurmalar\u0131na yard\u0131mc\u0131 olmakt\u0131r. \u0130ster kendi sohbet hizmetimiz arac\u0131l\u0131\u011f\u0131yla, ister \u00fc\u00e7\u00fcnc\u00fc taraf platformlar\u0131n incelemeleriyle olsun, do\u011fru g\u00f6r\u00fcnt\u00fcl\u00fc sohbet deneyimini bulma s\u00fcrecini daha basit ve \u015feffaf hale getirmeyi hedefliyoruz.<\/p>\n\n\n\n<h2 class=\"wp-block-heading\">Bir inceleme sitesinden daha fazlas\u0131<\/h2>\n\n\n\n<p>Chat to Strangers art\u0131k sadece bir inceleme sitesi de\u011fil. Bug\u00fcn hem bir platform hem de bir yorum sitesi olarak faaliyet g\u00f6steriyoruz. <strong>\u00fccretsiz \u00e7evrimi\u00e7i video sohbet platformu<\/strong> ve bir <strong>g\u00fcvenilir bilgi kayna\u011f\u0131<\/strong> Piyasadaki di\u011fer se\u00e7enekleri ara\u015ft\u0131ran kullan\u0131c\u0131lar i\u00e7in.<\/p>\n\n\n\n<p>Bu ikili rol, kullan\u0131c\u0131lar\u0131n yolculuklar\u0131n\u0131n her a\u015famas\u0131nda onlara hizmet vermemizi sa\u011fl\u0131yor. Baz\u0131lar\u0131 kendi platformumuz \u00fczerinden hemen sohbet etmeye ba\u015flamak isteyebilirken, di\u011ferleri hizmetleri kar\u015f\u0131la\u015ft\u0131rmay\u0131 ve belirli tercihlerine, topluluklar\u0131na veya \u00f6zelliklerine uyan bir site se\u00e7meyi tercih edebilir.<\/p>\n\n\n\n<h2 class=\"wp-block-heading\">Taahh\u00fcd\u00fcm\u00fcz<\/h2>\n\n\n\n<p>Eri\u015filebilir teknolojiyi g\u00fcvenilir bilgiyle birle\u015ftirerek kullan\u0131c\u0131lar\u0131n g\u00fcvenle ba\u011flant\u0131 kurmalar\u0131na yard\u0131mc\u0131 olmay\u0131 taahh\u00fct ediyoruz.<\/p>\n\n\n\n<p>\u0130ster an\u0131nda bir sohbet ba\u015flatmak, ister belirli ihtiya\u00e7lar\u0131n\u0131za en uygun platformu ara\u015ft\u0131rmak isteyin, Chat to Strangers bu deneyimi desteklemek i\u00e7in hem hizmeti hem de rehberli\u011fi sunmak \u00fczere burada.<\/p>\n\n\n\n<h2 class=\"wp-block-heading\">Ba\u015flay\u0131n<\/h2>\n\n\n\n<p>\u00dccretsiz rastgele g\u00f6r\u00fcnt\u00fcl\u00fc sohbet \u00f6zelli\u011fimizi ke\u015ffedin, platform \u00f6nerilerimizi inceleyin ve \u00e7ok \u00e7e\u015fitli ilgi alanlar\u0131 ve topluluklar i\u00e7in tasarlanm\u0131\u015f \u00e7evrimi\u00e7i g\u00f6r\u00fcnt\u00fcl\u00fc sohbet se\u00e7eneklerini ke\u015ffedin.<\/p>\n\n\n\n<p>Se\u00e7ti\u011finiz i\u00e7in te\u015fekk\u00fcr ederiz. <strong>Chat to Strangers<\/strong>.<\/p>","protected":false},"excerpt":{"rendered":"<p>Welcome to Chat to Strangers, a platform dedicated to helping people discover and access high-quality online video chat experiences. Originally established as a review resource for random video chat and cam-to-cam websites, Chat to Strangers has evolved to serve a broader role in the online communication space. In addition to publishing reviews and recommendations, we [&hellip;]<\/p>\n","protected":false},"author":1,"featured_media":0,"parent":0,"menu_order":0,"comment_status":"closed","ping_status":"closed","template":"","meta":{"footnotes":""},"class_list":["post-1300","page","type-page","status-publish","hentry"],"yoast_head":"<!-- This site is optimized with the Yoast SEO plugin v27.4 - https:\/\/yoast.com\/product\/yoast-seo-wordpress\/ -->\n<title>About Us - Chat to Strangers<\/title>\n<meta name=\"robots\" content=\"index, follow, max-snippet:-1, max-image-preview:large, max-video-preview:-1\" \/>\n<link rel=\"canonical\" href=\"https:\/\/chat-to-strangers.com\/tr\/hakkimizda\/\" \/>\n<meta property=\"og:locale\" content=\"tr_TR\" \/>\n<meta property=\"og:type\" content=\"article\" \/>\n<meta property=\"og:title\" content=\"About Us - Chat to Strangers\" \/>\n<meta property=\"og:description\" content=\"Welcome to Chat to Strangers, a platform dedicated to helping people discover and access high-quality online video chat experiences. Originally established as a review resource for random video chat and cam-to-cam websites, Chat to Strangers has evolved to serve a broader role in the online communication space. In addition to publishing reviews and recommendations, we [&hellip;]\" \/>\n<meta property=\"og:url\" content=\"https:\/\/chat-to-strangers.com\/tr\/hakkimizda\/\" \/>\n<meta property=\"og:site_name\" content=\"Chat to Strangers\" \/>\n<meta property=\"article:modified_time\" content=\"2026-04-12T18:06:17+00:00\" \/>\n<meta name=\"twitter:card\" content=\"summary_large_image\" \/>\n<meta name=\"twitter:label1\" content=\"Tahmini okuma s\u00fcresi\" \/>\n\t<meta name=\"twitter:data1\" content=\"3 dakika\" \/>\n<script type=\"application\/ld+json\" class=\"yoast-schema-graph\">{\"@context\":\"https:\\\/\\\/schema.org\",\"@graph\":[{\"@type\":\"WebPage\",\"@id\":\"https:\\\/\\\/chat-to-strangers.com\\\/about-us\\\/\",\"url\":\"https:\\\/\\\/chat-to-strangers.com\\\/about-us\\\/\",\"name\":\"About Us - Chat to Strangers\",\"isPartOf\":{\"@id\":\"https:\\\/\\\/chat-to-strangers.com\\\/#website\"},\"datePublished\":\"2024-09-25T01:14:21+00:00\",\"dateModified\":\"2026-04-12T18:06:17+00:00\",\"breadcrumb\":{\"@id\":\"https:\\\/\\\/chat-to-strangers.com\\\/about-us\\\/#breadcrumb\"},\"inLanguage\":\"tr\",\"potentialAction\":[{\"@type\":\"ReadAction\",\"target\":[\"https:\\\/\\\/chat-to-strangers.com\\\/about-us\\\/\"]}]},{\"@type\":\"BreadcrumbList\",\"@id\":\"https:\\\/\\\/chat-to-strangers.com\\\/about-us\\\/#breadcrumb\",\"itemListElement\":[{\"@type\":\"ListItem\",\"position\":1,\"name\":\"Home\",\"item\":\"https:\\\/\\\/chat-to-strangers.com\\\/\"},{\"@type\":\"ListItem\",\"position\":2,\"name\":\"About Us\"}]},{\"@type\":\"WebSite\",\"@id\":\"https:\\\/\\\/chat-to-strangers.com\\\/#website\",\"url\":\"https:\\\/\\\/chat-to-strangers.com\\\/\",\"name\":\"Chat to Strangers\",\"description\":\"Connecting strangers from all over the world\",\"publisher\":{\"@id\":\"https:\\\/\\\/chat-to-strangers.com\\\/#organization\"},\"potentialAction\":[{\"@type\":\"SearchAction\",\"target\":{\"@type\":\"EntryPoint\",\"urlTemplate\":\"https:\\\/\\\/chat-to-strangers.com\\\/?s={search_term_string}\"},\"query-input\":{\"@type\":\"PropertyValueSpecification\",\"valueRequired\":true,\"valueName\":\"search_term_string\"}}],\"inLanguage\":\"tr\"},{\"@type\":\"Organization\",\"@id\":\"https:\\\/\\\/chat-to-strangers.com\\\/#organization\",\"name\":\"Chat to Strangers\",\"url\":\"https:\\\/\\\/chat-to-strangers.com\\\/\",\"logo\":{\"@type\":\"ImageObject\",\"inLanguage\":\"tr\",\"@id\":\"https:\\\/\\\/chat-to-strangers.com\\\/#\\\/schema\\\/logo\\\/image\\\/\",\"url\":\"https:\\\/\\\/chat-to-strangers.com\\\/wp-content\\\/uploads\\\/2025\\\/06\\\/cropped-chat-to-strangers-logo.png\",\"contentUrl\":\"https:\\\/\\\/chat-to-strangers.com\\\/wp-content\\\/uploads\\\/2025\\\/06\\\/cropped-chat-to-strangers-logo.png\",\"width\":1024,\"height\":298,\"caption\":\"Chat to Strangers\"},\"image\":{\"@id\":\"https:\\\/\\\/chat-to-strangers.com\\\/#\\\/schema\\\/logo\\\/image\\\/\"}}]}<\/script>\n<!-- \/ Yoast SEO plugin. -->","yoast_head_json":{"title":"Hakk\u0131m\u0131zda - Chat to Strangers","robots":{"index":"index","follow":"follow","max-snippet":"max-snippet:-1","max-image-preview":"max-image-preview:large","max-video-preview":"max-video-preview:-1"},"canonical":"https:\/\/chat-to-strangers.com\/tr\/hakkimizda\/","og_locale":"tr_TR","og_type":"article","og_title":"About Us - Chat to Strangers","og_description":"Welcome to Chat to Strangers, a platform dedicated to helping people discover and access high-quality online video chat experiences. Originally established as a review resource for random video chat and cam-to-cam websites, Chat to Strangers has evolved to serve a broader role in the online communication space. In addition to publishing reviews and recommendations, we [&hellip;]","og_url":"https:\/\/chat-to-strangers.com\/tr\/hakkimizda\/","og_site_name":"Chat to Strangers","article_modified_time":"2026-04-12T18:06:17+00:00","twitter_card":"summary_large_image","twitter_misc":{"Tahmini okuma s\u00fcresi":"3 dakika"},"schema":{"@context":"https:\/\/schema.org","@graph":[{"@type":"WebPage","@id":"https:\/\/chat-to-strangers.com\/about-us\/","url":"https:\/\/chat-to-strangers.com\/about-us\/","name":"Hakk\u0131m\u0131zda - Chat to Strangers","isPartOf":{"@id":"https:\/\/chat-to-strangers.com\/#website"},"datePublished":"2024-09-25T01:14:21+00:00","dateModified":"2026-04-12T18:06:17+00:00","breadcrumb":{"@id":"https:\/\/chat-to-strangers.com\/about-us\/#breadcrumb"},"inLanguage":"tr","potentialAction":[{"@type":"ReadAction","target":["https:\/\/chat-to-strangers.com\/about-us\/"]}]},{"@type":"BreadcrumbList","@id":"https:\/\/chat-to-strangers.com\/about-us\/#breadcrumb","itemListElement":[{"@type":"ListItem","position":1,"name":"Home","item":"https:\/\/chat-to-strangers.com\/"},{"@type":"ListItem","position":2,"name":"About Us"}]},{"@type":"WebSite","@id":"https:\/\/chat-to-strangers.com\/#website","url":"https:\/\/chat-to-strangers.com\/","name":"Chat to Strangers","description":"D\u00fcnyan\u0131n her yerinden yabanc\u0131lar\u0131 birbirine ba\u011flamak","publisher":{"@id":"https:\/\/chat-to-strangers.com\/#organization"},"potentialAction":[{"@type":"SearchAction","target":{"@type":"EntryPoint","urlTemplate":"https:\/\/chat-to-strangers.com\/?s={search_term_string}"},"query-input":{"@type":"PropertyValueSpecification","valueRequired":true,"valueName":"search_term_string"}}],"inLanguage":"tr"},{"@type":"Organization","@id":"https:\/\/chat-to-strangers.com\/#organization","name":"Chat to Strangers","url":"https:\/\/chat-to-strangers.com\/","logo":{"@type":"ImageObject","inLanguage":"tr","@id":"https:\/\/chat-to-strangers.com\/#\/schema\/logo\/image\/","url":"https:\/\/chat-to-strangers.com\/wp-content\/uploads\/2025\/06\/cropped-chat-to-strangers-logo.png","contentUrl":"https:\/\/chat-to-strangers.com\/wp-content\/uploads\/2025\/06\/cropped-chat-to-strangers-logo.png","width":1024,"height":298,"caption":"Chat to Strangers"},"image":{"@id":"https:\/\/chat-to-strangers.com\/#\/schema\/logo\/image\/"}}]}},"_links":{"self":[{"href":"https:\/\/chat-to-strangers.com\/tr\/wp-json\/wp\/v2\/pages\/1300","targetHints":{"allow":["GET"]}}],"collection":[{"href":"https:\/\/chat-to-strangers.com\/tr\/wp-json\/wp\/v2\/pages"}],"about":[{"href":"https:\/\/chat-to-strangers.com\/tr\/wp-json\/wp\/v2\/types\/page"}],"author":[{"embeddable":true,"href":"https:\/\/chat-to-strangers.com\/tr\/wp-json\/wp\/v2\/users\/1"}],"replies":[{"embeddable":true,"href":"https:\/\/chat-to-strangers.com\/tr\/wp-json\/wp\/v2\/comments?post=1300"}],"version-history":[{"count":2,"href":"https:\/\/chat-to-strangers.com\/tr\/wp-json\/wp\/v2\/pages\/1300\/revisions"}],"predecessor-version":[{"id":1761,"href":"https:\/\/chat-to-strangers.com\/tr\/wp-json\/wp\/v2\/pages\/1300\/revisions\/1761"}],"wp:attachment":[{"href":"https:\/\/chat-to-strangers.com\/tr\/wp-json\/wp\/v2\/media?parent=1300"}],"curies":[{"name":"wp","href":"https:\/\/api.w.org\/{rel}","templated":true}]}}