{"id":1698,"date":"2025-06-26T13:50:20","date_gmt":"2025-06-26T13:50:20","guid":{"rendered":"https:\/\/chat-to-strangers.com\/?page_id=1698"},"modified":"2025-06-26T13:50:23","modified_gmt":"2025-06-26T13:50:23","slug":"guidelines","status":"publish","type":"page","link":"https:\/\/chat-to-strangers.com\/tr\/guidelines\/","title":{"rendered":"Web Sitesi Kullan\u0131m Kurallar\u0131"},"content":{"rendered":"<p><strong>Ho\u015fgeldiniz <a href=\"https:\/\/chat-to-strangers.com\/tr\/roulette-chat\/\">Sohbet<\/a> ile <a href=\"https:\/\/chat-to-strangers.com\/tr\/talk-to-strangers\/\">Yabanc\u0131lar<\/a>, anlaml\u0131 ba\u011flant\u0131lar i\u00e7in tasarlanm\u0131\u015f bir platform. Topluluk Kurallar\u0131m\u0131z, t\u00fcm kullan\u0131c\u0131lar i\u00e7in g\u00fcvenli, sayg\u0131l\u0131 ve kapsay\u0131c\u0131 bir ortam yaratmaya yard\u0131mc\u0131 olmak i\u00e7in burada. Bu kurallar kapsaml\u0131 olmasa da, kabul edilebilir davran\u0131\u015f i\u00e7in temel ilkeleri vurgular. L\u00fctfen platformda etkile\u015fim kurarken sa\u011fduyunuzu kullan\u0131n ve ba\u015fkalar\u0131na sayg\u0131 g\u00f6sterin.<\/strong><\/p>\n\n\n\n<p>Bu y\u00f6nergeler, a\u015fa\u011f\u0131dakilerin kullan\u0131m\u0131n\u0131z i\u00e7in ge\u00e7erlidir: <a href=\"https:\/\/chat-to-strangers.com\/tr\/safe-websites-to-talk-to-strangers\/\">Chat to Strangers<\/a> web sitesi ve hizmetler (&quot;Hizmetler&quot;). Bu y\u00f6nergeleri herhangi bir zamanda de\u011fi\u015ftirme hakk\u0131n\u0131 sakl\u0131 tutuyoruz. \u0130hlaller, ge\u00e7ici veya kal\u0131c\u0131 yasaklarla veya toplulu\u011fumuzun b\u00fct\u00fcnl\u00fc\u011f\u00fcn\u00fc korumak i\u00e7in gerekli g\u00f6r\u00fclen di\u011fer eylemlerle sonu\u00e7lanabilir.<\/p>\n\n\n\n<p>Uygunsuz davran\u0131\u015flar\u0131 veya y\u00f6nergelerimizi ihlal eden i\u00e7erikleri bildirmek i\u00e7in, kullan\u0131c\u0131n\u0131n siteyi kullanmas\u0131n\u0131 engellemek amac\u0131yla sadece rapor d\u00fc\u011fmesine basman\u0131z yeterlidir. K\u00fc\u00e7\u00fcklerin uygunsuz i\u00e7eriklere eri\u015fimini s\u0131n\u0131rlama konusunda yard\u0131m i\u00e7in l\u00fctfen ebeveyn denetimlerini kontrol edin <a href=\"https:\/\/www.connectsafely.org\/controls\/\">G\u00fcvenli bir \u015fekilde ba\u011flan\u0131n<\/a>.<\/p>\n\n\n\n<hr class=\"wp-block-separator has-alpha-channel-opacity\"\/>\n\n\n\n<p><strong>Temel Y\u00f6nergeler<\/strong><\/p>\n\n\n\n<ul class=\"wp-block-list\">\n<li><strong>Hukuka Uygunluk:<\/strong> T\u00fcm yerel, ulusal ve uluslararas\u0131 yasalara uyun. Yasad\u0131\u015f\u0131 faaliyetler, i\u00e7erikler veya talepler kesinlikle yasakt\u0131r.<\/li>\n\n\n\n<li><strong>Yasaktan Ka\u00e7\u0131nma:<\/strong> \u0130ster ge\u00e7ici ister kal\u0131c\u0131 olsun, yasaklar\u0131 a\u015fma giri\u015fimlerine izin verilmez.<\/li>\n\n\n\n<li><strong>\u015eiddet ve Tehditler:<\/strong> Tehdit, \u015fiddet, korkutma veya taciz eylemleri yasakt\u0131r.<\/li>\n\n\n\n<li><strong>Nefret Dolu Davran\u0131\u015f ve Taciz:<\/strong> Irk, cinsiyet, cinsel y\u00f6nelim, din veya herhangi bir ki\u015fisel \u00f6zelli\u011fe dayal\u0131 ayr\u0131mc\u0131 davran\u0131\u015flara m\u00fcsamaha g\u00f6sterilmeyecektir.<\/li>\n\n\n\n<li><strong>Cinsel \u0130\u00e7erik:<\/strong> Platformun denetlenen b\u00f6l\u00fcmlerinde \u00e7\u0131plakl\u0131k, pornografi ve a\u00e7\u0131k cinsel i\u00e7eriklere izin verilmez.<\/li>\n\n\n\n<li><strong>K\u00fc\u00e7\u00fckleri \u0130lgilendiren Davran\u0131\u015flar:<\/strong> K\u00fc\u00e7\u00fckleri istismar eden, tehlikeye atan veya cinselle\u015ftiren her t\u00fcrl\u00fc i\u00e7erik veya davran\u0131\u015f kesinlikle yasakt\u0131r ve kolluk kuvvetlerine bildirilebilir.<\/li>\n\n\n\n<li><strong>\u00d6zel Bilgiler:<\/strong> Ba\u015fkalar\u0131n\u0131n mahremiyetine sayg\u0131 g\u00f6sterin. Ki\u015fisel veya \u00f6zel bilgilerin izinsiz payla\u015f\u0131lmas\u0131 yasakt\u0131r.<\/li>\n\n\n\n<li><strong>Sahtecilik:<\/strong> Ba\u015fka bir ki\u015fi veya kurumu taklit ederek ba\u015fkalar\u0131n\u0131 yan\u0131ltmak yasakt\u0131r.<\/li>\n\n\n\n<li><strong>Kendi kendine zarar vermek:<\/strong> Kendine zarar vermeyi te\u015fvik eden veya y\u00fccelten i\u00e7erikler yasakt\u0131r.<\/li>\n\n\n\n<li><strong>Hayvanlara Zul\u00fcm:<\/strong> Hayvanlara k\u00f6t\u00fc muamele veya zarar vermeyi i\u00e7eren her t\u00fcrl\u00fc davran\u0131\u015f veya i\u00e7erik yasakt\u0131r.<\/li>\n\n\n\n<li><strong>Pazarlama ve Reklamc\u0131l\u0131k:<\/strong> Chat to Strangers izinsiz reklam veya pazarlama ama\u00e7lar\u0131 i\u00e7in kullan\u0131lamaz.<\/li>\n\n\n\n<li><strong>Bot Kullan\u0131m\u0131:<\/strong> Hizmetlerle etkile\u015fimde bulunmak veya bunlara eri\u015fmek i\u00e7in botlar\u0131n kullan\u0131lmas\u0131 yasakt\u0131r.<\/li>\n<\/ul>","protected":false},"excerpt":{"rendered":"<p>Welcome to Chat to Strangers, a platform designed for meaningful connections. Our Community Guidelines are here to help create a safe, respectful, and inclusive environment for all users. While these guidelines are not exhaustive, they highlight the key principles for acceptable behavior. Please use common sense and show respect toward others while engaging on the [&hellip;]<\/p>\n","protected":false},"author":1,"featured_media":0,"parent":0,"menu_order":0,"comment_status":"closed","ping_status":"closed","template":"","meta":{"footnotes":""},"class_list":["post-1698","page","type-page","status-publish","hentry"],"yoast_head":"<!-- This site is optimized with the Yoast SEO plugin v27.4 - https:\/\/yoast.com\/product\/yoast-seo-wordpress\/ -->\n<title>Website Use Guidelines - Chat to Strangers<\/title>\n<meta name=\"robots\" content=\"index, follow, max-snippet:-1, max-image-preview:large, max-video-preview:-1\" \/>\n<link rel=\"canonical\" href=\"https:\/\/chat-to-strangers.com\/tr\/guidelines\/\" \/>\n<meta property=\"og:locale\" content=\"tr_TR\" \/>\n<meta property=\"og:type\" content=\"article\" \/>\n<meta property=\"og:title\" content=\"Website Use Guidelines - Chat to Strangers\" \/>\n<meta property=\"og:description\" content=\"Welcome to Chat to Strangers, a platform designed for meaningful connections. Our Community Guidelines are here to help create a safe, respectful, and inclusive environment for all users. While these guidelines are not exhaustive, they highlight the key principles for acceptable behavior. Please use common sense and show respect toward others while engaging on the [&hellip;]\" \/>\n<meta property=\"og:url\" content=\"https:\/\/chat-to-strangers.com\/tr\/guidelines\/\" \/>\n<meta property=\"og:site_name\" content=\"Chat to Strangers\" \/>\n<meta property=\"article:modified_time\" content=\"2025-06-26T13:50:23+00:00\" \/>\n<meta name=\"twitter:card\" content=\"summary_large_image\" \/>\n<meta name=\"twitter:label1\" content=\"Tahmini okuma s\u00fcresi\" \/>\n\t<meta name=\"twitter:data1\" content=\"2 dakika\" \/>\n<script type=\"application\/ld+json\" class=\"yoast-schema-graph\">{\"@context\":\"https:\\\/\\\/schema.org\",\"@graph\":[{\"@type\":\"WebPage\",\"@id\":\"https:\\\/\\\/chat-to-strangers.com\\\/guidelines\\\/\",\"url\":\"https:\\\/\\\/chat-to-strangers.com\\\/guidelines\\\/\",\"name\":\"Website Use Guidelines - Chat to Strangers\",\"isPartOf\":{\"@id\":\"https:\\\/\\\/chat-to-strangers.com\\\/#website\"},\"datePublished\":\"2025-06-26T13:50:20+00:00\",\"dateModified\":\"2025-06-26T13:50:23+00:00\",\"breadcrumb\":{\"@id\":\"https:\\\/\\\/chat-to-strangers.com\\\/guidelines\\\/#breadcrumb\"},\"inLanguage\":\"tr\",\"potentialAction\":[{\"@type\":\"ReadAction\",\"target\":[\"https:\\\/\\\/chat-to-strangers.com\\\/guidelines\\\/\"]}]},{\"@type\":\"BreadcrumbList\",\"@id\":\"https:\\\/\\\/chat-to-strangers.com\\\/guidelines\\\/#breadcrumb\",\"itemListElement\":[{\"@type\":\"ListItem\",\"position\":1,\"name\":\"Home\",\"item\":\"https:\\\/\\\/chat-to-strangers.com\\\/\"},{\"@type\":\"ListItem\",\"position\":2,\"name\":\"Website Use Guidelines\"}]},{\"@type\":\"WebSite\",\"@id\":\"https:\\\/\\\/chat-to-strangers.com\\\/#website\",\"url\":\"https:\\\/\\\/chat-to-strangers.com\\\/\",\"name\":\"Chat to Strangers\",\"description\":\"Connecting strangers from all over the world\",\"publisher\":{\"@id\":\"https:\\\/\\\/chat-to-strangers.com\\\/#organization\"},\"potentialAction\":[{\"@type\":\"SearchAction\",\"target\":{\"@type\":\"EntryPoint\",\"urlTemplate\":\"https:\\\/\\\/chat-to-strangers.com\\\/?s={search_term_string}\"},\"query-input\":{\"@type\":\"PropertyValueSpecification\",\"valueRequired\":true,\"valueName\":\"search_term_string\"}}],\"inLanguage\":\"tr\"},{\"@type\":\"Organization\",\"@id\":\"https:\\\/\\\/chat-to-strangers.com\\\/#organization\",\"name\":\"Chat to Strangers\",\"url\":\"https:\\\/\\\/chat-to-strangers.com\\\/\",\"logo\":{\"@type\":\"ImageObject\",\"inLanguage\":\"tr\",\"@id\":\"https:\\\/\\\/chat-to-strangers.com\\\/#\\\/schema\\\/logo\\\/image\\\/\",\"url\":\"https:\\\/\\\/chat-to-strangers.com\\\/wp-content\\\/uploads\\\/2025\\\/06\\\/cropped-chat-to-strangers-logo.png\",\"contentUrl\":\"https:\\\/\\\/chat-to-strangers.com\\\/wp-content\\\/uploads\\\/2025\\\/06\\\/cropped-chat-to-strangers-logo.png\",\"width\":1024,\"height\":298,\"caption\":\"Chat to Strangers\"},\"image\":{\"@id\":\"https:\\\/\\\/chat-to-strangers.com\\\/#\\\/schema\\\/logo\\\/image\\\/\"}}]}<\/script>\n<!-- \/ Yoast SEO plugin. -->","yoast_head_json":{"title":"Web Sitesi Kullan\u0131m Y\u00f6nergeleri - Chat to Strangers","robots":{"index":"index","follow":"follow","max-snippet":"max-snippet:-1","max-image-preview":"max-image-preview:large","max-video-preview":"max-video-preview:-1"},"canonical":"https:\/\/chat-to-strangers.com\/tr\/guidelines\/","og_locale":"tr_TR","og_type":"article","og_title":"Website Use Guidelines - Chat to Strangers","og_description":"Welcome to Chat to Strangers, a platform designed for meaningful connections. Our Community Guidelines are here to help create a safe, respectful, and inclusive environment for all users. While these guidelines are not exhaustive, they highlight the key principles for acceptable behavior. Please use common sense and show respect toward others while engaging on the [&hellip;]","og_url":"https:\/\/chat-to-strangers.com\/tr\/guidelines\/","og_site_name":"Chat to Strangers","article_modified_time":"2025-06-26T13:50:23+00:00","twitter_card":"summary_large_image","twitter_misc":{"Tahmini okuma s\u00fcresi":"2 dakika"},"schema":{"@context":"https:\/\/schema.org","@graph":[{"@type":"WebPage","@id":"https:\/\/chat-to-strangers.com\/guidelines\/","url":"https:\/\/chat-to-strangers.com\/guidelines\/","name":"Web Sitesi Kullan\u0131m Y\u00f6nergeleri - Chat to Strangers","isPartOf":{"@id":"https:\/\/chat-to-strangers.com\/#website"},"datePublished":"2025-06-26T13:50:20+00:00","dateModified":"2025-06-26T13:50:23+00:00","breadcrumb":{"@id":"https:\/\/chat-to-strangers.com\/guidelines\/#breadcrumb"},"inLanguage":"tr","potentialAction":[{"@type":"ReadAction","target":["https:\/\/chat-to-strangers.com\/guidelines\/"]}]},{"@type":"BreadcrumbList","@id":"https:\/\/chat-to-strangers.com\/guidelines\/#breadcrumb","itemListElement":[{"@type":"ListItem","position":1,"name":"Home","item":"https:\/\/chat-to-strangers.com\/"},{"@type":"ListItem","position":2,"name":"Website Use Guidelines"}]},{"@type":"WebSite","@id":"https:\/\/chat-to-strangers.com\/#website","url":"https:\/\/chat-to-strangers.com\/","name":"Chat to Strangers","description":"D\u00fcnyan\u0131n her yerinden yabanc\u0131lar\u0131 birbirine ba\u011flamak","publisher":{"@id":"https:\/\/chat-to-strangers.com\/#organization"},"potentialAction":[{"@type":"SearchAction","target":{"@type":"EntryPoint","urlTemplate":"https:\/\/chat-to-strangers.com\/?s={search_term_string}"},"query-input":{"@type":"PropertyValueSpecification","valueRequired":true,"valueName":"search_term_string"}}],"inLanguage":"tr"},{"@type":"Organization","@id":"https:\/\/chat-to-strangers.com\/#organization","name":"Chat to Strangers","url":"https:\/\/chat-to-strangers.com\/","logo":{"@type":"ImageObject","inLanguage":"tr","@id":"https:\/\/chat-to-strangers.com\/#\/schema\/logo\/image\/","url":"https:\/\/chat-to-strangers.com\/wp-content\/uploads\/2025\/06\/cropped-chat-to-strangers-logo.png","contentUrl":"https:\/\/chat-to-strangers.com\/wp-content\/uploads\/2025\/06\/cropped-chat-to-strangers-logo.png","width":1024,"height":298,"caption":"Chat to Strangers"},"image":{"@id":"https:\/\/chat-to-strangers.com\/#\/schema\/logo\/image\/"}}]}},"_links":{"self":[{"href":"https:\/\/chat-to-strangers.com\/tr\/wp-json\/wp\/v2\/pages\/1698","targetHints":{"allow":["GET"]}}],"collection":[{"href":"https:\/\/chat-to-strangers.com\/tr\/wp-json\/wp\/v2\/pages"}],"about":[{"href":"https:\/\/chat-to-strangers.com\/tr\/wp-json\/wp\/v2\/types\/page"}],"author":[{"embeddable":true,"href":"https:\/\/chat-to-strangers.com\/tr\/wp-json\/wp\/v2\/users\/1"}],"replies":[{"embeddable":true,"href":"https:\/\/chat-to-strangers.com\/tr\/wp-json\/wp\/v2\/comments?post=1698"}],"version-history":[{"count":1,"href":"https:\/\/chat-to-strangers.com\/tr\/wp-json\/wp\/v2\/pages\/1698\/revisions"}],"predecessor-version":[{"id":1699,"href":"https:\/\/chat-to-strangers.com\/tr\/wp-json\/wp\/v2\/pages\/1698\/revisions\/1699"}],"wp:attachment":[{"href":"https:\/\/chat-to-strangers.com\/tr\/wp-json\/wp\/v2\/media?parent=1698"}],"curies":[{"name":"wp","href":"https:\/\/api.w.org\/{rel}","templated":true}]}}