{"id":1703,"date":"2025-06-26T14:02:47","date_gmt":"2025-06-26T14:02:47","guid":{"rendered":"https:\/\/chat-to-strangers.com\/?page_id=1703"},"modified":"2025-06-26T14:02:50","modified_gmt":"2025-06-26T14:02:50","slug":"terms","status":"publish","type":"page","link":"https:\/\/chat-to-strangers.com\/tr\/terms\/","title":{"rendered":"\u015eartlar"},"content":{"rendered":"<p>Hizmetimizi kullanarak a\u015fa\u011f\u0131dakileri kabul etmi\u015f olursunuz:<\/p>\n\n\n\n<ul class=\"wp-block-list\">\n<li>18 ya\u015f ve \u00fczeri olmal\u0131s\u0131n\u0131z.<\/li>\n\n\n\n<li>Bu \u015eartlar\u0131 ve Gizlilik Politikam\u0131z\u0131 okudunuz ve anlad\u0131n\u0131z.<\/li>\n\n\n\n<li>Bizimle uyumlu olmay\u0131 kabul ediyorsunuz <a href=\"https:\/\/chat-to-strangers.com\/tr\/guidelines\/\">Topluluk Rehberleri<\/a>.<\/li>\n<\/ul>\n\n\n\n<h3 class=\"wp-block-heading\">Ne Oldu\u011fumuzu Anlamak<\/h3>\n\n\n\n<p><strong><a href=\"https:\/\/chat-to-strangers.com\/tr\/roulette-chat\/\">Sohbet<\/a> ile <a href=\"https:\/\/chat-to-strangers.com\/tr\/talk-to-strangers\/\">Yabanc\u0131lar<\/a><\/strong> di\u011fer kullan\u0131c\u0131larla anl\u0131k mesajla\u015fma yoluyla ba\u011flant\u0131 kurman\u0131z\u0131 ve ileti\u015fim kurman\u0131z\u0131 sa\u011flayan bir sohbet uygulamas\u0131d\u0131r. Platformda payla\u015f\u0131lan baz\u0131 i\u00e7erikler, taraf\u0131m\u0131zca bar\u0131nd\u0131r\u0131lmayan harici web sitelerine ba\u011flant\u0131 verebilir. B\u00f6l\u00fcm 6: Di\u011fer Ba\u011flant\u0131l\u0131 Web Siteleri&#039;ne bak\u0131n.<\/p>\n\n\n\n<hr class=\"wp-block-separator has-alpha-channel-opacity\"\/>\n\n\n\n<h3 class=\"wp-block-heading\">1. Hesaplar<\/h3>\n\n\n\n<p>Kay\u0131t sistemi olmad\u0131\u011f\u0131ndan, eri\u015fim i\u00e7in kulland\u0131\u011f\u0131n\u0131z herhangi bir cihaz veya platformun gizlili\u011finden ve g\u00fcvenli\u011finden yaln\u0131zca siz sorumlusunuz. <strong><a href=\"https:\/\/chat-to-strangers.com\/tr\/safe-websites-to-talk-to-strangers\/\">Chat to Strangers<\/a><\/strong>Hizmetimizi kullan\u0131rken cihaz\u0131n\u0131zda ger\u00e7ekle\u015fen t\u00fcm etkinlik veya eylemlerden siz sorumlusunuz.<\/p>\n\n\n\n<h3 class=\"wp-block-heading\">2. Fesih<\/h3>\n\n\n\n<p>Bu \u015eartlar&#039;\u0131n ihlali dahil ancak bununla s\u0131n\u0131rl\u0131 olmamak \u00fczere herhangi bir nedenle, \u00f6nceden bildirimde bulunmaks\u0131z\u0131n veya sorumluluk \u00fcstlenmeden hizmetlerimize eri\u015fimi derhal ask\u0131ya alma veya sonland\u0131rma hakk\u0131n\u0131 sakl\u0131 tutar\u0131z.<\/p>\n\n\n\n<h3 class=\"wp-block-heading\">3. Topluluk Kurallar\u0131<\/h3>\n\n\n\n<p>Mevcut durumumuz <a href=\"https:\/\/chat-to-strangers.com\/tr\/guidelines\/\">Topluluk Rehberleri<\/a>.<\/p>\n\n\n\n<h3 class=\"wp-block-heading\">4. \u0130\u00e7erik<\/h3>\n\n\n\n<p>Hizmetimiz, belirli bilgileri, metinleri, grafikleri veya videolar\u0131 (&quot;\u0130\u00e7erik&quot;) yay\u0131nlaman\u0131za, depolaman\u0131za, payla\u015fman\u0131za ve ba\u015fka \u015fekillerde kullan\u0131labilir hale getirmenize olanak tan\u0131r. Hizmetimiz arac\u0131l\u0131\u011f\u0131yla payla\u015ft\u0131\u011f\u0131n\u0131z t\u00fcm i\u00e7eriklerden siz sorumlusunuz. \u0130zin verilen veya yasaklanan i\u00e7erik t\u00fcrleri Topluluk Kurallar\u0131m\u0131zda ayr\u0131nt\u0131l\u0131 olarak a\u00e7\u0131klanm\u0131\u015ft\u0131r. Bu S\u00f6zle\u015fmeyi, Kurallar\u0131m\u0131z\u0131, di\u011fer kullan\u0131c\u0131lar\u0131n haklar\u0131n\u0131 ihlal eden veya uygunsuz veya sald\u0131rgan olarak kabul edilebilecek i\u00e7erikleri y\u00fcklememeyi veya payla\u015fmamay\u0131 kabul edersiniz.<\/p>\n\n\n\n<h3 class=\"wp-block-heading\">5. Sohbet ve Video Moderasyon<\/h3>\n\n\n\n<p>Platformumuzu kullanarak, bildirilen veya i\u015faretlenen mesajlar\u0131n moderat\u00f6rler taraf\u0131ndan incelenebilece\u011fini kabul ve beyan edersiniz. Bu, g\u00fcvenli ve sayg\u0131l\u0131 bir topluluk s\u00fcrd\u00fcrmek i\u00e7in \u00f6nemlidir. Hem otomatik sistemler hem de insan moderat\u00f6rler bildirilen sohbetleri ve video ak\u0131\u015flar\u0131n\u0131 inceleyebilir. Daha fazla bilgi i\u00e7in Topluluk Kurallar\u0131m\u0131za bak\u0131n.<\/p>\n\n\n\n<h3 class=\"wp-block-heading\">6. Di\u011fer Ba\u011flant\u0131l\u0131 Web Siteleri<\/h3>\n\n\n\n<p>Hizmetimiz, taraf\u0131m\u0131zca i\u015fletilmeyen \u00fc\u00e7\u00fcnc\u00fc taraf web sitelerine ba\u011flant\u0131lar i\u00e7erebilir. \u00dc\u00e7\u00fcnc\u00fc taraf bir ba\u011flant\u0131ya t\u0131klarsan\u0131z, onlar\u0131n sitesine y\u00f6nlendirileceksiniz. Ziyaret etti\u011finiz her web sitesinin (Twitter veya Instagram gibi sosyal medya dahil) Gizlilik Politikas\u0131n\u0131 incelemenizi \u015fiddetle tavsiye ederiz.<\/p>\n\n\n\n<p>\u00dc\u00e7\u00fcnc\u00fc taraf web siteleri veya hizmetlerinin i\u00e7eri\u011fi, gizlilik politikalar\u0131 veya uygulamalar\u0131 \u00fczerinde hi\u00e7bir kontrol\u00fcm\u00fcz yoktur ve hi\u00e7bir sorumluluk kabul etmiyoruz.<\/p>\n\n\n\n<h3 class=\"wp-block-heading\">7. Garanti<\/h3>\n\n\n\n<p><strong>Chat to Strangers<\/strong> &quot;oldu\u011fu gibi&quot; sa\u011flan\u0131r, hi\u00e7bir t\u00fcrde garanti yoktur. Hizmetimizin kullan\u0131m\u0131ndan kaynaklanan hi\u00e7bir sonu\u00e7tan sorumlu de\u011filiz. Topluluk Kurallar\u0131m\u0131zda belirtildi\u011fi gibi, kendi kendine bar\u0131nd\u0131r\u0131lan \u00f6rneklerde payla\u015f\u0131lan hi\u00e7bir i\u00e7erikten sorumlu de\u011filiz.<\/p>\n\n\n\n<h3 class=\"wp-block-heading\">8. Fikri M\u00fclkiyet Haklar\u0131<\/h3>\n\n\n\n<p><strong>Chat to Strangers<\/strong> ve sahipleri, hizmetlerimizdeki t\u00fcm fikri m\u00fclkiyet haklar\u0131n\u0131n sahibidir ve\/veya bunlar\u0131 kullanma hakk\u0131na sahiptir. Bu, kaynak kodu, veritabanlar\u0131, i\u015flevsellik, yaz\u0131l\u0131m, web sitesi tasar\u0131mlar\u0131, ses, video, metin, foto\u011fraflar ve grafiklerin yan\u0131 s\u0131ra t\u00fcm ticari markalar, hizmet markalar\u0131 ve logolar\u0131 i\u00e7erir. Bunlar, d\u00fcnya \u00e7ap\u0131nda telif hakk\u0131, ticari marka ve di\u011fer yasalarla korunmaktad\u0131r. \u0130\u00e7erik ve ticari markalar yaln\u0131zca ki\u015fisel, ticari olmayan kullan\u0131m\u0131n\u0131z i\u00e7in sa\u011flan\u0131r ve &quot;OLDU\u011eU G\u0130B\u0130&quot; sunulur.<\/p>\n\n\n\n<h3 class=\"wp-block-heading\">9. Yasaklanm\u0131\u015f Faaliyetler<\/h3>\n\n\n\n<p>\u015eunlar\u0131 yapmamay\u0131 kabul edersiniz:<\/p>\n\n\n\n<ul class=\"wp-block-list\">\n<li>Sistemlerimizin zafiyetlerini test edin veya g\u00fcvenlik \u00f6nlemlerini a\u015fmaya \u00e7al\u0131\u015f\u0131n.<\/li>\n\n\n\n<li>\u0130\u00e7eri\u011fe eri\u015fmek veya i\u00e7eri\u011fi indirmek i\u00e7in otomatik sistemler (\u00f6r\u00fcmcekler veya veri madencili\u011fi ara\u00e7lar\u0131 gibi) kullan\u0131n.<\/li>\n\n\n\n<li>Ba\u015fl\u0131klar\u0131 sahtecilikle d\u00fczenlemek, tan\u0131mlay\u0131c\u0131 bilgileri de\u011fi\u015ftirmek, herhangi bir yaz\u0131l\u0131m\u0131 tersine m\u00fchendislikle i\u015flemek veya a\u015f\u0131r\u0131 y\u00fckleme, spam g\u00f6nderme veya vir\u00fcs g\u00f6nderme yoluyla di\u011fer kullan\u0131c\u0131lara verilen hizmeti aksatmak.<\/li>\n\n\n\n<li>Ba\u015fkalar\u0131n\u0131n bu eylemlerden herhangi birini ger\u00e7ekle\u015ftirmesini te\u015fvik etmeyin veya onlara yard\u0131mc\u0131 olmay\u0131n.<\/li>\n<\/ul>\n\n\n\n<h3 class=\"wp-block-heading\">10. Sorumlulu\u011fun S\u0131n\u0131rland\u0131r\u0131lmas\u0131<\/h3>\n\n\n\n<p><strong>Chat to Strangers<\/strong> kullan\u0131c\u0131lar\u0131n ger\u00e7ekle\u015ftirdi\u011fi eylemlerden veya kullan\u0131c\u0131lar taraf\u0131ndan sa\u011flanan herhangi bir i\u00e7erikten dolay\u0131 hi\u00e7bir sorumluluk kabul etmemektedir.<\/p>\n\n\n\n<p>Web Sitemizin kullan\u0131m\u0131ndan kaynaklanan herhangi bir sorun i\u00e7in, davalar, cezalar, talepler, zararlar, y\u00fck\u00fcml\u00fcl\u00fckler, masraflar veya do\u011frudan, dolayl\u0131, tesad\u00fcfi veya cezai herhangi bir kay\u0131p dahil olmak \u00fczere t\u00fcm sorumlulu\u011fu reddediyoruz. Bunlar, ihmalden kaynaklanan zararlar, hizmet kesintileri, veri kayb\u0131, vir\u00fcsler nedeniyle olu\u015fan donan\u0131m hasar\u0131, gelir kayb\u0131, ka\u00e7\u0131r\u0131lan f\u0131rsatlar, s\u00f6zle\u015fme ihlalleri veya \u00fc\u00e7\u00fcnc\u00fc taraf talepleri dahil ancak bunlarla s\u0131n\u0131rl\u0131 de\u011fildir.<\/p>\n\n\n\n<h3 class=\"wp-block-heading\">11. De\u011fi\u015fiklikler<\/h3>\n\n\n\n<p>Hizmetlerimiz geli\u015ftik\u00e7e bu Hizmet \u015eartlar\u0131n\u0131 g\u00fcncelleyebiliriz. Bu \u015eartlar\u0131 d\u00fczenli olarak incelemeniz \u00f6nerilir. Herhangi bir de\u011fi\u015fiklik bu sayfada yay\u0131nland\u0131\u011f\u0131 anda y\u00fcr\u00fcrl\u00fc\u011fe girer.<\/p>\n\n\n\n<p>Kullan\u0131c\u0131lar\u0131 ara s\u0131ra g\u00fcncellemeler hakk\u0131nda bilgilendirebilsek de, de\u011fi\u015fiklikleri kontrol etmek sizin sorumlulu\u011funuzdad\u0131r. Bu \u015eartlar\u0131 kabul etmiyorsan\u0131z, Web Sitemizi kullanmay\u0131 b\u0131rakmal\u0131s\u0131n\u0131z.<\/p>","protected":false},"excerpt":{"rendered":"<p>By using our Service, you agree to the following: Understanding What We Are Chat to Strangers is a chat application that enables you to connect and communicate with other users via instant messaging. Some content shared on the platform may link to external websites not hosted by us. See Section 6: Other Linked Websites. 1. [&hellip;]<\/p>\n","protected":false},"author":1,"featured_media":0,"parent":0,"menu_order":0,"comment_status":"closed","ping_status":"closed","template":"","meta":{"footnotes":""},"class_list":["post-1703","page","type-page","status-publish","hentry"],"yoast_head":"<!-- This site is optimized with the Yoast SEO plugin v27.3 - https:\/\/yoast.com\/product\/yoast-seo-wordpress\/ -->\n<title>Terms - Chat to Strangers<\/title>\n<meta name=\"robots\" content=\"index, follow, max-snippet:-1, max-image-preview:large, max-video-preview:-1\" \/>\n<link rel=\"canonical\" href=\"https:\/\/chat-to-strangers.com\/tr\/terms\/\" \/>\n<meta property=\"og:locale\" content=\"tr_TR\" \/>\n<meta property=\"og:type\" content=\"article\" \/>\n<meta property=\"og:title\" content=\"Terms - Chat to Strangers\" \/>\n<meta property=\"og:description\" content=\"By using our Service, you agree to the following: Understanding What We Are Chat to Strangers is a chat application that enables you to connect and communicate with other users via instant messaging. Some content shared on the platform may link to external websites not hosted by us. See Section 6: Other Linked Websites. 1. [&hellip;]\" \/>\n<meta property=\"og:url\" content=\"https:\/\/chat-to-strangers.com\/tr\/terms\/\" \/>\n<meta property=\"og:site_name\" content=\"Chat to Strangers\" \/>\n<meta property=\"article:modified_time\" content=\"2025-06-26T14:02:50+00:00\" \/>\n<meta name=\"twitter:card\" content=\"summary_large_image\" \/>\n<meta name=\"twitter:label1\" content=\"Tahmini okuma s\u00fcresi\" \/>\n\t<meta name=\"twitter:data1\" content=\"4 dakika\" \/>\n<script type=\"application\/ld+json\" class=\"yoast-schema-graph\">{\"@context\":\"https:\\\/\\\/schema.org\",\"@graph\":[{\"@type\":\"WebPage\",\"@id\":\"https:\\\/\\\/chat-to-strangers.com\\\/terms\\\/\",\"url\":\"https:\\\/\\\/chat-to-strangers.com\\\/terms\\\/\",\"name\":\"Terms - Chat to Strangers\",\"isPartOf\":{\"@id\":\"https:\\\/\\\/chat-to-strangers.com\\\/#website\"},\"datePublished\":\"2025-06-26T14:02:47+00:00\",\"dateModified\":\"2025-06-26T14:02:50+00:00\",\"breadcrumb\":{\"@id\":\"https:\\\/\\\/chat-to-strangers.com\\\/terms\\\/#breadcrumb\"},\"inLanguage\":\"tr\",\"potentialAction\":[{\"@type\":\"ReadAction\",\"target\":[\"https:\\\/\\\/chat-to-strangers.com\\\/terms\\\/\"]}]},{\"@type\":\"BreadcrumbList\",\"@id\":\"https:\\\/\\\/chat-to-strangers.com\\\/terms\\\/#breadcrumb\",\"itemListElement\":[{\"@type\":\"ListItem\",\"position\":1,\"name\":\"Home\",\"item\":\"https:\\\/\\\/chat-to-strangers.com\\\/\"},{\"@type\":\"ListItem\",\"position\":2,\"name\":\"Terms\"}]},{\"@type\":\"WebSite\",\"@id\":\"https:\\\/\\\/chat-to-strangers.com\\\/#website\",\"url\":\"https:\\\/\\\/chat-to-strangers.com\\\/\",\"name\":\"Chat to Strangers\",\"description\":\"Connecting strangers from all over the world\",\"publisher\":{\"@id\":\"https:\\\/\\\/chat-to-strangers.com\\\/#organization\"},\"potentialAction\":[{\"@type\":\"SearchAction\",\"target\":{\"@type\":\"EntryPoint\",\"urlTemplate\":\"https:\\\/\\\/chat-to-strangers.com\\\/?s={search_term_string}\"},\"query-input\":{\"@type\":\"PropertyValueSpecification\",\"valueRequired\":true,\"valueName\":\"search_term_string\"}}],\"inLanguage\":\"tr\"},{\"@type\":\"Organization\",\"@id\":\"https:\\\/\\\/chat-to-strangers.com\\\/#organization\",\"name\":\"Chat to Strangers\",\"url\":\"https:\\\/\\\/chat-to-strangers.com\\\/\",\"logo\":{\"@type\":\"ImageObject\",\"inLanguage\":\"tr\",\"@id\":\"https:\\\/\\\/chat-to-strangers.com\\\/#\\\/schema\\\/logo\\\/image\\\/\",\"url\":\"https:\\\/\\\/chat-to-strangers.com\\\/wp-content\\\/uploads\\\/2025\\\/06\\\/cropped-chat-to-strangers-logo.png\",\"contentUrl\":\"https:\\\/\\\/chat-to-strangers.com\\\/wp-content\\\/uploads\\\/2025\\\/06\\\/cropped-chat-to-strangers-logo.png\",\"width\":1024,\"height\":298,\"caption\":\"Chat to Strangers\"},\"image\":{\"@id\":\"https:\\\/\\\/chat-to-strangers.com\\\/#\\\/schema\\\/logo\\\/image\\\/\"}}]}<\/script>\n<!-- \/ Yoast SEO plugin. -->","yoast_head_json":{"title":"\u015eartlar - Chat to Strangers","robots":{"index":"index","follow":"follow","max-snippet":"max-snippet:-1","max-image-preview":"max-image-preview:large","max-video-preview":"max-video-preview:-1"},"canonical":"https:\/\/chat-to-strangers.com\/tr\/terms\/","og_locale":"tr_TR","og_type":"article","og_title":"Terms - Chat to Strangers","og_description":"By using our Service, you agree to the following: Understanding What We Are Chat to Strangers is a chat application that enables you to connect and communicate with other users via instant messaging. Some content shared on the platform may link to external websites not hosted by us. See Section 6: Other Linked Websites. 1. [&hellip;]","og_url":"https:\/\/chat-to-strangers.com\/tr\/terms\/","og_site_name":"Chat to Strangers","article_modified_time":"2025-06-26T14:02:50+00:00","twitter_card":"summary_large_image","twitter_misc":{"Tahmini okuma s\u00fcresi":"4 dakika"},"schema":{"@context":"https:\/\/schema.org","@graph":[{"@type":"WebPage","@id":"https:\/\/chat-to-strangers.com\/terms\/","url":"https:\/\/chat-to-strangers.com\/terms\/","name":"\u015eartlar - Chat to Strangers","isPartOf":{"@id":"https:\/\/chat-to-strangers.com\/#website"},"datePublished":"2025-06-26T14:02:47+00:00","dateModified":"2025-06-26T14:02:50+00:00","breadcrumb":{"@id":"https:\/\/chat-to-strangers.com\/terms\/#breadcrumb"},"inLanguage":"tr","potentialAction":[{"@type":"ReadAction","target":["https:\/\/chat-to-strangers.com\/terms\/"]}]},{"@type":"BreadcrumbList","@id":"https:\/\/chat-to-strangers.com\/terms\/#breadcrumb","itemListElement":[{"@type":"ListItem","position":1,"name":"Home","item":"https:\/\/chat-to-strangers.com\/"},{"@type":"ListItem","position":2,"name":"Terms"}]},{"@type":"WebSite","@id":"https:\/\/chat-to-strangers.com\/#website","url":"https:\/\/chat-to-strangers.com\/","name":"Chat to Strangers","description":"D\u00fcnyan\u0131n her yerinden yabanc\u0131lar\u0131 birbirine ba\u011flamak","publisher":{"@id":"https:\/\/chat-to-strangers.com\/#organization"},"potentialAction":[{"@type":"SearchAction","target":{"@type":"EntryPoint","urlTemplate":"https:\/\/chat-to-strangers.com\/?s={search_term_string}"},"query-input":{"@type":"PropertyValueSpecification","valueRequired":true,"valueName":"search_term_string"}}],"inLanguage":"tr"},{"@type":"Organization","@id":"https:\/\/chat-to-strangers.com\/#organization","name":"Chat to Strangers","url":"https:\/\/chat-to-strangers.com\/","logo":{"@type":"ImageObject","inLanguage":"tr","@id":"https:\/\/chat-to-strangers.com\/#\/schema\/logo\/image\/","url":"https:\/\/chat-to-strangers.com\/wp-content\/uploads\/2025\/06\/cropped-chat-to-strangers-logo.png","contentUrl":"https:\/\/chat-to-strangers.com\/wp-content\/uploads\/2025\/06\/cropped-chat-to-strangers-logo.png","width":1024,"height":298,"caption":"Chat to Strangers"},"image":{"@id":"https:\/\/chat-to-strangers.com\/#\/schema\/logo\/image\/"}}]}},"_links":{"self":[{"href":"https:\/\/chat-to-strangers.com\/tr\/wp-json\/wp\/v2\/pages\/1703","targetHints":{"allow":["GET"]}}],"collection":[{"href":"https:\/\/chat-to-strangers.com\/tr\/wp-json\/wp\/v2\/pages"}],"about":[{"href":"https:\/\/chat-to-strangers.com\/tr\/wp-json\/wp\/v2\/types\/page"}],"author":[{"embeddable":true,"href":"https:\/\/chat-to-strangers.com\/tr\/wp-json\/wp\/v2\/users\/1"}],"replies":[{"embeddable":true,"href":"https:\/\/chat-to-strangers.com\/tr\/wp-json\/wp\/v2\/comments?post=1703"}],"version-history":[{"count":1,"href":"https:\/\/chat-to-strangers.com\/tr\/wp-json\/wp\/v2\/pages\/1703\/revisions"}],"predecessor-version":[{"id":1704,"href":"https:\/\/chat-to-strangers.com\/tr\/wp-json\/wp\/v2\/pages\/1703\/revisions\/1704"}],"wp:attachment":[{"href":"https:\/\/chat-to-strangers.com\/tr\/wp-json\/wp\/v2\/media?parent=1703"}],"curies":[{"name":"wp","href":"https:\/\/api.w.org\/{rel}","templated":true}]}}